{"id":29321,"date":"2024-12-12T14:21:14","date_gmt":"2024-12-12T13:21:14","guid":{"rendered":"https:\/\/minakem.com\/?page_id=29321"},"modified":"2025-12-23T16:29:07","modified_gmt":"2025-12-23T15:29:07","slug":"merci","status":"publish","type":"page","link":"https:\/\/minakem.com\/fr\/merci\/","title":{"rendered":"Merci"},"content":{"rendered":"<section class=\"l-section wpb_row height_large width_custom\" style=\"--site-content-width:700px;\"><div class=\"l-section-h i-cf\"><div class=\"g-cols vc_row via_flex valign_top type_default stacking_default\"><div class=\"vc_col-sm-12 wpb_column vc_column_container\"><div class=\"vc_column-inner\"><div class=\"wpb_wrapper\"><div class=\"w-iconbox us_custom_46845caf letter us_animate_this iconpos_top style_default color_primary align_center no_text no_title\"><div class=\"w-iconbox-icon\" style=\"font-size:7rem;\"><i class=\"fas fa-envelope\"><\/i><\/div><div class=\"w-iconbox-meta\"><\/div><\/div>[vc_custom_heading text=\u00a0\u00bbMerci de votre int\u00e9r\u00eat !\u00a0\u00bb font_container=\u00a0\u00bbtag:h3|text_align:center\u00a0\u00bb use_theme_fonts=\u00a0\u00bbyes\u00a0\u00bb]<div class=\"wpb_text_column us_custom_eb849559\"><div class=\"wpb_wrapper\"><p data-start=\"0\" data-end=\"122\"><strong>Nous avons bien re\u00e7u votre demande. Un membre de notre \u00e9quipe vous contactera dans les plus brefs d\u00e9lais.<\/strong><\/p>\n<\/div><\/div><\/div><\/div><\/div><\/div><\/div><\/section>\n","protected":false},"excerpt":{"rendered":"[vc_custom_heading text=\"Merci de votre int\u00e9r\u00eat !\" font_container=\"tag:h3|text_align:center\" use_theme_fonts=\"yes\"]Nous avons bien re\u00e7u votre demande. Un membre de notre \u00e9quipe vous contactera dans les plus brefs d\u00e9lais.","protected":false},"author":1,"featured_media":0,"parent":0,"menu_order":0,"comment_status":"closed","ping_status":"closed","template":"","meta":{"_acf_changed":false,"footnotes":""},"class_list":["post-29321","page","type-page","status-publish","hentry"],"acf":[],"yoast_head":"<!-- This site is optimized with the Yoast SEO Premium plugin v27.4 (Yoast SEO v27.5) - https:\/\/yoast.com\/product\/yoast-seo-premium-wordpress\/ -->\n<title>Merci | Minakem<\/title>\n<meta name=\"robots\" content=\"index, follow, max-snippet:-1, max-image-preview:large, max-video-preview:-1\" \/>\n<link rel=\"canonical\" href=\"https:\/\/minakem.com\/fr\/merci\/\" \/>\n<meta property=\"og:locale\" content=\"fr_FR\" \/>\n<meta property=\"og:type\" content=\"article\" \/>\n<meta property=\"og:title\" content=\"Merci\" \/>\n<meta property=\"og:url\" content=\"https:\/\/minakem.com\/fr\/merci\/\" \/>\n<meta property=\"og:site_name\" content=\"Minakem\" \/>\n<meta property=\"article:publisher\" content=\"https:\/\/www.linkedin.com\/company\/minakem\/\" \/>\n<meta property=\"article:modified_time\" content=\"2025-12-23T15:29:07+00:00\" \/>\n<meta name=\"twitter:card\" content=\"summary_large_image\" \/>\n<meta name=\"twitter:label1\" content=\"Dur\u00e9e de lecture estim\u00e9e\" \/>\n\t<meta name=\"twitter:data1\" content=\"1 minute\" \/>\n<script type=\"application\/ld+json\" class=\"yoast-schema-graph\">{\"@context\":\"https:\\\/\\\/schema.org\",\"@graph\":[{\"@type\":\"WebPage\",\"@id\":\"https:\\\/\\\/minakem.com\\\/fr\\\/merci\\\/\",\"url\":\"https:\\\/\\\/minakem.com\\\/fr\\\/merci\\\/\",\"name\":\"Merci | Minakem\",\"isPartOf\":{\"@id\":\"https:\\\/\\\/minakem.com\\\/fr\\\/#website\"},\"datePublished\":\"2024-12-12T13:21:14+00:00\",\"dateModified\":\"2025-12-23T15:29:07+00:00\",\"breadcrumb\":{\"@id\":\"https:\\\/\\\/minakem.com\\\/fr\\\/merci\\\/#breadcrumb\"},\"inLanguage\":\"fr-FR\",\"potentialAction\":[{\"@type\":\"ReadAction\",\"target\":[\"https:\\\/\\\/minakem.com\\\/fr\\\/merci\\\/\"]}]},{\"@type\":\"BreadcrumbList\",\"@id\":\"https:\\\/\\\/minakem.com\\\/fr\\\/merci\\\/#breadcrumb\",\"itemListElement\":[{\"@type\":\"ListItem\",\"position\":1,\"name\":\"Home\",\"item\":\"https:\\\/\\\/minakem.com\\\/fr\\\/\"},{\"@type\":\"ListItem\",\"position\":2,\"name\":\"Merci\"}]},{\"@type\":\"WebSite\",\"@id\":\"https:\\\/\\\/minakem.com\\\/fr\\\/#website\",\"url\":\"https:\\\/\\\/minakem.com\\\/fr\\\/\",\"name\":\"Minakem\",\"description\":\"\",\"publisher\":{\"@id\":\"https:\\\/\\\/minakem.com\\\/fr\\\/#organization\"},\"potentialAction\":[{\"@type\":\"SearchAction\",\"target\":{\"@type\":\"EntryPoint\",\"urlTemplate\":\"https:\\\/\\\/minakem.com\\\/fr\\\/?s={search_term_string}\"},\"query-input\":{\"@type\":\"PropertyValueSpecification\",\"valueRequired\":true,\"valueName\":\"search_term_string\"}}],\"inLanguage\":\"fr-FR\"},{\"@type\":\"Organization\",\"@id\":\"https:\\\/\\\/minakem.com\\\/fr\\\/#organization\",\"name\":\"Minakem\",\"url\":\"https:\\\/\\\/minakem.com\\\/fr\\\/\",\"logo\":{\"@type\":\"ImageObject\",\"inLanguage\":\"fr-FR\",\"@id\":\"https:\\\/\\\/minakem.com\\\/fr\\\/#\\\/schema\\\/logo\\\/image\\\/\",\"url\":\"https:\\\/\\\/minakem.com\\\/wp-content\\\/uploads\\\/2024\\\/12\\\/favicon.svg\",\"contentUrl\":\"https:\\\/\\\/minakem.com\\\/wp-content\\\/uploads\\\/2024\\\/12\\\/favicon.svg\",\"width\":\"1024\",\"height\":\"1024\",\"caption\":\"Minakem\"},\"image\":{\"@id\":\"https:\\\/\\\/minakem.com\\\/fr\\\/#\\\/schema\\\/logo\\\/image\\\/\"},\"sameAs\":[\"https:\\\/\\\/www.linkedin.com\\\/company\\\/minakem\\\/\"]}]}<\/script>\n<!-- \/ Yoast SEO Premium plugin. -->","yoast_head_json":{"title":"Merci | Minakem","robots":{"index":"index","follow":"follow","max-snippet":"max-snippet:-1","max-image-preview":"max-image-preview:large","max-video-preview":"max-video-preview:-1"},"canonical":"https:\/\/minakem.com\/fr\/merci\/","og_locale":"fr_FR","og_type":"article","og_title":"Merci","og_url":"https:\/\/minakem.com\/fr\/merci\/","og_site_name":"Minakem","article_publisher":"https:\/\/www.linkedin.com\/company\/minakem\/","article_modified_time":"2025-12-23T15:29:07+00:00","twitter_card":"summary_large_image","twitter_misc":{"Dur\u00e9e de lecture estim\u00e9e":"1 minute"},"schema":{"@context":"https:\/\/schema.org","@graph":[{"@type":"WebPage","@id":"https:\/\/minakem.com\/fr\/merci\/","url":"https:\/\/minakem.com\/fr\/merci\/","name":"Merci | Minakem","isPartOf":{"@id":"https:\/\/minakem.com\/fr\/#website"},"datePublished":"2024-12-12T13:21:14+00:00","dateModified":"2025-12-23T15:29:07+00:00","breadcrumb":{"@id":"https:\/\/minakem.com\/fr\/merci\/#breadcrumb"},"inLanguage":"fr-FR","potentialAction":[{"@type":"ReadAction","target":["https:\/\/minakem.com\/fr\/merci\/"]}]},{"@type":"BreadcrumbList","@id":"https:\/\/minakem.com\/fr\/merci\/#breadcrumb","itemListElement":[{"@type":"ListItem","position":1,"name":"Home","item":"https:\/\/minakem.com\/fr\/"},{"@type":"ListItem","position":2,"name":"Merci"}]},{"@type":"WebSite","@id":"https:\/\/minakem.com\/fr\/#website","url":"https:\/\/minakem.com\/fr\/","name":"Minakem","description":"","publisher":{"@id":"https:\/\/minakem.com\/fr\/#organization"},"potentialAction":[{"@type":"SearchAction","target":{"@type":"EntryPoint","urlTemplate":"https:\/\/minakem.com\/fr\/?s={search_term_string}"},"query-input":{"@type":"PropertyValueSpecification","valueRequired":true,"valueName":"search_term_string"}}],"inLanguage":"fr-FR"},{"@type":"Organization","@id":"https:\/\/minakem.com\/fr\/#organization","name":"Minakem","url":"https:\/\/minakem.com\/fr\/","logo":{"@type":"ImageObject","inLanguage":"fr-FR","@id":"https:\/\/minakem.com\/fr\/#\/schema\/logo\/image\/","url":"https:\/\/minakem.com\/wp-content\/uploads\/2024\/12\/favicon.svg","contentUrl":"https:\/\/minakem.com\/wp-content\/uploads\/2024\/12\/favicon.svg","width":"1024","height":"1024","caption":"Minakem"},"image":{"@id":"https:\/\/minakem.com\/fr\/#\/schema\/logo\/image\/"},"sameAs":["https:\/\/www.linkedin.com\/company\/minakem\/"]}]}},"_links":{"self":[{"href":"https:\/\/minakem.com\/fr\/wp-json\/wp\/v2\/pages\/29321","targetHints":{"allow":["GET"]}}],"collection":[{"href":"https:\/\/minakem.com\/fr\/wp-json\/wp\/v2\/pages"}],"about":[{"href":"https:\/\/minakem.com\/fr\/wp-json\/wp\/v2\/types\/page"}],"author":[{"embeddable":true,"href":"https:\/\/minakem.com\/fr\/wp-json\/wp\/v2\/users\/1"}],"replies":[{"embeddable":true,"href":"https:\/\/minakem.com\/fr\/wp-json\/wp\/v2\/comments?post=29321"}],"version-history":[{"count":2,"href":"https:\/\/minakem.com\/fr\/wp-json\/wp\/v2\/pages\/29321\/revisions"}],"predecessor-version":[{"id":29328,"href":"https:\/\/minakem.com\/fr\/wp-json\/wp\/v2\/pages\/29321\/revisions\/29328"}],"wp:attachment":[{"href":"https:\/\/minakem.com\/fr\/wp-json\/wp\/v2\/media?parent=29321"}],"curies":[{"name":"wp","href":"https:\/\/api.w.org\/{rel}","templated":true}]}}