{"id":29316,"date":"2025-03-14T17:02:27","date_gmt":"2025-03-14T16:02:27","guid":{"rendered":"https:\/\/minakem.com\/?page_id=29316"},"modified":"2025-12-23T16:19:03","modified_gmt":"2025-12-23T15:19:03","slug":"error","status":"publish","type":"page","link":"https:\/\/minakem.com\/fr\/error\/","title":{"rendered":"Error"},"content":{"rendered":"<section class=\"l-section wpb_row height_large\"><div class=\"l-section-h i-cf\"><div class=\"g-cols vc_row via_flex valign_top type_default stacking_default\"><div class=\"vc_col-sm-12 wpb_column vc_column_container\"><div class=\"vc_column-inner\"><div class=\"wpb_wrapper\"><div class=\"w-separator size_huge\"><\/div><div class=\"wpb_text_column\"><div class=\"wpb_wrapper\"><h1 style=\"text-align: center;\">Page introuvable<\/h1>\n<p style=\"text-align: center;\">Le lien que vous avez suivi est peut-\u00eatre rompu, ou la page a peut-\u00eatre \u00e9t\u00e9 supprim\u00e9e.<\/p>\n<\/div><\/div><div class=\"w-separator size_medium\"><\/div><div class=\"w-btn-wrapper align_center\"><a class=\"w-btn us-btn-style_5 e1 icon_atleft\" href=\"\/fr\/\"><i class=\"fas fa-long-arrow-right\"><\/i><span class=\"w-btn-label\">Retour \u00e0 la page d&rsquo;accueil<\/span><\/a><\/div><div class=\"w-separator size_huge\"><\/div><\/div><\/div><\/div><\/div><\/div><\/section>\n","protected":false},"excerpt":{"rendered":"Page introuvable Le lien que vous avez suivi est peut-\u00eatre rompu, ou la page a peut-\u00eatre \u00e9t\u00e9 supprim\u00e9e. Retour \u00e0 la page d&rsquo;accueil","protected":false},"author":1,"featured_media":0,"parent":0,"menu_order":0,"comment_status":"closed","ping_status":"closed","template":"","meta":{"_acf_changed":false,"footnotes":""},"class_list":["post-29316","page","type-page","status-publish","hentry"],"acf":[],"yoast_head":"<!-- This site is optimized with the Yoast SEO Premium plugin v27.4 (Yoast SEO v27.5) - https:\/\/yoast.com\/product\/yoast-seo-premium-wordpress\/ -->\n<title>Error | Minakem<\/title>\n<meta name=\"robots\" content=\"index, follow, max-snippet:-1, max-image-preview:large, max-video-preview:-1\" \/>\n<link rel=\"canonical\" href=\"https:\/\/minakem.com\/fr\/error\/\" \/>\n<meta property=\"og:locale\" content=\"fr_FR\" \/>\n<meta property=\"og:type\" content=\"article\" \/>\n<meta property=\"og:title\" content=\"Error\" \/>\n<meta property=\"og:url\" content=\"https:\/\/minakem.com\/fr\/error\/\" \/>\n<meta property=\"og:site_name\" content=\"Minakem\" \/>\n<meta property=\"article:publisher\" content=\"https:\/\/www.linkedin.com\/company\/minakem\/\" \/>\n<meta property=\"article:modified_time\" content=\"2025-12-23T15:19:03+00:00\" \/>\n<meta name=\"twitter:card\" content=\"summary_large_image\" \/>\n<meta name=\"twitter:label1\" content=\"Dur\u00e9e de lecture estim\u00e9e\" \/>\n\t<meta name=\"twitter:data1\" content=\"1 minute\" \/>\n<script type=\"application\/ld+json\" class=\"yoast-schema-graph\">{\"@context\":\"https:\\\/\\\/schema.org\",\"@graph\":[{\"@type\":\"WebPage\",\"@id\":\"https:\\\/\\\/minakem.com\\\/fr\\\/error\\\/\",\"url\":\"https:\\\/\\\/minakem.com\\\/fr\\\/error\\\/\",\"name\":\"Error | Minakem\",\"isPartOf\":{\"@id\":\"https:\\\/\\\/minakem.com\\\/fr\\\/#website\"},\"datePublished\":\"2025-03-14T16:02:27+00:00\",\"dateModified\":\"2025-12-23T15:19:03+00:00\",\"breadcrumb\":{\"@id\":\"https:\\\/\\\/minakem.com\\\/fr\\\/error\\\/#breadcrumb\"},\"inLanguage\":\"fr-FR\",\"potentialAction\":[{\"@type\":\"ReadAction\",\"target\":[\"https:\\\/\\\/minakem.com\\\/fr\\\/error\\\/\"]}]},{\"@type\":\"BreadcrumbList\",\"@id\":\"https:\\\/\\\/minakem.com\\\/fr\\\/error\\\/#breadcrumb\",\"itemListElement\":[{\"@type\":\"ListItem\",\"position\":1,\"name\":\"Home\",\"item\":\"https:\\\/\\\/minakem.com\\\/fr\\\/\"},{\"@type\":\"ListItem\",\"position\":2,\"name\":\"Error\"}]},{\"@type\":\"WebSite\",\"@id\":\"https:\\\/\\\/minakem.com\\\/fr\\\/#website\",\"url\":\"https:\\\/\\\/minakem.com\\\/fr\\\/\",\"name\":\"Minakem\",\"description\":\"\",\"publisher\":{\"@id\":\"https:\\\/\\\/minakem.com\\\/fr\\\/#organization\"},\"potentialAction\":[{\"@type\":\"SearchAction\",\"target\":{\"@type\":\"EntryPoint\",\"urlTemplate\":\"https:\\\/\\\/minakem.com\\\/fr\\\/?s={search_term_string}\"},\"query-input\":{\"@type\":\"PropertyValueSpecification\",\"valueRequired\":true,\"valueName\":\"search_term_string\"}}],\"inLanguage\":\"fr-FR\"},{\"@type\":\"Organization\",\"@id\":\"https:\\\/\\\/minakem.com\\\/fr\\\/#organization\",\"name\":\"Minakem\",\"url\":\"https:\\\/\\\/minakem.com\\\/fr\\\/\",\"logo\":{\"@type\":\"ImageObject\",\"inLanguage\":\"fr-FR\",\"@id\":\"https:\\\/\\\/minakem.com\\\/fr\\\/#\\\/schema\\\/logo\\\/image\\\/\",\"url\":\"https:\\\/\\\/minakem.com\\\/wp-content\\\/uploads\\\/2024\\\/12\\\/favicon.svg\",\"contentUrl\":\"https:\\\/\\\/minakem.com\\\/wp-content\\\/uploads\\\/2024\\\/12\\\/favicon.svg\",\"width\":\"1024\",\"height\":\"1024\",\"caption\":\"Minakem\"},\"image\":{\"@id\":\"https:\\\/\\\/minakem.com\\\/fr\\\/#\\\/schema\\\/logo\\\/image\\\/\"},\"sameAs\":[\"https:\\\/\\\/www.linkedin.com\\\/company\\\/minakem\\\/\"]}]}<\/script>\n<!-- \/ Yoast SEO Premium plugin. -->","yoast_head_json":{"title":"Error | Minakem","robots":{"index":"index","follow":"follow","max-snippet":"max-snippet:-1","max-image-preview":"max-image-preview:large","max-video-preview":"max-video-preview:-1"},"canonical":"https:\/\/minakem.com\/fr\/error\/","og_locale":"fr_FR","og_type":"article","og_title":"Error","og_url":"https:\/\/minakem.com\/fr\/error\/","og_site_name":"Minakem","article_publisher":"https:\/\/www.linkedin.com\/company\/minakem\/","article_modified_time":"2025-12-23T15:19:03+00:00","twitter_card":"summary_large_image","twitter_misc":{"Dur\u00e9e de lecture estim\u00e9e":"1 minute"},"schema":{"@context":"https:\/\/schema.org","@graph":[{"@type":"WebPage","@id":"https:\/\/minakem.com\/fr\/error\/","url":"https:\/\/minakem.com\/fr\/error\/","name":"Error | Minakem","isPartOf":{"@id":"https:\/\/minakem.com\/fr\/#website"},"datePublished":"2025-03-14T16:02:27+00:00","dateModified":"2025-12-23T15:19:03+00:00","breadcrumb":{"@id":"https:\/\/minakem.com\/fr\/error\/#breadcrumb"},"inLanguage":"fr-FR","potentialAction":[{"@type":"ReadAction","target":["https:\/\/minakem.com\/fr\/error\/"]}]},{"@type":"BreadcrumbList","@id":"https:\/\/minakem.com\/fr\/error\/#breadcrumb","itemListElement":[{"@type":"ListItem","position":1,"name":"Home","item":"https:\/\/minakem.com\/fr\/"},{"@type":"ListItem","position":2,"name":"Error"}]},{"@type":"WebSite","@id":"https:\/\/minakem.com\/fr\/#website","url":"https:\/\/minakem.com\/fr\/","name":"Minakem","description":"","publisher":{"@id":"https:\/\/minakem.com\/fr\/#organization"},"potentialAction":[{"@type":"SearchAction","target":{"@type":"EntryPoint","urlTemplate":"https:\/\/minakem.com\/fr\/?s={search_term_string}"},"query-input":{"@type":"PropertyValueSpecification","valueRequired":true,"valueName":"search_term_string"}}],"inLanguage":"fr-FR"},{"@type":"Organization","@id":"https:\/\/minakem.com\/fr\/#organization","name":"Minakem","url":"https:\/\/minakem.com\/fr\/","logo":{"@type":"ImageObject","inLanguage":"fr-FR","@id":"https:\/\/minakem.com\/fr\/#\/schema\/logo\/image\/","url":"https:\/\/minakem.com\/wp-content\/uploads\/2024\/12\/favicon.svg","contentUrl":"https:\/\/minakem.com\/wp-content\/uploads\/2024\/12\/favicon.svg","width":"1024","height":"1024","caption":"Minakem"},"image":{"@id":"https:\/\/minakem.com\/fr\/#\/schema\/logo\/image\/"},"sameAs":["https:\/\/www.linkedin.com\/company\/minakem\/"]}]}},"_links":{"self":[{"href":"https:\/\/minakem.com\/fr\/wp-json\/wp\/v2\/pages\/29316","targetHints":{"allow":["GET"]}}],"collection":[{"href":"https:\/\/minakem.com\/fr\/wp-json\/wp\/v2\/pages"}],"about":[{"href":"https:\/\/minakem.com\/fr\/wp-json\/wp\/v2\/types\/page"}],"author":[{"embeddable":true,"href":"https:\/\/minakem.com\/fr\/wp-json\/wp\/v2\/users\/1"}],"replies":[{"embeddable":true,"href":"https:\/\/minakem.com\/fr\/wp-json\/wp\/v2\/comments?post=29316"}],"version-history":[{"count":1,"href":"https:\/\/minakem.com\/fr\/wp-json\/wp\/v2\/pages\/29316\/revisions"}],"predecessor-version":[{"id":29317,"href":"https:\/\/minakem.com\/fr\/wp-json\/wp\/v2\/pages\/29316\/revisions\/29317"}],"wp:attachment":[{"href":"https:\/\/minakem.com\/fr\/wp-json\/wp\/v2\/media?parent=29316"}],"curies":[{"name":"wp","href":"https:\/\/api.w.org\/{rel}","templated":true}]}}