{"id":29297,"date":"2025-02-25T16:20:41","date_gmt":"2025-02-25T15:20:41","guid":{"rendered":"https:\/\/minakem.com\/?page_id=29297"},"modified":"2025-12-23T12:36:43","modified_gmt":"2025-12-23T11:36:43","slug":"nous-contacter","status":"publish","type":"page","link":"https:\/\/minakem.com\/fr\/nous-contacter\/","title":{"rendered":"Nous contacter"},"content":{"rendered":"<section class=\"l-section wpb_row height_medium\"><div class=\"l-section-h i-cf\"><div class=\"g-cols vc_row via_flex valign_top type_default stacking_default\"><div class=\"vc_col-sm-12 wpb_column vc_column_container\"><div class=\"vc_column-inner\"><div class=\"wpb_wrapper\"><div class=\"w-image us_custom_52f04f23 has_ratio align_none has_bg_color\"><div class=\"w-image-h\"><div style=\"padding-bottom:23.8095%\"><\/div><img decoding=\"async\" width=\"1024\" height=\"574\" src=\"https:\/\/minakem.com\/wp-content\/uploads\/2025\/02\/Planisphere-1024x574.png\" class=\"attachment-large size-large\" alt=\"\" loading=\"lazy\" \/><\/div><\/div><div class=\"w-separator size_medium\"><\/div><div class=\"g-cols wpb_row contact via_flex valign_top type_default reversed stacking_default\"><div class=\"vc_col-sm-6 wpb_column vc_column_container\"><div class=\"vc_column-inner\"><div class=\"wpb_wrapper\"><div class=\"wpb_text_column\"><div class=\"wpb_wrapper\"><h1>Nous contacter<\/h1>\n<\/div><\/div><div class=\"w-separator size_medium\"><\/div><div class=\"w-vwrapper align_none valign_top\" style=\"--vwrapper-gap:1rem\"><div class=\"w-iconbox us_custom_4fabe5c5 has_text_color iconpos_left style_default color_primary align_none icontype_img\"><div class=\"w-iconbox-icon\" style=\"font-size:2rem;\"><img loading=\"lazy\" decoding=\"async\" width=\"300\" height=\"200\" src=\"https:\/\/minakem.com\/wp-content\/uploads\/2024\/12\/flag_fr.png\" class=\"attachment-full size-full\" alt=\"\" srcset=\"https:\/\/minakem.com\/wp-content\/uploads\/2024\/12\/flag_fr.png 300w, https:\/\/minakem.com\/wp-content\/uploads\/2024\/12\/flag_fr-200x133.png 200w, https:\/\/minakem.com\/wp-content\/uploads\/2024\/12\/flag_fr-100x67.png 100w\" sizes=\"auto, (max-width: 300px) 100vw, 300px\" \/><\/div><div class=\"w-iconbox-meta\"><div class=\"w-iconbox-title\"><b>France | Beuvry-la-for\u00eat<\/b><\/div><div class=\"w-iconbox-text\"><p>D\u00e9veloppement et production commerciale d\u2019IPA \u00e0 base de petites mol\u00e9cules<\/p>\n<p><strong>Adresse<\/strong><br \/>\n145 Chemin des Lilas, 59310 Beuvry-la-For\u00eat<\/p>\n<p><span aria-label=\"Appeler le 03 20 64 68 30\"><strong>Num\u00e9ro de t\u00e9l\u00e9phone<\/strong><br \/>\n<a href=\"tel:+33320646830\">+33 3 20 64 68 30<\/a><\/span><\/p>\n<\/div><\/div><\/div><div class=\"w-iconbox us_custom_2a82693f iconpos_left style_default color_primary align_none icontype_img\"><div class=\"w-iconbox-icon\" style=\"font-size:2rem;\"><img loading=\"lazy\" decoding=\"async\" width=\"300\" height=\"150\" src=\"https:\/\/minakem.com\/wp-content\/uploads\/2024\/12\/flag_ca.png\" class=\"attachment-full size-full\" alt=\"\" srcset=\"https:\/\/minakem.com\/wp-content\/uploads\/2024\/12\/flag_ca.png 300w, https:\/\/minakem.com\/wp-content\/uploads\/2024\/12\/flag_ca-200x100.png 200w, https:\/\/minakem.com\/wp-content\/uploads\/2024\/12\/flag_ca-100x50.png 100w\" sizes=\"auto, (max-width: 300px) 100vw, 300px\" \/><\/div><div class=\"w-iconbox-meta\"><div class=\"w-iconbox-title\"><b>Canada | Montreal<\/b><\/div><div class=\"w-iconbox-text\"><p>D\u00e9veloppement et production commerciale d\u2019IPA et de st\u00e9ro\u00efdes \u00e0 petites mol\u00e9cules<\/p>\n<p><strong>Adresse<br \/>\n<\/strong><span data-teams=\"true\">9321 Rue Airlie, LaSalle, QC H8R 2B2 Montreal<\/span><\/p>\n<p><strong>Num\u00e9ro de t\u00e9l\u00e9phone<br \/>\n<\/strong><a href=\"tel:+15143667950\">+1 514-366-7950<\/a><strong><br \/>\n<\/strong><\/p>\n<\/div><\/div><\/div><div class=\"w-iconbox us_custom_2a82693f iconpos_left style_default color_primary align_none icontype_img\"><div class=\"w-iconbox-icon\" style=\"font-size:2rem;\"><img loading=\"lazy\" decoding=\"async\" width=\"300\" height=\"200\" src=\"https:\/\/minakem.com\/wp-content\/uploads\/2024\/12\/flag_fr.png\" class=\"attachment-full size-full\" alt=\"\" srcset=\"https:\/\/minakem.com\/wp-content\/uploads\/2024\/12\/flag_fr.png 300w, https:\/\/minakem.com\/wp-content\/uploads\/2024\/12\/flag_fr-200x133.png 200w, https:\/\/minakem.com\/wp-content\/uploads\/2024\/12\/flag_fr-100x67.png 100w\" sizes=\"auto, (max-width: 300px) 100vw, 300px\" \/><\/div><div class=\"w-iconbox-meta\"><div class=\"w-iconbox-title\"><b>France | Dunkerque<\/b><\/div><div class=\"w-iconbox-text\"><p>Minakem Production commerciale d\u2019API \u00e0 petites mol\u00e9cules<\/p>\n<p><strong>Adresse<\/strong><br \/>\n<span data-teams=\"true\">224, avenue de la Dordogne, BP 41 59944 Dunkerque Cedex 2, 59640 Dunkerque<br \/>\n<\/span><\/p>\n<p><strong>Num\u00e9ro de t\u00e9l\u00e9phone<br \/>\n<\/strong><a href=\"tel:+33328255800\">+33 3 28 25 58 00<\/a><strong><br \/>\n<\/strong><\/p>\n<\/div><\/div><\/div><div class=\"w-iconbox us_custom_2a82693f iconpos_left style_default color_primary align_none icontype_img\"><div class=\"w-iconbox-icon\" style=\"font-size:2rem;\"><img loading=\"lazy\" decoding=\"async\" width=\"300\" height=\"200\" src=\"https:\/\/minakem.com\/wp-content\/uploads\/2024\/12\/flag_belge.png\" class=\"attachment-full size-full\" alt=\"\" srcset=\"https:\/\/minakem.com\/wp-content\/uploads\/2024\/12\/flag_belge.png 300w, https:\/\/minakem.com\/wp-content\/uploads\/2024\/12\/flag_belge-200x133.png 200w, https:\/\/minakem.com\/wp-content\/uploads\/2024\/12\/flag_belge-100x67.png 100w, https:\/\/minakem.com\/wp-content\/uploads\/2024\/12\/flag_belge-150x100.png 150w\" sizes=\"auto, (max-width: 300px) 100vw, 300px\" \/><\/div><div class=\"w-iconbox-meta\"><div class=\"w-iconbox-title\"><b>Belgium | Louvain-La-Neuve<\/b><\/div><div class=\"w-iconbox-text\"><p>D\u00e9veloppement et production commerciale d\u2019IPA hautement puissants \u00e0 base de petites mol\u00e9cules (HPAPI)<\/p>\n<p><strong>Adresse<\/strong><br \/>\n8 Rue Fond Jean P\u00e2ques, 1435 Mont-Saint-Guibert<\/p>\n<p><strong>Num\u00e9ro de t\u00e9l\u00e9phone<\/strong><br \/>\n<a href=\"tel:+3210238180\">+32 10 23 81 80<\/a><\/p>\n<\/div><\/div><\/div><\/div><\/div><\/div><\/div><div class=\"vc_col-sm-6 wpb_column vc_column_container\"><div class=\"vc_column-inner type_sticky\"><div class=\"wpb_wrapper\"><div class=\"w-vwrapper us_custom_2faee936 align_none valign_top\"><style id=\"wpforms-css-vars-1423\">\n\t\t\t\t#wpforms-1423 {\n\t\t\t\t--wpforms-field-size-input-height: 43px;\n--wpforms-field-size-input-spacing: 15px;\n--wpforms-field-size-font-size: 16px;\n--wpforms-field-size-line-height: 19px;\n--wpforms-field-size-padding-h: 14px;\n--wpforms-field-size-checkbox-size: 16px;\n--wpforms-field-size-sublabel-spacing: 5px;\n--wpforms-field-size-icon-size: 1;\n--wpforms-label-size-font-size: 16px;\n--wpforms-label-size-line-height: 19px;\n--wpforms-label-size-sublabel-font-size: 14px;\n--wpforms-label-size-sublabel-line-height: 17px;\n--wpforms-button-size-font-size: 17px;\n--wpforms-button-size-height: 41px;\n--wpforms-button-size-padding-h: 15px;\n--wpforms-button-size-margin-top: 10px;\n--wpforms-container-shadow-size-box-shadow: none;\n\t\t\t}\n\t\t\t<\/style><div class=\"wpforms-container wpforms-container-full wpforms-render-modern\" id=\"wpforms-1423\"><form id=\"wpforms-form-1423\" class=\"wpforms-validate wpforms-form wpforms-ajax-form\" data-formid=\"1423\" method=\"post\" enctype=\"multipart\/form-data\" action=\"\/fr\/wp-json\/wp\/v2\/pages\/29297\" data-token=\"004815d9178f30918f7bfdccbdcb6c3d\" data-token-time=\"1775651278\"><noscript class=\"wpforms-error-noscript\">Veuillez activer JavaScript dans votre navigateur pour remplir ce formulaire.<\/noscript><div id=\"wpforms-error-noscript\" style=\"display: none;\">Veuillez activer JavaScript dans votre navigateur pour remplir ce formulaire.<\/div><div class=\"wpforms-field-container\"><div id=\"wpforms-1423-field_10-container\" class=\"wpforms-field wpforms-field-select wpforms-field-select-style-classic\" data-field-id=\"10\"><label class=\"wpforms-field-label wpforms-label-hide\" for=\"wpforms-1423-field_10\" aria-hidden=\"false\">Ce que vous voulez <span class=\"wpforms-required-label\" aria-hidden=\"true\">*<\/span><\/label><select id=\"wpforms-1423-field_10\" class=\"wpforms-field-large wpforms-field-required\" name=\"wpforms[fields][10]\" required=\"required\"><option value=\"\" class=\"placeholder\" disabled  selected='selected'>Choisissez l&#039;objet de votre demande<\/option><option value=\"CDMO Services\"  class=\"choice-1 depth-1\"  >CDMO Services<\/option><option value=\"Building Blocks\"  class=\"choice-2 depth-1\"  >Building Blocks<\/option><option value=\"API Portfolio\"  class=\"choice-3 depth-1\"  >API Portfolio<\/option><option value=\"Autres\"  class=\"choice-4 depth-1\"  >Autres<\/option><\/select><\/div>\t\t<div id=\"wpforms-1423-field_7-container\"\n\t\t\tclass=\"wpforms-field wpforms-field-text\"\n\t\t\tdata-field-type=\"text\"\n\t\t\tdata-field-id=\"7\"\n\t\t\t>\n\t\t\t<label class=\"wpforms-field-label\" for=\"wpforms-1423-field_7\" >RGPD Nom Message<\/label>\n\t\t\t<input type=\"text\" id=\"wpforms-1423-field_7\" class=\"wpforms-field-medium\" name=\"wpforms[fields][7]\" >\n\t\t<\/div>\n\t\t<div id=\"wpforms-1423-field_6-container\" class=\"wpforms-field wpforms-field-layout\" data-field-id=\"6\"><div class=\"wpforms-field-layout-rows wpforms-field-large\"><div class=\"wpforms-layout-row\"><div class=\"wpforms-layout-column wpforms-layout-column-50\"><div id=\"wpforms-1423-field_1-container\" class=\"wpforms-field wpforms-field-text\" data-field-id=\"1\"><label class=\"wpforms-field-label wpforms-label-hide\" for=\"wpforms-1423-field_1\" aria-hidden=\"false\">Pr\u00e9nom <span class=\"wpforms-required-label\" aria-hidden=\"true\">*<\/span><\/label><input type=\"text\" id=\"wpforms-1423-field_1\" class=\"wpforms-field-medium wpforms-field-required\" name=\"wpforms[fields][1]\" placeholder=\"Pr\u00e9nom\" aria-errormessage=\"wpforms-1423-field_1-error\" required><\/div><\/div><div class=\"wpforms-layout-column wpforms-layout-column-50\"><div id=\"wpforms-1423-field_2-container\" class=\"wpforms-field wpforms-field-text\" data-field-id=\"2\"><label class=\"wpforms-field-label wpforms-label-hide\" for=\"wpforms-1423-field_2\" aria-hidden=\"false\">Nom <span class=\"wpforms-required-label\" aria-hidden=\"true\">*<\/span><\/label><input type=\"text\" id=\"wpforms-1423-field_2\" class=\"wpforms-field-medium wpforms-field-required\" name=\"wpforms[fields][2]\" placeholder=\"Nom\" aria-errormessage=\"wpforms-1423-field_2-error\" required><\/div><\/div><\/div><\/div><\/div><div id=\"wpforms-1423-field_3-container\" class=\"wpforms-field wpforms-field-email\" data-field-id=\"3\"><label class=\"wpforms-field-label wpforms-label-hide\" for=\"wpforms-1423-field_3\" aria-hidden=\"false\">E-mail <span class=\"wpforms-required-label\" aria-hidden=\"true\">*<\/span><\/label><input type=\"email\" id=\"wpforms-1423-field_3\" class=\"wpforms-field-large wpforms-field-required\" name=\"wpforms[fields][3]\" placeholder=\"Email\" spellcheck=\"false\" aria-errormessage=\"wpforms-1423-field_3-error\" required><\/div><div id=\"wpforms-1423-field_9-container\" class=\"wpforms-field wpforms-field-phone\" data-field-id=\"9\"><label class=\"wpforms-field-label wpforms-label-hide\" for=\"wpforms-1423-field_9\" aria-hidden=\"false\">T\u00e9l\u00e9phone <span class=\"wpforms-required-label\" aria-hidden=\"true\">*<\/span><\/label><input type=\"tel\" id=\"wpforms-1423-field_9\" class=\"wpforms-field-large wpforms-field-required wpforms-smart-phone-field\" data-rule-smart-phone-field=\"true\" name=\"wpforms[fields][9]\" placeholder=\"Num\u00e9ro de t\u00e9l\u00e9phone\" aria-label=\"T\u00e9l\u00e9phone\" aria-errormessage=\"wpforms-1423-field_9-error\" required><\/div><div id=\"wpforms-1423-field_8-container\" class=\"wpforms-field wpforms-field-text\" data-field-id=\"8\"><label class=\"wpforms-field-label wpforms-label-hide\" for=\"wpforms-1423-field_8\" aria-hidden=\"false\">Pays <span class=\"wpforms-required-label\" aria-hidden=\"true\">*<\/span><\/label><input type=\"text\" id=\"wpforms-1423-field_8\" class=\"wpforms-field-large wpforms-field-required\" name=\"wpforms[fields][8]\" placeholder=\"Pays\" aria-errormessage=\"wpforms-1423-field_8-error\" required><\/div><div id=\"wpforms-1423-field_4-container\" class=\"wpforms-field wpforms-field-text\" data-field-id=\"4\"><label class=\"wpforms-field-label wpforms-label-hide\" for=\"wpforms-1423-field_4\" aria-hidden=\"false\">Objet <span class=\"wpforms-required-label\" aria-hidden=\"true\">*<\/span><\/label><input type=\"text\" id=\"wpforms-1423-field_4\" class=\"wpforms-field-large wpforms-field-required\" name=\"wpforms[fields][4]\" placeholder=\"Objet\" aria-errormessage=\"wpforms-1423-field_4-error\" required><\/div><div id=\"wpforms-1423-field_5-container\" class=\"wpforms-field wpforms-field-textarea\" data-field-id=\"5\"><label class=\"wpforms-field-label wpforms-label-hide\" for=\"wpforms-1423-field_5\" aria-hidden=\"false\">Message<\/label><textarea id=\"wpforms-1423-field_5\" class=\"wpforms-field-medium\" name=\"wpforms[fields][5]\" placeholder=\"Entrez votre message ici...\" aria-errormessage=\"wpforms-1423-field_5-error\" ><\/textarea><\/div><div id=\"wpforms-1423-field_11-container\" class=\"wpforms-field wpforms-field-checkbox\" data-field-id=\"11\"><fieldset><legend class=\"wpforms-field-label wpforms-label-hide\" aria-hidden=\"false\">RGPD <span class=\"wpforms-required-label\" aria-hidden=\"true\">*<\/span><\/legend><ul id=\"wpforms-1423-field_11\" class=\"wpforms-field-required\"><li class=\"choice-1 depth-1\"><input type=\"checkbox\" id=\"wpforms-1423-field_11_1\" name=\"wpforms[fields][11][]\" value=\"J&#039;accepte la politique de confidentialit\u00e9 et les conditions d&#039;utilisation de ce site web.\" aria-errormessage=\"wpforms-1423-field_11_1-error\" required ><label class=\"wpforms-field-label-inline\" for=\"wpforms-1423-field_11_1\">J'accepte la politique de confidentialit\u00e9 et les conditions d'utilisation de ce site web.<\/label><\/li><\/ul><\/fieldset><\/div><script>\n\t\t\t\t( function() {\n\t\t\t\t\tconst style = document.createElement( 'style' );\n\t\t\t\t\tstyle.appendChild( document.createTextNode( '#wpforms-1423-field_7-container { position: absolute !important; overflow: hidden !important; display: inline !important; height: 1px !important; width: 1px !important; z-index: -1000 !important; padding: 0 !important; } #wpforms-1423-field_7-container input { visibility: hidden; } #wpforms-conversational-form-page #wpforms-1423-field_7-container label { counter-increment: none; }' ) );\n\t\t\t\t\tdocument.head.appendChild( style );\n\t\t\t\t\tdocument.currentScript?.remove();\n\t\t\t\t} )();\n\t\t\t<\/script><\/div><!-- .wpforms-field-container --><div class=\"wpforms-recaptcha-container wpforms-is-recaptcha wpforms-is-recaptcha-type-v3\" ><input type=\"hidden\" name=\"wpforms[recaptcha]\" value=\"\"><\/div><div class=\"wpforms-submit-container\" ><input type=\"hidden\" name=\"wpforms[id]\" value=\"1423\"><input type=\"hidden\" name=\"page_title\" value=\"\"><input type=\"hidden\" name=\"page_url\" value=\"https:\/\/minakem.com\/fr\/wp-json\/wp\/v2\/pages\/29297\"><input type=\"hidden\" name=\"url_referer\" value=\"\"><button type=\"submit\" name=\"wpforms[submit]\" id=\"wpforms-submit-1423\" class=\"wpforms-submit e1 cta-form\" data-alt-text=\"Envoyer...\" data-submit-text=\"Envoyer\" aria-live=\"assertive\" value=\"wpforms-submit\">Envoyer<\/button><img loading=\"lazy\" decoding=\"async\" src=\"https:\/\/minakem.com\/wp-content\/plugins\/wpforms\/assets\/images\/submit-spin.svg\" class=\"wpforms-submit-spinner\" style=\"display: none;\" width=\"26\" height=\"26\" alt=\"Chargement en cours\"><\/div><\/form><\/div>  <!-- .wpforms-container --><\/div><\/div><\/div><\/div><\/div><\/div><\/div><\/div><\/div><\/div><\/section>\n","protected":false},"excerpt":{"rendered":"Nous contacter France | Beuvry-la-for\u00eatD\u00e9veloppement et production commerciale d\u2019IPA \u00e0 base de petites mol\u00e9cules Adresse 145 Chemin des Lilas, 59310 Beuvry-la-For\u00eat Num\u00e9ro de t\u00e9l\u00e9phone +33 3 20 64 68 30 Canada | MontrealD\u00e9veloppement et production commerciale d\u2019IPA et de st\u00e9ro\u00efdes \u00e0 petites mol\u00e9cules Adresse 9321 Rue Airlie, LaSalle, QC H8R 2B2 Montreal Num\u00e9ro de t\u00e9l\u00e9phone...","protected":false},"author":1,"featured_media":0,"parent":0,"menu_order":0,"comment_status":"closed","ping_status":"closed","template":"","meta":{"_acf_changed":false,"footnotes":""},"class_list":["post-29297","page","type-page","status-publish","hentry"],"acf":[],"yoast_head":"<!-- This site is optimized with the Yoast SEO Premium plugin v27.3 (Yoast SEO v27.3) - https:\/\/yoast.com\/product\/yoast-seo-premium-wordpress\/ -->\n<title>Nous contacter | Minakem<\/title>\n<meta name=\"description\" content=\"Contactez Minakem pour toute demande. Notre \u00e9quipe est \u00e0 votre \u00e9coute par t\u00e9l\u00e9phone ou par e-mail et se fera un plaisir de vous accompagner.\" \/>\n<meta name=\"robots\" content=\"index, follow, max-snippet:-1, max-image-preview:large, max-video-preview:-1\" \/>\n<link rel=\"canonical\" href=\"https:\/\/minakem.com\/fr\/nous-contacter\/\" \/>\n<meta property=\"og:locale\" content=\"fr_FR\" \/>\n<meta property=\"og:type\" content=\"article\" \/>\n<meta property=\"og:title\" content=\"Nous contacter\" \/>\n<meta property=\"og:description\" content=\"Contactez Minakem pour toute demande. Notre \u00e9quipe est \u00e0 votre \u00e9coute par t\u00e9l\u00e9phone ou par e-mail et se fera un plaisir de vous accompagner.\" \/>\n<meta property=\"og:url\" content=\"https:\/\/minakem.com\/fr\/nous-contacter\/\" \/>\n<meta property=\"og:site_name\" content=\"Minakem\" \/>\n<meta property=\"article:publisher\" content=\"https:\/\/www.linkedin.com\/company\/minakem\/\" \/>\n<meta property=\"article:modified_time\" content=\"2025-12-23T11:36:43+00:00\" \/>\n<meta name=\"twitter:card\" content=\"summary_large_image\" \/>\n<meta name=\"twitter:label1\" content=\"Dur\u00e9e de lecture estim\u00e9e\" \/>\n\t<meta name=\"twitter:data1\" content=\"1 minute\" \/>\n<script type=\"application\/ld+json\" class=\"yoast-schema-graph\">{\"@context\":\"https:\\\/\\\/schema.org\",\"@graph\":[{\"@type\":\"WebPage\",\"@id\":\"https:\\\/\\\/minakem.com\\\/fr\\\/nous-contacter\\\/\",\"url\":\"https:\\\/\\\/minakem.com\\\/fr\\\/nous-contacter\\\/\",\"name\":\"Nous contacter | Minakem\",\"isPartOf\":{\"@id\":\"https:\\\/\\\/minakem.com\\\/fr\\\/#website\"},\"datePublished\":\"2025-02-25T15:20:41+00:00\",\"dateModified\":\"2025-12-23T11:36:43+00:00\",\"description\":\"Contactez Minakem pour toute demande. Notre \u00e9quipe est \u00e0 votre \u00e9coute par t\u00e9l\u00e9phone ou par e-mail et se fera un plaisir de vous accompagner.\",\"breadcrumb\":{\"@id\":\"https:\\\/\\\/minakem.com\\\/fr\\\/nous-contacter\\\/#breadcrumb\"},\"inLanguage\":\"fr-FR\",\"potentialAction\":[{\"@type\":\"ReadAction\",\"target\":[\"https:\\\/\\\/minakem.com\\\/fr\\\/nous-contacter\\\/\"]}]},{\"@type\":\"BreadcrumbList\",\"@id\":\"https:\\\/\\\/minakem.com\\\/fr\\\/nous-contacter\\\/#breadcrumb\",\"itemListElement\":[{\"@type\":\"ListItem\",\"position\":1,\"name\":\"Home\",\"item\":\"https:\\\/\\\/minakem.com\\\/fr\\\/\"},{\"@type\":\"ListItem\",\"position\":2,\"name\":\"Nous contacter\"}]},{\"@type\":\"WebSite\",\"@id\":\"https:\\\/\\\/minakem.com\\\/fr\\\/#website\",\"url\":\"https:\\\/\\\/minakem.com\\\/fr\\\/\",\"name\":\"Minakem\",\"description\":\"\",\"publisher\":{\"@id\":\"https:\\\/\\\/minakem.com\\\/fr\\\/#organization\"},\"potentialAction\":[{\"@type\":\"SearchAction\",\"target\":{\"@type\":\"EntryPoint\",\"urlTemplate\":\"https:\\\/\\\/minakem.com\\\/fr\\\/?s={search_term_string}\"},\"query-input\":{\"@type\":\"PropertyValueSpecification\",\"valueRequired\":true,\"valueName\":\"search_term_string\"}}],\"inLanguage\":\"fr-FR\"},{\"@type\":\"Organization\",\"@id\":\"https:\\\/\\\/minakem.com\\\/fr\\\/#organization\",\"name\":\"Minakem\",\"url\":\"https:\\\/\\\/minakem.com\\\/fr\\\/\",\"logo\":{\"@type\":\"ImageObject\",\"inLanguage\":\"fr-FR\",\"@id\":\"https:\\\/\\\/minakem.com\\\/fr\\\/#\\\/schema\\\/logo\\\/image\\\/\",\"url\":\"https:\\\/\\\/minakem.com\\\/wp-content\\\/uploads\\\/2024\\\/12\\\/favicon.svg\",\"contentUrl\":\"https:\\\/\\\/minakem.com\\\/wp-content\\\/uploads\\\/2024\\\/12\\\/favicon.svg\",\"width\":\"1024\",\"height\":\"1024\",\"caption\":\"Minakem\"},\"image\":{\"@id\":\"https:\\\/\\\/minakem.com\\\/fr\\\/#\\\/schema\\\/logo\\\/image\\\/\"},\"sameAs\":[\"https:\\\/\\\/www.linkedin.com\\\/company\\\/minakem\\\/\"]}]}<\/script>\n<!-- \/ Yoast SEO Premium plugin. -->","yoast_head_json":{"title":"Nous contacter | Minakem","description":"Contactez Minakem pour toute demande. Notre \u00e9quipe est \u00e0 votre \u00e9coute par t\u00e9l\u00e9phone ou par e-mail et se fera un plaisir de vous accompagner.","robots":{"index":"index","follow":"follow","max-snippet":"max-snippet:-1","max-image-preview":"max-image-preview:large","max-video-preview":"max-video-preview:-1"},"canonical":"https:\/\/minakem.com\/fr\/nous-contacter\/","og_locale":"fr_FR","og_type":"article","og_title":"Nous contacter","og_description":"Contactez Minakem pour toute demande. Notre \u00e9quipe est \u00e0 votre \u00e9coute par t\u00e9l\u00e9phone ou par e-mail et se fera un plaisir de vous accompagner.","og_url":"https:\/\/minakem.com\/fr\/nous-contacter\/","og_site_name":"Minakem","article_publisher":"https:\/\/www.linkedin.com\/company\/minakem\/","article_modified_time":"2025-12-23T11:36:43+00:00","twitter_card":"summary_large_image","twitter_misc":{"Dur\u00e9e de lecture estim\u00e9e":"1 minute"},"schema":{"@context":"https:\/\/schema.org","@graph":[{"@type":"WebPage","@id":"https:\/\/minakem.com\/fr\/nous-contacter\/","url":"https:\/\/minakem.com\/fr\/nous-contacter\/","name":"Nous contacter | Minakem","isPartOf":{"@id":"https:\/\/minakem.com\/fr\/#website"},"datePublished":"2025-02-25T15:20:41+00:00","dateModified":"2025-12-23T11:36:43+00:00","description":"Contactez Minakem pour toute demande. Notre \u00e9quipe est \u00e0 votre \u00e9coute par t\u00e9l\u00e9phone ou par e-mail et se fera un plaisir de vous accompagner.","breadcrumb":{"@id":"https:\/\/minakem.com\/fr\/nous-contacter\/#breadcrumb"},"inLanguage":"fr-FR","potentialAction":[{"@type":"ReadAction","target":["https:\/\/minakem.com\/fr\/nous-contacter\/"]}]},{"@type":"BreadcrumbList","@id":"https:\/\/minakem.com\/fr\/nous-contacter\/#breadcrumb","itemListElement":[{"@type":"ListItem","position":1,"name":"Home","item":"https:\/\/minakem.com\/fr\/"},{"@type":"ListItem","position":2,"name":"Nous contacter"}]},{"@type":"WebSite","@id":"https:\/\/minakem.com\/fr\/#website","url":"https:\/\/minakem.com\/fr\/","name":"Minakem","description":"","publisher":{"@id":"https:\/\/minakem.com\/fr\/#organization"},"potentialAction":[{"@type":"SearchAction","target":{"@type":"EntryPoint","urlTemplate":"https:\/\/minakem.com\/fr\/?s={search_term_string}"},"query-input":{"@type":"PropertyValueSpecification","valueRequired":true,"valueName":"search_term_string"}}],"inLanguage":"fr-FR"},{"@type":"Organization","@id":"https:\/\/minakem.com\/fr\/#organization","name":"Minakem","url":"https:\/\/minakem.com\/fr\/","logo":{"@type":"ImageObject","inLanguage":"fr-FR","@id":"https:\/\/minakem.com\/fr\/#\/schema\/logo\/image\/","url":"https:\/\/minakem.com\/wp-content\/uploads\/2024\/12\/favicon.svg","contentUrl":"https:\/\/minakem.com\/wp-content\/uploads\/2024\/12\/favicon.svg","width":"1024","height":"1024","caption":"Minakem"},"image":{"@id":"https:\/\/minakem.com\/fr\/#\/schema\/logo\/image\/"},"sameAs":["https:\/\/www.linkedin.com\/company\/minakem\/"]}]}},"_links":{"self":[{"href":"https:\/\/minakem.com\/fr\/wp-json\/wp\/v2\/pages\/29297","targetHints":{"allow":["GET"]}}],"collection":[{"href":"https:\/\/minakem.com\/fr\/wp-json\/wp\/v2\/pages"}],"about":[{"href":"https:\/\/minakem.com\/fr\/wp-json\/wp\/v2\/types\/page"}],"author":[{"embeddable":true,"href":"https:\/\/minakem.com\/fr\/wp-json\/wp\/v2\/users\/1"}],"replies":[{"embeddable":true,"href":"https:\/\/minakem.com\/fr\/wp-json\/wp\/v2\/comments?post=29297"}],"version-history":[{"count":4,"href":"https:\/\/minakem.com\/fr\/wp-json\/wp\/v2\/pages\/29297\/revisions"}],"predecessor-version":[{"id":29301,"href":"https:\/\/minakem.com\/fr\/wp-json\/wp\/v2\/pages\/29297\/revisions\/29301"}],"wp:attachment":[{"href":"https:\/\/minakem.com\/fr\/wp-json\/wp\/v2\/media?parent=29297"}],"curies":[{"name":"wp","href":"https:\/\/api.w.org\/{rel}","templated":true}]}}