{"id":29176,"date":"2025-03-04T15:03:42","date_gmt":"2025-03-04T14:03:42","guid":{"rendered":"https:\/\/minakem.com\/?page_id=29176"},"modified":"2025-12-23T14:45:04","modified_gmt":"2025-12-23T13:45:04","slug":"politique-de-confidentialite","status":"publish","type":"page","link":"https:\/\/minakem.com\/fr\/politique-de-confidentialite\/","title":{"rendered":"Politique de Confidentialit\u00e9"},"content":{"rendered":"<section class=\"l-section wpb_row height_large width_custom\" style=\"--site-content-width:1000px;\"><div class=\"l-section-h i-cf\"><div class=\"g-cols vc_row via_flex valign_top type_default stacking_default\"><div class=\"vc_col-sm-12 wpb_column vc_column_container\"><div class=\"vc_column-inner\"><div class=\"wpb_wrapper\"><div class=\"wpb_text_column\"><div class=\"wpb_wrapper\"><h1>Politique de Confidentialit\u00e9<\/h1>\n<p><strong>Voir aussi :<\/strong><\/p>\n<ul>\n<li><a href=\"https:\/\/minakem.com\/fr\/nous-contacter\/\">Nous contacter<\/a><\/li>\n<li><a href=\"http:\/\/minafin.com\/contact-us\/\">Visiter le site Minafin<\/a><\/li>\n<\/ul>\n<p>Notre entreprise s\u2019engage \u00e0 prot\u00e9ger votre vie priv\u00e9e, conform\u00e9ment aux principes du R\u00e8glement G\u00e9n\u00e9ral sur la Protection des Donn\u00e9es (RGPD).<\/p>\n<p>En utilisant ce site web et\/ou nos services, vous consentez au traitement de vos donn\u00e9es personnelles tel que d\u00e9crit dans cette Politique de Confidentialit\u00e9.<\/p>\n<h2>Table des mati\u00e8res<\/h2>\n<ol>\n<li><a href=\"#definitions\">D\u00e9finitions<\/a><\/li>\n<li><a href=\"#principes\">Principes de protection des donn\u00e9es auxquels nous nous engageons<\/a><\/li>\n<li><a href=\"#droits\">Vos droits concernant vos donn\u00e9es personnelles<\/a><\/li>\n<li><a href=\"#donnees\">Quelles donn\u00e9es personnelles nous collectons<\/a><\/li>\n<li><a href=\"#finalites\">Pourquoi nous collectons vos donn\u00e9es personnelles<\/a><\/li>\n<li><a href=\"#partage\">Qui a acc\u00e8s \u00e0 vos donn\u00e9es personnelles<\/a><\/li>\n<li><a href=\"#securite\">S\u00e9curit\u00e9 de vos donn\u00e9es personnelles<\/a><\/li>\n<li><a href=\"#cookies\">Informations sur les cookies<\/a><\/li>\n<\/ol>\n<h2 id=\"definitions\">D\u00e9finitions<\/h2>\n<p><strong>Donn\u00e9es personnelles :<\/strong> toute information se rapportant \u00e0 une personne physique identifi\u00e9e ou identifiable (\u00ab personne concern\u00e9e \u00bb), notamment par un identifiant tel qu\u2019un nom, un num\u00e9ro d\u2019identification, des donn\u00e9es de localisation, un identifiant en ligne ou un ou plusieurs \u00e9l\u00e9ments sp\u00e9cifiques \u00e0 son identit\u00e9 physique, physiologique, \u00e9conomique, culturelle ou sociale.<\/p>\n<p><strong>Traitement :<\/strong> toute op\u00e9ration ou ensemble d\u2019op\u00e9rations effectu\u00e9es sur des donn\u00e9es personnelles, par exemple la collecte, l\u2019enregistrement, l\u2019organisation, la structuration, la conservation, l\u2019adaptation, la consultation, l\u2019utilisation, la transmission, la diffusion, la mise \u00e0 disposition, la limitation, l\u2019effacement ou la destruction.<\/p>\n<p>Par exemple, lorsque vous saisissez des informations dans un formulaire sur ce site, vos donn\u00e9es sont <em>collect\u00e9es<\/em> et donc <em>trait\u00e9es<\/em> afin de r\u00e9pondre \u00e0 votre demande.<\/p>\n<p><strong>Personne concern\u00e9e :<\/strong> la personne dont les donn\u00e9es personnelles sont trait\u00e9es.<\/p>\n<p><strong>Responsable de traitement \/ Nous :<\/strong> toute entit\u00e9 du Groupe Minafin, en l\u2019occurrence Minakem SAS, 224 Avenue de la Dordogne, 59640 Dunkerque \u2013 France.<\/p>\n<h2 id=\"principes\">Principes de protection des donn\u00e9es<\/h2>\n<ul>\n<li><strong>Lic\u00e9it\u00e9, loyaut\u00e9 et transparence :<\/strong> nos traitements ont une base l\u00e9gale et une finalit\u00e9 d\u00e9termin\u00e9e.<\/li>\n<li><strong>Limitation des finalit\u00e9s :<\/strong> les donn\u00e9es ne sont trait\u00e9es que pour les objectifs d\u00e9finis lors de leur collecte.<\/li>\n<li><strong>Minimisation :<\/strong> seules les donn\u00e9es strictement n\u00e9cessaires sont collect\u00e9es.<\/li>\n<li><strong>Limitation de la dur\u00e9e :<\/strong> les donn\u00e9es sont conserv\u00e9es uniquement le temps n\u00e9cessaire ou impos\u00e9 par la loi.<\/li>\n<li><strong>S\u00e9curit\u00e9 :<\/strong> nous mettons en place des mesures techniques et organisationnelles garantissant la disponibilit\u00e9, l\u2019int\u00e9grit\u00e9 et la confidentialit\u00e9 des donn\u00e9es.<\/li>\n<li>Pour toute question ou pour exercer vos droits, contactez-nous via le formulaire ou par courrier \u00e0 :<br \/>\n<strong>Minafin \u2013 D\u00e9partement Juridique, 224 Avenue de la Dordogne, 59640 Dunkerque, France<\/strong>.<br \/>\nUne preuve d\u2019identit\u00e9 peut \u00eatre requise.<\/li>\n<\/ul>\n<h2 id=\"droits\">Vos droits<\/h2>\n<p>En tant que personne concern\u00e9e, vous disposez notamment des droits suivants :<\/p>\n<ol>\n<li><strong>Droit \u00e0 l\u2019information<\/strong> sur la collecte et le traitement de vos donn\u00e9es.<\/li>\n<li><strong>Droit d\u2019acc\u00e8s<\/strong> : obtenir une copie de vos donn\u00e9es personnelles.<\/li>\n<li><strong>Droit de rectification<\/strong> de donn\u00e9es inexactes ou incompl\u00e8tes.<\/li>\n<li><strong>Droit \u00e0 l\u2019effacement<\/strong> (\u00ab droit \u00e0 l\u2019oubli \u00bb) dans certaines situations.<\/li>\n<li><strong>Droit \u00e0 la limitation<\/strong> du traitement lorsque certaines conditions sont remplies.<\/li>\n<li><strong>Droit d\u2019opposition<\/strong> notamment au marketing direct.<\/li>\n<li><strong>Droit de s\u2019opposer \u00e0 la d\u00e9cision automatis\u00e9e<\/strong> incluant le profilage.<\/li>\n<li><strong>Droit \u00e0 la portabilit\u00e9<\/strong> : recevoir les donn\u00e9es dans un format lisible par machine ou demander leur transfert \u00e0 un autre responsable.<\/li>\n<li><strong>Droit de r\u00e9clamation<\/strong> aupr\u00e8s de l\u2019autorit\u00e9 de contr\u00f4le comp\u00e9tente dans votre pays.<\/li>\n<li><strong>Droit de retirer votre consentement<\/strong> \u00e0 tout moment.<\/li>\n<\/ol>\n<h2 id=\"donnees\">Quelles donn\u00e9es nous collectons<\/h2>\n<h3>Informations que vous fournissez<\/h3>\n<ul>\n<li><strong>Candidatures :<\/strong> nom, pr\u00e9nom, email, t\u00e9l\u00e9phone, CV, informations indiqu\u00e9es dans le message.<\/li>\n<li><strong>Demandes commerciales :<\/strong> nom, pr\u00e9nom, entreprise, pays, email professionnel, t\u00e9l\u00e9phone professionnel.<\/li>\n<\/ul>\n<p>Ces informations sont n\u00e9cessaires pour traiter votre demande.<\/p>\n<h2 id=\"finalites\">Pourquoi nous collectons vos donn\u00e9es<\/h2>\n<ul>\n<li><strong>Fournir des services<\/strong> : vous recontacter apr\u00e8s une demande de devis ou d\u2019information.<\/li>\n<li><strong>\u00c9valuer les candidatures<\/strong> : stockage dans notre logiciel de gestion des talents. Vos donn\u00e9es peuvent \u00eatre conserv\u00e9es dans notre vivier de candidats (opposition possible \u00e0 tout moment).<\/li>\n<li><strong>Administrer et analyser l\u2019utilisation du site<\/strong> afin d\u2019am\u00e9liorer la qualit\u00e9 et l\u2019offre de services (ex. analyse de comportement de navigation).<\/li>\n<\/ul>\n<h2 id=\"partage\">Qui a acc\u00e8s \u00e0 vos donn\u00e9es<\/h2>\n<p>Nous ne partageons pas vos donn\u00e9es avec des tiers non autoris\u00e9s.<\/p>\n<p>Elles peuvent \u00eatre transmises \u00e0 :<\/p>\n<ul>\n<li><strong>Nos partenaires de traitement<\/strong> : notamment nos fournisseurs de logiciels de gestion des talents <em>(Fletcher, Mailchimp)<\/em>.<\/li>\n<li><strong>Notre h\u00e9bergeur<\/strong> assurant le fonctionnement du site web.<\/li>\n<li><strong>Les soci\u00e9t\u00e9s du Groupe Minafin<\/strong> si cela est n\u00e9cessaire pour r\u00e9pondre \u00e0 votre demande.<\/li>\n<\/ul>\n<p>Nous ne travaillons qu\u2019avec des prestataires offrant un niveau de protection ad\u00e9quat.<\/p>\n<h2 id=\"securite\">S\u00e9curit\u00e9 de vos donn\u00e9es personnelles<\/h2>\n<p>Le Groupe Minafin est certifi\u00e9 ISO 27001 et applique des proc\u00e9dures internes pour pr\u00e9venir les incidents.<\/p>\n<p>En cas d\u2019incident de s\u00e9curit\u00e9 affectant vos donn\u00e9es et pr\u00e9sentant un risque significatif pour votre vie priv\u00e9e, nous informerons l\u2019autorit\u00e9 comp\u00e9tente et\/ou vous-m\u00eame conform\u00e9ment au RGPD.<\/p>\n<p>Des mesures de mitigation sont mises en place pour \u00e9viter toute r\u00e9cidive en cas d\u2019incident ou de violation de donn\u00e9es.<\/p>\n<h2 id=\"cookies\">Cookies et technologies similaires<\/h2>\n<p>Un cookie est un petit fichier texte stock\u00e9 sur votre appareil. Il permet d\u2019am\u00e9liorer la navigation et certaines fonctionnalit\u00e9s.<\/p>\n<p><strong>Nous utilisons des cookies pour :<\/strong><\/p>\n<ul>\n<li><strong>Fonctionnalit\u00e9<\/strong> : am\u00e9lioration de la navigation et m\u00e9morisation de pr\u00e9f\u00e9rences.<\/li>\n<li><strong>Analyse<\/strong> : mesure du trafic et des performances via Google Analytics.<br \/>\nConsultez la politique de confidentialit\u00e9 de Google :\u00a0<a href=\"https:\/\/support.google.com\/analytics\/answer\/6004245\">ici<\/a>.<br \/>\nPour vous opposer au suivi :\u00a0<a href=\"https:\/\/tools.google.com\/dlpage\/gaoptout\">Google Analytics Opt-out<\/a>.<\/li>\n<\/ul>\n<p>Vous pouvez contr\u00f4ler les cookies via votre navigateur. Le refus de cookies peut limiter certaines fonctionnalit\u00e9s.<\/p>\n<p>Vous pouvez \u00e9galement g\u00e9rer les cookies tiers via :<\/p>\n<ul>\n<li><a href=\"http:\/\/optout.aboutads.info\/#!\/\">optout.aboutads.info<\/a><\/li>\n<li><a href=\"http:\/\/www.youronlinechoices.com\/\">youronlinechoices.com<\/a><\/li>\n<\/ul>\n<p>Pour plus d\u2019informations : <a href=\"http:\/\/www.allaboutcookies.org\/\">allaboutcookies.org<\/a><\/p>\n<p>Voir aussi : <a href=\"https:\/\/minakem.com\/cookie-policy\/\">Politique Cookies<\/a><\/p>\n<h2>Modifications de la Politique<\/h2>\n<p>Nous nous r\u00e9servons le droit de modifier la pr\u00e9sente Politique de Confidentialit\u00e9. La version publi\u00e9e sur nos sites est toujours la plus r\u00e9cente.<\/p>\n<\/div><\/div><\/div><\/div><\/div><\/div><\/div><\/section>\n","protected":false},"excerpt":{"rendered":"Politique de Confidentialit\u00e9 Voir aussi : Nous contacter Visiter le site Minafin Notre entreprise s\u2019engage \u00e0 prot\u00e9ger votre vie priv\u00e9e, conform\u00e9ment aux principes du R\u00e8glement G\u00e9n\u00e9ral sur la Protection des Donn\u00e9es (RGPD). En utilisant ce site web et\/ou nos services, vous consentez au traitement de vos donn\u00e9es personnelles tel que d\u00e9crit dans cette Politique de...","protected":false},"author":1,"featured_media":0,"parent":0,"menu_order":0,"comment_status":"closed","ping_status":"closed","template":"","meta":{"_acf_changed":false,"footnotes":""},"class_list":["post-29176","page","type-page","status-publish","hentry"],"acf":[],"yoast_head":"<!-- This site is optimized with the Yoast SEO Premium plugin v27.3 (Yoast SEO v27.3) - https:\/\/yoast.com\/product\/yoast-seo-premium-wordpress\/ -->\n<title>Politique de Confidentialit\u00e9 | Minakem<\/title>\n<meta name=\"robots\" content=\"index, follow, max-snippet:-1, max-image-preview:large, max-video-preview:-1\" \/>\n<link rel=\"canonical\" href=\"https:\/\/minakem.com\/fr\/politique-de-confidentialite\/\" \/>\n<meta property=\"og:locale\" content=\"fr_FR\" \/>\n<meta property=\"og:type\" content=\"article\" \/>\n<meta property=\"og:title\" content=\"Politique de Confidentialit\u00e9\" \/>\n<meta property=\"og:url\" content=\"https:\/\/minakem.com\/fr\/politique-de-confidentialite\/\" \/>\n<meta property=\"og:site_name\" content=\"Minakem\" \/>\n<meta property=\"article:publisher\" content=\"https:\/\/www.linkedin.com\/company\/minakem\/\" \/>\n<meta property=\"article:modified_time\" content=\"2025-12-23T13:45:04+00:00\" \/>\n<meta name=\"twitter:card\" content=\"summary_large_image\" \/>\n<meta name=\"twitter:label1\" content=\"Dur\u00e9e de lecture estim\u00e9e\" \/>\n\t<meta name=\"twitter:data1\" content=\"5 minutes\" \/>\n<script type=\"application\/ld+json\" class=\"yoast-schema-graph\">{\"@context\":\"https:\\\/\\\/schema.org\",\"@graph\":[{\"@type\":\"WebPage\",\"@id\":\"https:\\\/\\\/minakem.com\\\/fr\\\/politique-de-confidentialite\\\/\",\"url\":\"https:\\\/\\\/minakem.com\\\/fr\\\/politique-de-confidentialite\\\/\",\"name\":\"Politique de Confidentialit\u00e9 | Minakem\",\"isPartOf\":{\"@id\":\"https:\\\/\\\/minakem.com\\\/fr\\\/#website\"},\"datePublished\":\"2025-03-04T14:03:42+00:00\",\"dateModified\":\"2025-12-23T13:45:04+00:00\",\"breadcrumb\":{\"@id\":\"https:\\\/\\\/minakem.com\\\/fr\\\/politique-de-confidentialite\\\/#breadcrumb\"},\"inLanguage\":\"fr-FR\",\"potentialAction\":[{\"@type\":\"ReadAction\",\"target\":[\"https:\\\/\\\/minakem.com\\\/fr\\\/politique-de-confidentialite\\\/\"]}]},{\"@type\":\"BreadcrumbList\",\"@id\":\"https:\\\/\\\/minakem.com\\\/fr\\\/politique-de-confidentialite\\\/#breadcrumb\",\"itemListElement\":[{\"@type\":\"ListItem\",\"position\":1,\"name\":\"Home\",\"item\":\"https:\\\/\\\/minakem.com\\\/fr\\\/\"},{\"@type\":\"ListItem\",\"position\":2,\"name\":\"Politique de Confidentialit\u00e9\"}]},{\"@type\":\"WebSite\",\"@id\":\"https:\\\/\\\/minakem.com\\\/fr\\\/#website\",\"url\":\"https:\\\/\\\/minakem.com\\\/fr\\\/\",\"name\":\"Minakem\",\"description\":\"\",\"publisher\":{\"@id\":\"https:\\\/\\\/minakem.com\\\/fr\\\/#organization\"},\"potentialAction\":[{\"@type\":\"SearchAction\",\"target\":{\"@type\":\"EntryPoint\",\"urlTemplate\":\"https:\\\/\\\/minakem.com\\\/fr\\\/?s={search_term_string}\"},\"query-input\":{\"@type\":\"PropertyValueSpecification\",\"valueRequired\":true,\"valueName\":\"search_term_string\"}}],\"inLanguage\":\"fr-FR\"},{\"@type\":\"Organization\",\"@id\":\"https:\\\/\\\/minakem.com\\\/fr\\\/#organization\",\"name\":\"Minakem\",\"url\":\"https:\\\/\\\/minakem.com\\\/fr\\\/\",\"logo\":{\"@type\":\"ImageObject\",\"inLanguage\":\"fr-FR\",\"@id\":\"https:\\\/\\\/minakem.com\\\/fr\\\/#\\\/schema\\\/logo\\\/image\\\/\",\"url\":\"https:\\\/\\\/minakem.com\\\/wp-content\\\/uploads\\\/2024\\\/12\\\/favicon.svg\",\"contentUrl\":\"https:\\\/\\\/minakem.com\\\/wp-content\\\/uploads\\\/2024\\\/12\\\/favicon.svg\",\"width\":\"1024\",\"height\":\"1024\",\"caption\":\"Minakem\"},\"image\":{\"@id\":\"https:\\\/\\\/minakem.com\\\/fr\\\/#\\\/schema\\\/logo\\\/image\\\/\"},\"sameAs\":[\"https:\\\/\\\/www.linkedin.com\\\/company\\\/minakem\\\/\"]}]}<\/script>\n<!-- \/ Yoast SEO Premium plugin. -->","yoast_head_json":{"title":"Politique de Confidentialit\u00e9 | Minakem","robots":{"index":"index","follow":"follow","max-snippet":"max-snippet:-1","max-image-preview":"max-image-preview:large","max-video-preview":"max-video-preview:-1"},"canonical":"https:\/\/minakem.com\/fr\/politique-de-confidentialite\/","og_locale":"fr_FR","og_type":"article","og_title":"Politique de Confidentialit\u00e9","og_url":"https:\/\/minakem.com\/fr\/politique-de-confidentialite\/","og_site_name":"Minakem","article_publisher":"https:\/\/www.linkedin.com\/company\/minakem\/","article_modified_time":"2025-12-23T13:45:04+00:00","twitter_card":"summary_large_image","twitter_misc":{"Dur\u00e9e de lecture estim\u00e9e":"5 minutes"},"schema":{"@context":"https:\/\/schema.org","@graph":[{"@type":"WebPage","@id":"https:\/\/minakem.com\/fr\/politique-de-confidentialite\/","url":"https:\/\/minakem.com\/fr\/politique-de-confidentialite\/","name":"Politique de Confidentialit\u00e9 | Minakem","isPartOf":{"@id":"https:\/\/minakem.com\/fr\/#website"},"datePublished":"2025-03-04T14:03:42+00:00","dateModified":"2025-12-23T13:45:04+00:00","breadcrumb":{"@id":"https:\/\/minakem.com\/fr\/politique-de-confidentialite\/#breadcrumb"},"inLanguage":"fr-FR","potentialAction":[{"@type":"ReadAction","target":["https:\/\/minakem.com\/fr\/politique-de-confidentialite\/"]}]},{"@type":"BreadcrumbList","@id":"https:\/\/minakem.com\/fr\/politique-de-confidentialite\/#breadcrumb","itemListElement":[{"@type":"ListItem","position":1,"name":"Home","item":"https:\/\/minakem.com\/fr\/"},{"@type":"ListItem","position":2,"name":"Politique de Confidentialit\u00e9"}]},{"@type":"WebSite","@id":"https:\/\/minakem.com\/fr\/#website","url":"https:\/\/minakem.com\/fr\/","name":"Minakem","description":"","publisher":{"@id":"https:\/\/minakem.com\/fr\/#organization"},"potentialAction":[{"@type":"SearchAction","target":{"@type":"EntryPoint","urlTemplate":"https:\/\/minakem.com\/fr\/?s={search_term_string}"},"query-input":{"@type":"PropertyValueSpecification","valueRequired":true,"valueName":"search_term_string"}}],"inLanguage":"fr-FR"},{"@type":"Organization","@id":"https:\/\/minakem.com\/fr\/#organization","name":"Minakem","url":"https:\/\/minakem.com\/fr\/","logo":{"@type":"ImageObject","inLanguage":"fr-FR","@id":"https:\/\/minakem.com\/fr\/#\/schema\/logo\/image\/","url":"https:\/\/minakem.com\/wp-content\/uploads\/2024\/12\/favicon.svg","contentUrl":"https:\/\/minakem.com\/wp-content\/uploads\/2024\/12\/favicon.svg","width":"1024","height":"1024","caption":"Minakem"},"image":{"@id":"https:\/\/minakem.com\/fr\/#\/schema\/logo\/image\/"},"sameAs":["https:\/\/www.linkedin.com\/company\/minakem\/"]}]}},"_links":{"self":[{"href":"https:\/\/minakem.com\/fr\/wp-json\/wp\/v2\/pages\/29176","targetHints":{"allow":["GET"]}}],"collection":[{"href":"https:\/\/minakem.com\/fr\/wp-json\/wp\/v2\/pages"}],"about":[{"href":"https:\/\/minakem.com\/fr\/wp-json\/wp\/v2\/types\/page"}],"author":[{"embeddable":true,"href":"https:\/\/minakem.com\/fr\/wp-json\/wp\/v2\/users\/1"}],"replies":[{"embeddable":true,"href":"https:\/\/minakem.com\/fr\/wp-json\/wp\/v2\/comments?post=29176"}],"version-history":[{"count":2,"href":"https:\/\/minakem.com\/fr\/wp-json\/wp\/v2\/pages\/29176\/revisions"}],"predecessor-version":[{"id":29313,"href":"https:\/\/minakem.com\/fr\/wp-json\/wp\/v2\/pages\/29176\/revisions\/29313"}],"wp:attachment":[{"href":"https:\/\/minakem.com\/fr\/wp-json\/wp\/v2\/media?parent=29176"}],"curies":[{"name":"wp","href":"https:\/\/api.w.org\/{rel}","templated":true}]}}