{"id":29173,"date":"2025-02-26T12:11:39","date_gmt":"2025-02-26T11:11:39","guid":{"rendered":"https:\/\/minakem.com\/?page_id=29173"},"modified":"2025-12-24T13:23:09","modified_gmt":"2025-12-24T12:23:09","slug":"hpapis","status":"publish","type":"page","link":"https:\/\/minakem.com\/fr\/hpapis\/","title":{"rendered":"Highly potent APIs"},"content":{"rendered":"<section class=\"l-section wpb_row height_auto\"><div class=\"l-section-h i-cf\"><div class=\"g-cols vc_row via_flex valign_top type_default stacking_default\"><div class=\"vc_col-sm-12 wpb_column vc_column_container\"><div class=\"vc_column-inner\"><div class=\"wpb_wrapper\"><div class=\"w-separator size_large\"><\/div><div class=\"g-cols wpb_row via_flex valign_top type_default stacking_default\"><div class=\"vc_col-sm-6 wpb_column vc_column_container\"><div class=\"vc_column-inner\"><div class=\"wpb_wrapper\"><div class=\"wpb_text_column\"><div class=\"wpb_wrapper\"><h1>Minakem : L\u2019excellence dans la fabrication et la purification des HPAPI<\/h1>\n<\/div><\/div><div class=\"w-separator size_medium\"><\/div><div class=\"wpb_text_column\"><div class=\"wpb_wrapper\"><p class=\"p1\">Nous sommes \u00e0 la pointe du d\u00e9veloppement et de la fabrication des ingr\u00e9dients pharmaceutiques actifs hautement puissants (HPAPI), en alliant technologies de pointe et expertise int\u00e9gr\u00e9e en R&amp;D.<\/p>\n<p class=\"p1\">Nos comp\u00e9tences sp\u00e9cialis\u00e9es dans la manipulation de substances cytotoxiques et contr\u00f4l\u00e9es, associ\u00e9es \u00e0 nos technologies avanc\u00e9es de purification, garantissent s\u00e9curit\u00e9, efficacit\u00e9 et innovation au plus haut niveau.<\/p>\n<\/div><\/div><\/div><\/div><\/div><div class=\"vc_col-sm-6 wpb_column vc_column_container\"><div class=\"vc_column-inner\"><div class=\"wpb_wrapper\"><div class=\"w-image us_custom_a61e2493 align_none\"><div class=\"w-image-h\"><img decoding=\"async\" width=\"669\" height=\"674\" src=\"https:\/\/minakem.com\/wp-content\/uploads\/2025\/03\/hpapi.png\" class=\"attachment-large size-large\" alt=\"\" loading=\"lazy\" srcset=\"https:\/\/minakem.com\/wp-content\/uploads\/2025\/03\/hpapi.png 669w, https:\/\/minakem.com\/wp-content\/uploads\/2025\/03\/hpapi-298x300.png 298w, https:\/\/minakem.com\/wp-content\/uploads\/2025\/03\/hpapi-150x150.png 150w, https:\/\/minakem.com\/wp-content\/uploads\/2025\/03\/hpapi-60x60.png 60w, https:\/\/minakem.com\/wp-content\/uploads\/2025\/03\/hpapi-200x200.png 200w, https:\/\/minakem.com\/wp-content\/uploads\/2025\/03\/hpapi-100x100.png 100w\" sizes=\"auto, (max-width: 669px) 100vw, 669px\" \/><\/div><\/div><\/div><\/div><\/div><\/div><div class=\"w-separator size_large\"><\/div><\/div><\/div><\/div><\/div><\/div><\/section><section class=\"l-section wpb_row height_large\"><div class=\"l-section-overlay\" style=\"background:var(--color-wblue)\"><\/div><div class=\"l-section-h i-cf\"><div class=\"g-cols vc_row via_flex valign_top type_default stacking_default\" style=\"--additional-gap:20px;\"><div class=\"vc_col-sm-12 wpb_column vc_column_container\"><div class=\"vc_column-inner\"><div class=\"wpb_wrapper\"><div class=\"wpb_text_column\"><div class=\"wpb_wrapper\"><h2>Conditions de confinement renforc\u00e9es<\/h2>\n<\/div><\/div><div class=\"w-separator size_medium\"><\/div><div class=\"g-cols wpb_row via_flex valign_top type_default stacking_default\"><div class=\"vc_col-sm-6 wpb_column vc_column_container\"><div class=\"vc_column-inner\"><div class=\"wpb_wrapper\"><div class=\"wpb_text_column\"><div class=\"wpb_wrapper\"><p>La manipulation des HPAPI exige un niveau de rigueur et de s\u00e9curit\u00e9 que seule une \u00e9quipe hautement sp\u00e9cialis\u00e9e peut offrir. Chez Minakem, nos experts sont form\u00e9s pour travailler avec des mat\u00e9riaux hautement toxiques.<\/p>\n<p>Notre site d\u00e9di\u00e9 aux HPAPI nous permet de d\u00e9velopper et produire des substances avec des limites d\u2019exposition professionnelle (OEL) aussi basses que 0,1 \u00b5g\/m\u00b3.<\/p>\n<\/div><\/div><\/div><\/div><\/div><div class=\"vc_col-sm-6 wpb_column vc_column_container\"><div class=\"vc_column-inner\"><div class=\"wpb_wrapper\"><div class=\"wpb_text_column\"><div class=\"wpb_wrapper\"><p>Nous appliquons des mesures de confinement strictes, incluant des contr\u00f4les techniques de pointe, pour prot\u00e9ger nos \u00e9quipes et garantir l\u2019int\u00e9grit\u00e9 des produits.<\/p>\n<p>Avec plus de 20 ans d\u2019expertise, nous assurons une manipulation s\u00e9curis\u00e9e et conforme des HPAPI, de l\u2019\u00e9tude en laboratoire \u00e0 la production commerciale.<\/p>\n<\/div><\/div><\/div><\/div><\/div><\/div><div class=\"w-separator size_medium\"><\/div><div class=\"g-cols wpb_row us_custom_fc8f29cf via_flex valign_top type_default stacking_default\" style=\"--additional-gap:1.5rem;\"><div class=\"vc_col-sm-12 wpb_column vc_column_container has_bg_color\"><div class=\"vc_column-inner us_custom_73262207\"><div class=\"wpb_wrapper\"><div class=\"wpb_text_column\"><div class=\"wpb_wrapper\"><h3>Substances cytotoxiques et contr\u00f4l\u00e9es<\/h3>\n<p>Minakem est pleinement autoris\u00e9 \u00e0 manipuler et commercialiser des substances contr\u00f4l\u00e9es, y compris les narcotiques et st\u00e9ro\u00efdes. Notre respect rigoureux des r\u00e9glementations garantit la conformit\u00e9 et la qualit\u00e9 des produits, pour une fabrication s\u00fbre et fiable.<\/p>\n<\/div><\/div><\/div><\/div><\/div><\/div><\/div><\/div><\/div><\/div><\/div><\/section><section class=\"l-section wpb_row height_large with_img parallax_ver\"><div class=\"l-section-img\" role=\"img\" aria-label=\"Image\" data-img-width=\"2560\" data-img-height=\"1434\" style=\"background-image: url(https:\/\/minakem.com\/wp-content\/uploads\/2024\/12\/adn-cdmo-scaled.jpg);background-repeat: no-repeat;\"><\/div><div class=\"l-section-h i-cf\"><div class=\"g-cols vc_row via_flex valign_top type_default stacking_default\"><div class=\"vc_col-sm-12 wpb_column vc_column_container\"><div class=\"vc_column-inner\"><div class=\"wpb_wrapper\"><div class=\"w-separator size_large\"><\/div><\/div><\/div><\/div><\/div><\/div><\/section><section class=\"l-section wpb_row height_large\"><div class=\"l-section-overlay\" style=\"background:var(--color-wblue)\"><\/div><div class=\"l-section-h i-cf\"><div class=\"g-cols vc_row via_flex valign_top type_default stacking_default\"><div class=\"vc_col-sm-12 wpb_column vc_column_container\"><div class=\"vc_column-inner\"><div class=\"wpb_wrapper\"><div class=\"wpb_text_column\"><div class=\"wpb_wrapper\"><h2>R&amp;D : Un d\u00e9veloppement fluide et int\u00e9gr\u00e9<\/h2>\n<\/div><\/div><div class=\"w-separator size_medium\"><\/div><div class=\"g-cols wpb_row us_custom_fc8f29cf via_flex valign_middle type_default stacking_default\"><div class=\"vc_col-sm-6 wpb_column vc_column_container\"><div class=\"vc_column-inner\"><div class=\"wpb_wrapper\"><div class=\"wpb_text_column\"><div class=\"wpb_wrapper\"><p>Notre site HPAPI en Belgique abrite une branche d\u00e9di\u00e9e de l\u2019\u00e9quipe R&amp;D mondiale de Minakem, offrant un support en temps r\u00e9el pour le d\u00e9veloppement, le transfert et la mont\u00e9e en \u00e9chelle des HPAPI.<\/p>\n<p>Cette int\u00e9gration favorise une collaboration \u00e9troite entre scientifiques, ing\u00e9nieurs proc\u00e9d\u00e9s et sp\u00e9cialistes de la production, acc\u00e9l\u00e9rant le cycle de d\u00e9veloppement du laboratoire \u00e0 la production commerciale.<\/p>\n<\/div><\/div><\/div><\/div><\/div><div class=\"vc_col-sm-6 wpb_column vc_column_container has_bg_color\"><div class=\"vc_column-inner us_custom_73262207\"><div class=\"wpb_wrapper\"><div class=\"wpb_text_column\"><div class=\"wpb_wrapper\"><h3>Collaboration inter-sites<\/h3>\n<p>Notre r\u00e9seau mondial R&amp;D travaille en synergie sur plusieurs sites, notamment pour les \u00e9tudes de formes solides, la s\u00e9curit\u00e9 des proc\u00e9d\u00e9s et l\u2019ing\u00e9nierie des proc\u00e9d\u00e9s. Cette connectivit\u00e9 nous permet d\u2019optimiser les processus et d\u2019appliquer les meilleures pratiques pour des solutions innovantes et \u00e9volutives.<\/p>\n<\/div><\/div><\/div><\/div><\/div><\/div><\/div><\/div><\/div><\/div><\/div><\/section><section class=\"l-section wpb_row height_large\"><div class=\"l-section-h i-cf\"><div class=\"g-cols vc_row via_flex valign_top type_default stacking_default\"><div class=\"vc_col-sm-12 wpb_column vc_column_container\"><div class=\"vc_column-inner\"><div class=\"wpb_wrapper\"><div class=\"g-cols wpb_row via_flex valign_top type_default stacking_default\"><div class=\"vc_col-sm-6 wpb_column vc_column_container\"><div class=\"vc_column-inner\"><div class=\"wpb_wrapper\"><div class=\"wpb_text_column\"><div class=\"wpb_wrapper\"><h2>Expertise in\u00e9gal\u00e9e<br \/>\nen HPLC pr\u00e9parative sous cGMP<\/h2>\n<\/div><\/div><div class=\"w-separator size_medium\"><\/div><div class=\"wpb_text_column\"><div class=\"wpb_wrapper\"><p>L\u2019une des comp\u00e9tences phares de Minakem est notre sp\u00e9cialisation en Chromatographie Liquide Haute Pression (HPLC) pr\u00e9parative, une technique essentielle pour purifier les HPAPI qui ne peuvent pas \u00eatre cristallis\u00e9s.<\/p>\n<p>Nos syst\u00e8mes LC50 \u00e0 LC300, ainsi que nos \u00e9quipements de laboratoire, permettent la purification des compos\u00e9s les plus complexes et puissants, sous conditions cGMP, garantissant les niveaux de puret\u00e9 les plus \u00e9lev\u00e9s pour les applications pharmaceutiques.<\/p>\n<p>Notre engagement : s\u00e9curit\u00e9, conformit\u00e9 et innovation. En combinant une expertise de pointe en fabrication HPAPI avec des technologies de purification avanc\u00e9es, Minakem offre un avantage unique.<\/p>\n<p>Nous nous engageons \u00e0 fournir des solutions de haute qualit\u00e9 qui r\u00e9pondent aux normes les plus exigeantes de l\u2019industrie, pour accompagner nos partenaires dans la mise sur le march\u00e9 de th\u00e9rapies vitales, de mani\u00e8re efficace et s\u00e9curis\u00e9e.<\/p>\n<\/div><\/div><\/div><\/div><\/div><div class=\"vc_col-sm-6 wpb_column vc_column_container\"><div class=\"vc_column-inner\"><div class=\"wpb_wrapper\"><div class=\"w-image us_custom_a61e2493 align_none\"><div class=\"w-image-h\"><img decoding=\"async\" width=\"669\" height=\"674\" src=\"https:\/\/minakem.com\/wp-content\/uploads\/2025\/02\/minakem-history-future.png\" class=\"attachment-large size-large\" alt=\"\" loading=\"lazy\" srcset=\"https:\/\/minakem.com\/wp-content\/uploads\/2025\/02\/minakem-history-future.png 669w, https:\/\/minakem.com\/wp-content\/uploads\/2025\/02\/minakem-history-future-298x300.png 298w, https:\/\/minakem.com\/wp-content\/uploads\/2025\/02\/minakem-history-future-150x150.png 150w, https:\/\/minakem.com\/wp-content\/uploads\/2025\/02\/minakem-history-future-60x60.png 60w, https:\/\/minakem.com\/wp-content\/uploads\/2025\/02\/minakem-history-future-200x200.png 200w, https:\/\/minakem.com\/wp-content\/uploads\/2025\/02\/minakem-history-future-100x100.png 100w\" sizes=\"auto, (max-width: 669px) 100vw, 669px\" \/><\/div><\/div><\/div><\/div><\/div><\/div><\/div><\/div><\/div><\/div><\/div><\/section>\n","protected":false},"excerpt":{"rendered":"Minakem : L\u2019excellence dans la fabrication et la purification des HPAPI Nous sommes \u00e0 la pointe du d\u00e9veloppement et de la fabrication des ingr\u00e9dients pharmaceutiques actifs hautement puissants (HPAPI), en alliant technologies de pointe et expertise int\u00e9gr\u00e9e en R&amp;D. Nos comp\u00e9tences sp\u00e9cialis\u00e9es dans la manipulation de substances cytotoxiques et contr\u00f4l\u00e9es, associ\u00e9es \u00e0 nos technologies avanc\u00e9es...","protected":false},"author":1,"featured_media":0,"parent":0,"menu_order":0,"comment_status":"closed","ping_status":"closed","template":"","meta":{"_acf_changed":false,"footnotes":""},"class_list":["post-29173","page","type-page","status-publish","hentry"],"acf":[],"yoast_head":"<!-- This site is optimized with the Yoast SEO Premium plugin v27.3 (Yoast SEO v27.3) - https:\/\/yoast.com\/product\/yoast-seo-premium-wordpress\/ -->\n<title>Fabrication de HPAPI | Minakem<\/title>\n<meta name=\"description\" content=\"Minakem est sp\u00e9cialis\u00e9 dans la fabrication de HPAPI, avec des mesures de s\u00e9curit\u00e9 avanc\u00e9es et des technologies de purification performantes.\" \/>\n<meta name=\"robots\" content=\"index, follow, max-snippet:-1, max-image-preview:large, max-video-preview:-1\" \/>\n<link rel=\"canonical\" href=\"https:\/\/minakem.com\/fr\/hpapis\/\" \/>\n<meta property=\"og:locale\" content=\"fr_FR\" \/>\n<meta property=\"og:type\" content=\"article\" \/>\n<meta property=\"og:title\" content=\"Highly potent APIs\" \/>\n<meta property=\"og:description\" content=\"Minakem est sp\u00e9cialis\u00e9 dans la fabrication de HPAPI, avec des mesures de s\u00e9curit\u00e9 avanc\u00e9es et des technologies de purification performantes.\" \/>\n<meta property=\"og:url\" content=\"https:\/\/minakem.com\/fr\/hpapis\/\" \/>\n<meta property=\"og:site_name\" content=\"Minakem\" \/>\n<meta property=\"article:publisher\" content=\"https:\/\/www.linkedin.com\/company\/minakem\/\" \/>\n<meta property=\"article:modified_time\" content=\"2025-12-24T12:23:09+00:00\" \/>\n<meta name=\"twitter:card\" content=\"summary_large_image\" \/>\n<meta name=\"twitter:label1\" content=\"Dur\u00e9e de lecture estim\u00e9e\" \/>\n\t<meta name=\"twitter:data1\" content=\"3 minutes\" \/>\n<script type=\"application\/ld+json\" class=\"yoast-schema-graph\">{\"@context\":\"https:\\\/\\\/schema.org\",\"@graph\":[{\"@type\":\"WebPage\",\"@id\":\"https:\\\/\\\/minakem.com\\\/fr\\\/hpapis\\\/\",\"url\":\"https:\\\/\\\/minakem.com\\\/fr\\\/hpapis\\\/\",\"name\":\"Fabrication de HPAPI | Minakem\",\"isPartOf\":{\"@id\":\"https:\\\/\\\/minakem.com\\\/fr\\\/#website\"},\"datePublished\":\"2025-02-26T11:11:39+00:00\",\"dateModified\":\"2025-12-24T12:23:09+00:00\",\"description\":\"Minakem est sp\u00e9cialis\u00e9 dans la fabrication de HPAPI, avec des mesures de s\u00e9curit\u00e9 avanc\u00e9es et des technologies de purification performantes.\",\"breadcrumb\":{\"@id\":\"https:\\\/\\\/minakem.com\\\/fr\\\/hpapis\\\/#breadcrumb\"},\"inLanguage\":\"fr-FR\",\"potentialAction\":[{\"@type\":\"ReadAction\",\"target\":[\"https:\\\/\\\/minakem.com\\\/fr\\\/hpapis\\\/\"]}]},{\"@type\":\"BreadcrumbList\",\"@id\":\"https:\\\/\\\/minakem.com\\\/fr\\\/hpapis\\\/#breadcrumb\",\"itemListElement\":[{\"@type\":\"ListItem\",\"position\":1,\"name\":\"Home\",\"item\":\"https:\\\/\\\/minakem.com\\\/fr\\\/\"},{\"@type\":\"ListItem\",\"position\":2,\"name\":\"Highly potent APIs\"}]},{\"@type\":\"WebSite\",\"@id\":\"https:\\\/\\\/minakem.com\\\/fr\\\/#website\",\"url\":\"https:\\\/\\\/minakem.com\\\/fr\\\/\",\"name\":\"Minakem\",\"description\":\"\",\"publisher\":{\"@id\":\"https:\\\/\\\/minakem.com\\\/fr\\\/#organization\"},\"potentialAction\":[{\"@type\":\"SearchAction\",\"target\":{\"@type\":\"EntryPoint\",\"urlTemplate\":\"https:\\\/\\\/minakem.com\\\/fr\\\/?s={search_term_string}\"},\"query-input\":{\"@type\":\"PropertyValueSpecification\",\"valueRequired\":true,\"valueName\":\"search_term_string\"}}],\"inLanguage\":\"fr-FR\"},{\"@type\":\"Organization\",\"@id\":\"https:\\\/\\\/minakem.com\\\/fr\\\/#organization\",\"name\":\"Minakem\",\"url\":\"https:\\\/\\\/minakem.com\\\/fr\\\/\",\"logo\":{\"@type\":\"ImageObject\",\"inLanguage\":\"fr-FR\",\"@id\":\"https:\\\/\\\/minakem.com\\\/fr\\\/#\\\/schema\\\/logo\\\/image\\\/\",\"url\":\"https:\\\/\\\/minakem.com\\\/wp-content\\\/uploads\\\/2024\\\/12\\\/favicon.svg\",\"contentUrl\":\"https:\\\/\\\/minakem.com\\\/wp-content\\\/uploads\\\/2024\\\/12\\\/favicon.svg\",\"width\":\"1024\",\"height\":\"1024\",\"caption\":\"Minakem\"},\"image\":{\"@id\":\"https:\\\/\\\/minakem.com\\\/fr\\\/#\\\/schema\\\/logo\\\/image\\\/\"},\"sameAs\":[\"https:\\\/\\\/www.linkedin.com\\\/company\\\/minakem\\\/\"]}]}<\/script>\n<!-- \/ Yoast SEO Premium plugin. -->","yoast_head_json":{"title":"Fabrication de HPAPI | Minakem","description":"Minakem est sp\u00e9cialis\u00e9 dans la fabrication de HPAPI, avec des mesures de s\u00e9curit\u00e9 avanc\u00e9es et des technologies de purification performantes.","robots":{"index":"index","follow":"follow","max-snippet":"max-snippet:-1","max-image-preview":"max-image-preview:large","max-video-preview":"max-video-preview:-1"},"canonical":"https:\/\/minakem.com\/fr\/hpapis\/","og_locale":"fr_FR","og_type":"article","og_title":"Highly potent APIs","og_description":"Minakem est sp\u00e9cialis\u00e9 dans la fabrication de HPAPI, avec des mesures de s\u00e9curit\u00e9 avanc\u00e9es et des technologies de purification performantes.","og_url":"https:\/\/minakem.com\/fr\/hpapis\/","og_site_name":"Minakem","article_publisher":"https:\/\/www.linkedin.com\/company\/minakem\/","article_modified_time":"2025-12-24T12:23:09+00:00","twitter_card":"summary_large_image","twitter_misc":{"Dur\u00e9e de lecture estim\u00e9e":"3 minutes"},"schema":{"@context":"https:\/\/schema.org","@graph":[{"@type":"WebPage","@id":"https:\/\/minakem.com\/fr\/hpapis\/","url":"https:\/\/minakem.com\/fr\/hpapis\/","name":"Fabrication de HPAPI | Minakem","isPartOf":{"@id":"https:\/\/minakem.com\/fr\/#website"},"datePublished":"2025-02-26T11:11:39+00:00","dateModified":"2025-12-24T12:23:09+00:00","description":"Minakem est sp\u00e9cialis\u00e9 dans la fabrication de HPAPI, avec des mesures de s\u00e9curit\u00e9 avanc\u00e9es et des technologies de purification performantes.","breadcrumb":{"@id":"https:\/\/minakem.com\/fr\/hpapis\/#breadcrumb"},"inLanguage":"fr-FR","potentialAction":[{"@type":"ReadAction","target":["https:\/\/minakem.com\/fr\/hpapis\/"]}]},{"@type":"BreadcrumbList","@id":"https:\/\/minakem.com\/fr\/hpapis\/#breadcrumb","itemListElement":[{"@type":"ListItem","position":1,"name":"Home","item":"https:\/\/minakem.com\/fr\/"},{"@type":"ListItem","position":2,"name":"Highly potent APIs"}]},{"@type":"WebSite","@id":"https:\/\/minakem.com\/fr\/#website","url":"https:\/\/minakem.com\/fr\/","name":"Minakem","description":"","publisher":{"@id":"https:\/\/minakem.com\/fr\/#organization"},"potentialAction":[{"@type":"SearchAction","target":{"@type":"EntryPoint","urlTemplate":"https:\/\/minakem.com\/fr\/?s={search_term_string}"},"query-input":{"@type":"PropertyValueSpecification","valueRequired":true,"valueName":"search_term_string"}}],"inLanguage":"fr-FR"},{"@type":"Organization","@id":"https:\/\/minakem.com\/fr\/#organization","name":"Minakem","url":"https:\/\/minakem.com\/fr\/","logo":{"@type":"ImageObject","inLanguage":"fr-FR","@id":"https:\/\/minakem.com\/fr\/#\/schema\/logo\/image\/","url":"https:\/\/minakem.com\/wp-content\/uploads\/2024\/12\/favicon.svg","contentUrl":"https:\/\/minakem.com\/wp-content\/uploads\/2024\/12\/favicon.svg","width":"1024","height":"1024","caption":"Minakem"},"image":{"@id":"https:\/\/minakem.com\/fr\/#\/schema\/logo\/image\/"},"sameAs":["https:\/\/www.linkedin.com\/company\/minakem\/"]}]}},"_links":{"self":[{"href":"https:\/\/minakem.com\/fr\/wp-json\/wp\/v2\/pages\/29173","targetHints":{"allow":["GET"]}}],"collection":[{"href":"https:\/\/minakem.com\/fr\/wp-json\/wp\/v2\/pages"}],"about":[{"href":"https:\/\/minakem.com\/fr\/wp-json\/wp\/v2\/types\/page"}],"author":[{"embeddable":true,"href":"https:\/\/minakem.com\/fr\/wp-json\/wp\/v2\/users\/1"}],"replies":[{"embeddable":true,"href":"https:\/\/minakem.com\/fr\/wp-json\/wp\/v2\/comments?post=29173"}],"version-history":[{"count":2,"href":"https:\/\/minakem.com\/fr\/wp-json\/wp\/v2\/pages\/29173\/revisions"}],"predecessor-version":[{"id":29175,"href":"https:\/\/minakem.com\/fr\/wp-json\/wp\/v2\/pages\/29173\/revisions\/29175"}],"wp:attachment":[{"href":"https:\/\/minakem.com\/fr\/wp-json\/wp\/v2\/media?parent=29173"}],"curies":[{"name":"wp","href":"https:\/\/api.w.org\/{rel}","templated":true}]}}