{"id":29145,"date":"2025-02-07T17:46:06","date_gmt":"2025-02-07T16:46:06","guid":{"rendered":"https:\/\/minakem.com\/?page_id=29145"},"modified":"2025-12-29T12:25:28","modified_gmt":"2025-12-29T11:25:28","slug":"nos-sites","status":"publish","type":"page","link":"https:\/\/minakem.com\/fr\/nos-sites\/","title":{"rendered":"Nos sites"},"content":{"rendered":"<section class=\"l-section wpb_row height_auto\"><div class=\"l-section-overlay\" style=\"background:var(--color-wblue)\"><\/div><div class=\"l-section-h i-cf\"><div class=\"g-cols vc_row via_flex valign_top type_default stacking_default\"><div class=\"vc_col-sm-12 wpb_column vc_column_container\"><div class=\"vc_column-inner\"><div class=\"wpb_wrapper\"><div class=\"w-separator size_large\"><\/div><div class=\"w-image us_custom_eb6aab22 has_ratio align_none\"><div class=\"w-image-h\"><div style=\"padding-bottom:23.8095%\"><\/div><img decoding=\"async\" width=\"1024\" height=\"574\" src=\"https:\/\/minakem.com\/wp-content\/uploads\/2025\/02\/Planisphere-1024x574.png\" class=\"attachment-large size-large\" alt=\"\" loading=\"lazy\" \/><\/div><\/div><div class=\"w-separator size_medium\"><\/div><div class=\"wpb_text_column\"><div class=\"wpb_wrapper\"><h1>Nos sites<\/h1>\n<\/div><\/div><\/div><\/div><\/div><\/div><\/div><\/section><section class=\"l-section wpb_row height_large\"><div class=\"l-section-overlay\" style=\"background:var(--color-wblue)\"><\/div><div class=\"l-section-h i-cf\"><div class=\"g-cols vc_row via_flex valign_top type_default stacking_default\" style=\"--additional-gap:20px;\"><div class=\"vc_col-sm-12 wpb_column vc_column_container\"><div class=\"vc_column-inner\"><div class=\"wpb_wrapper\"><div class=\"g-cols wpb_row us_custom_fc8f29cf via_flex valign_top type_default stacking_default\" style=\"--additional-gap:20px;\"><div class=\"vc_col-sm-6 wpb_column vc_column_container has_bg_color\"><div class=\"vc_column-inner us_custom_56937202\"><div class=\"wpb_wrapper\"><div class=\"w-image us_custom_f8faba63 has_ratio align_none\"><div class=\"w-image-h\"><div style=\"padding-bottom:42.8571%\"><\/div><img decoding=\"async\" width=\"1024\" height=\"680\" src=\"https:\/\/minakem.com\/wp-content\/uploads\/2025\/03\/dunkerque-factories-1024x680.jpg\" class=\"attachment-large size-large\" alt=\"\" loading=\"lazy\" \/><\/div><\/div><div class=\"w-vwrapper us_custom_99f74c2c align_none valign_top\"><div class=\"w-text us_custom_67b6827d\"><span class=\"w-text-h\"><span class=\"w-text-value\">Dunkerque &#8211; France<\/span><\/span><\/div><div class=\"wpb_text_column\"><div class=\"wpb_wrapper\"><p><strong> Production d\u2019API (principes actifs pharmaceutiques) de petites mol\u00e9cules <\/strong><\/p>\n<ul>\n<li>Fabrication \u00e0 grande \u00e9chelle<\/li>\n<\/ul>\n<\/div><\/div><div class=\"w-text us_custom_d06f77a6 has_text_color icon_atright\"><a href=\"https:\/\/minakem.com\/fr\/manufacturing\/dunkerque\/\" class=\"w-text-h\"><span class=\"w-text-value\">En savoir plus<\/span><i class=\"fas fa-plus\"><\/i><\/a><\/div><\/div><\/div><\/div><\/div><div class=\"vc_col-sm-6 wpb_column vc_column_container has_bg_color\"><div class=\"vc_column-inner us_custom_ebe8e821\"><div class=\"wpb_wrapper\"><div class=\"w-image us_custom_f8faba63 has_ratio align_none\"><div class=\"w-image-h\"><div style=\"padding-bottom:42.8571%\"><\/div><img decoding=\"async\" width=\"1024\" height=\"1024\" src=\"https:\/\/minakem.com\/wp-content\/uploads\/2025\/03\/montreal-minakem-1024x1024.jpeg\" class=\"attachment-large size-large\" alt=\"\" loading=\"lazy\" \/><\/div><\/div><div class=\"w-vwrapper us_custom_99f74c2c align_none valign_top\"><div class=\"w-text us_custom_67b6827d\"><span class=\"w-text-h\"><span class=\"w-text-value\">Montreal &#8211; Canada<\/span><\/span><\/div><div class=\"wpb_text_column\"><div class=\"wpb_wrapper\"><p><strong>D\u00e9veloppement et production d\u2019API de petites mol\u00e9cules et de st\u00e9ro\u00efdes<\/strong><\/p>\n<ul>\n<li>D\u00e9veloppement de proc\u00e9d\u00e9s et d\u2019analyses adapt\u00e9s, avec mont\u00e9e en charge rapide et robuste, de la phase clinique \u00e0 la production<\/li>\n<li>Unit\u00e9 d\u00e9di\u00e9e \u00e0 la fabrication de st\u00e9ro\u00efdes<\/li>\n<\/ul>\n<\/div><\/div><div class=\"w-text us_custom_d06f77a6 has_text_color icon_atright\"><a href=\"https:\/\/minakem.com\/fr\/manufacturing\/montreal\/\" class=\"w-text-h\"><span class=\"w-text-value\">En savoir plus<\/span><i class=\"fas fa-plus\"><\/i><\/a><\/div><\/div><\/div><\/div><\/div><\/div><div class=\"w-separator size_medium\"><\/div><div class=\"g-cols wpb_row us_custom_fc8f29cf via_flex valign_top type_default stacking_default\" style=\"--additional-gap:20px;\"><div class=\"vc_col-sm-6 wpb_column vc_column_container has_bg_color\"><div class=\"vc_column-inner us_custom_56937202\"><div class=\"wpb_wrapper\"><div class=\"w-image us_custom_f8faba63 has_ratio align_none\"><div class=\"w-image-h\"><div style=\"padding-bottom:42.8571%\"><\/div><img decoding=\"async\" width=\"1024\" height=\"576\" src=\"https:\/\/minakem.com\/wp-content\/uploads\/2025\/03\/Louvain-la-neuve-factorie-1024x576.png\" class=\"attachment-large size-large\" alt=\"\" loading=\"lazy\" \/><\/div><\/div><div class=\"w-vwrapper us_custom_99f74c2c align_none valign_top\"><div class=\"w-text us_custom_67b6827d\"><span class=\"w-text-h\"><span class=\"w-text-value\">Louvain-la-Neuve &#8211; Belgium<\/span><\/span><\/div><div class=\"wpb_text_column\"><div class=\"wpb_wrapper\"><p><strong> D\u00e9veloppement et production d\u2019API hautement puissants (HPAPI) et de st\u00e9ro\u00efdes <\/strong><\/p>\n<ul>\n<li>D\u00e9veloppement de proc\u00e9d\u00e9s et d\u2019analyses adapt\u00e9s, avec mont\u00e9e en charge rapide et robuste, de la phase clinique \u00e0 la production<\/li>\n<li>OEL: 0.1\u00b5g\/m<sup>3<\/sup>\/par poste et HPLC pr\u00e9parative industrielle<\/li>\n<\/ul>\n<\/div><\/div><div class=\"w-text us_custom_d06f77a6 has_text_color icon_atright\"><a href=\"https:\/\/minakem.com\/fr\/manufacturing\/louvain-la-neuve\/\" class=\"w-text-h\"><span class=\"w-text-value\">En savoir plus<\/span><i class=\"fas fa-plus\"><\/i><\/a><\/div><\/div><\/div><\/div><\/div><div class=\"vc_col-sm-6 wpb_column vc_column_container has_bg_color\"><div class=\"vc_column-inner us_custom_ebe8e821\"><div class=\"wpb_wrapper\"><div class=\"w-image us_custom_f8faba63 has_ratio align_none\"><div class=\"w-image-h\"><div style=\"padding-bottom:42.8571%\"><\/div><img decoding=\"async\" width=\"1024\" height=\"683\" src=\"https:\/\/minakem.com\/wp-content\/uploads\/2025\/03\/Beuvry-manufacturing-1024x683.jpg\" class=\"attachment-large size-large\" alt=\"\" loading=\"lazy\" \/><\/div><\/div><div class=\"w-vwrapper us_custom_99f74c2c align_none valign_top\"><div class=\"w-text us_custom_67b6827d\"><span class=\"w-text-h\"><span class=\"w-text-value\">Beuvry-la-Foret &#8211; France<\/span><\/span><\/div><div class=\"wpb_text_column\"><div class=\"wpb_wrapper\"><p><strong> D\u00e9veloppement et production d\u2019API de petites mol\u00e9cules <\/strong><\/p>\n<ul>\n<li>D\u00e9veloppement de proc\u00e9d\u00e9s et d\u2019analyses adapt\u00e9s, avec mont\u00e9e en charge rapide et robuste, de la phase clinique \u00e0 la production<\/li>\n<li>Centre d\u2019excellence R&amp;D de Minakem<\/li>\n<\/ul>\n<\/div><\/div><div class=\"w-text us_custom_d06f77a6 has_text_color icon_atright\"><a href=\"https:\/\/minakem.com\/fr\/manufacturing\/beuvry-la-foret\/\" class=\"w-text-h\"><span class=\"w-text-value\">En savoir plus<\/span><i class=\"fas fa-plus\"><\/i><\/a><\/div><\/div><\/div><\/div><\/div><\/div><\/div><\/div><\/div><\/div><\/div><\/section>\n","protected":false},"excerpt":{"rendered":"Nos sites Dunkerque &#8211; France Production d\u2019API (principes actifs pharmaceutiques) de petites mol\u00e9cules Fabrication \u00e0 grande \u00e9chelle En savoir plusMontreal &#8211; CanadaD\u00e9veloppement et production d\u2019API de petites mol\u00e9cules et de st\u00e9ro\u00efdes D\u00e9veloppement de proc\u00e9d\u00e9s et d\u2019analyses adapt\u00e9s, avec mont\u00e9e en charge rapide et robuste, de la phase clinique \u00e0 la production Unit\u00e9 d\u00e9di\u00e9e \u00e0 la...","protected":false},"author":1,"featured_media":0,"parent":0,"menu_order":0,"comment_status":"closed","ping_status":"closed","template":"","meta":{"_acf_changed":false,"footnotes":""},"class_list":["post-29145","page","type-page","status-publish","hentry"],"acf":[],"yoast_head":"<!-- This site is optimized with the Yoast SEO Premium plugin v27.3 (Yoast SEO v27.3) - https:\/\/yoast.com\/product\/yoast-seo-premium-wordpress\/ -->\n<title>Nos sites | Implantations industrielles | Minakem<\/title>\n<meta name=\"description\" content=\"D\u00e9couvrez les sites de production de Minakem en France, Belgique et Canada, sp\u00e9cialis\u00e9s dans les API, HPAPI et st\u00e9ro\u00efdes.\" \/>\n<meta name=\"robots\" content=\"index, follow, max-snippet:-1, max-image-preview:large, max-video-preview:-1\" \/>\n<link rel=\"canonical\" href=\"https:\/\/minakem.com\/fr\/nos-sites\/\" \/>\n<meta property=\"og:locale\" content=\"fr_FR\" \/>\n<meta property=\"og:type\" content=\"article\" \/>\n<meta property=\"og:title\" content=\"Nos sites\" \/>\n<meta property=\"og:description\" content=\"D\u00e9couvrez les sites de production de Minakem en France, Belgique et Canada, sp\u00e9cialis\u00e9s dans les API, HPAPI et st\u00e9ro\u00efdes.\" \/>\n<meta property=\"og:url\" content=\"https:\/\/minakem.com\/fr\/nos-sites\/\" \/>\n<meta property=\"og:site_name\" content=\"Minakem\" \/>\n<meta property=\"article:publisher\" content=\"https:\/\/www.linkedin.com\/company\/minakem\/\" \/>\n<meta property=\"article:modified_time\" content=\"2025-12-29T11:25:28+00:00\" \/>\n<meta name=\"twitter:card\" content=\"summary_large_image\" \/>\n<meta name=\"twitter:label1\" content=\"Dur\u00e9e de lecture estim\u00e9e\" \/>\n\t<meta name=\"twitter:data1\" content=\"2 minutes\" \/>\n<script type=\"application\/ld+json\" class=\"yoast-schema-graph\">{\"@context\":\"https:\\\/\\\/schema.org\",\"@graph\":[{\"@type\":\"WebPage\",\"@id\":\"https:\\\/\\\/minakem.com\\\/fr\\\/nos-sites\\\/\",\"url\":\"https:\\\/\\\/minakem.com\\\/fr\\\/nos-sites\\\/\",\"name\":\"Nos sites | Implantations industrielles | Minakem\",\"isPartOf\":{\"@id\":\"https:\\\/\\\/minakem.com\\\/fr\\\/#website\"},\"datePublished\":\"2025-02-07T16:46:06+00:00\",\"dateModified\":\"2025-12-29T11:25:28+00:00\",\"description\":\"D\u00e9couvrez les sites de production de Minakem en France, Belgique et Canada, sp\u00e9cialis\u00e9s dans les API, HPAPI et st\u00e9ro\u00efdes.\",\"breadcrumb\":{\"@id\":\"https:\\\/\\\/minakem.com\\\/fr\\\/nos-sites\\\/#breadcrumb\"},\"inLanguage\":\"fr-FR\",\"potentialAction\":[{\"@type\":\"ReadAction\",\"target\":[\"https:\\\/\\\/minakem.com\\\/fr\\\/nos-sites\\\/\"]}]},{\"@type\":\"BreadcrumbList\",\"@id\":\"https:\\\/\\\/minakem.com\\\/fr\\\/nos-sites\\\/#breadcrumb\",\"itemListElement\":[{\"@type\":\"ListItem\",\"position\":1,\"name\":\"Home\",\"item\":\"https:\\\/\\\/minakem.com\\\/fr\\\/\"},{\"@type\":\"ListItem\",\"position\":2,\"name\":\"Nos sites\"}]},{\"@type\":\"WebSite\",\"@id\":\"https:\\\/\\\/minakem.com\\\/fr\\\/#website\",\"url\":\"https:\\\/\\\/minakem.com\\\/fr\\\/\",\"name\":\"Minakem\",\"description\":\"\",\"publisher\":{\"@id\":\"https:\\\/\\\/minakem.com\\\/fr\\\/#organization\"},\"potentialAction\":[{\"@type\":\"SearchAction\",\"target\":{\"@type\":\"EntryPoint\",\"urlTemplate\":\"https:\\\/\\\/minakem.com\\\/fr\\\/?s={search_term_string}\"},\"query-input\":{\"@type\":\"PropertyValueSpecification\",\"valueRequired\":true,\"valueName\":\"search_term_string\"}}],\"inLanguage\":\"fr-FR\"},{\"@type\":\"Organization\",\"@id\":\"https:\\\/\\\/minakem.com\\\/fr\\\/#organization\",\"name\":\"Minakem\",\"url\":\"https:\\\/\\\/minakem.com\\\/fr\\\/\",\"logo\":{\"@type\":\"ImageObject\",\"inLanguage\":\"fr-FR\",\"@id\":\"https:\\\/\\\/minakem.com\\\/fr\\\/#\\\/schema\\\/logo\\\/image\\\/\",\"url\":\"https:\\\/\\\/minakem.com\\\/wp-content\\\/uploads\\\/2024\\\/12\\\/favicon.svg\",\"contentUrl\":\"https:\\\/\\\/minakem.com\\\/wp-content\\\/uploads\\\/2024\\\/12\\\/favicon.svg\",\"width\":\"1024\",\"height\":\"1024\",\"caption\":\"Minakem\"},\"image\":{\"@id\":\"https:\\\/\\\/minakem.com\\\/fr\\\/#\\\/schema\\\/logo\\\/image\\\/\"},\"sameAs\":[\"https:\\\/\\\/www.linkedin.com\\\/company\\\/minakem\\\/\"]}]}<\/script>\n<!-- \/ Yoast SEO Premium plugin. -->","yoast_head_json":{"title":"Nos sites | Implantations industrielles | Minakem","description":"D\u00e9couvrez les sites de production de Minakem en France, Belgique et Canada, sp\u00e9cialis\u00e9s dans les API, HPAPI et st\u00e9ro\u00efdes.","robots":{"index":"index","follow":"follow","max-snippet":"max-snippet:-1","max-image-preview":"max-image-preview:large","max-video-preview":"max-video-preview:-1"},"canonical":"https:\/\/minakem.com\/fr\/nos-sites\/","og_locale":"fr_FR","og_type":"article","og_title":"Nos sites","og_description":"D\u00e9couvrez les sites de production de Minakem en France, Belgique et Canada, sp\u00e9cialis\u00e9s dans les API, HPAPI et st\u00e9ro\u00efdes.","og_url":"https:\/\/minakem.com\/fr\/nos-sites\/","og_site_name":"Minakem","article_publisher":"https:\/\/www.linkedin.com\/company\/minakem\/","article_modified_time":"2025-12-29T11:25:28+00:00","twitter_card":"summary_large_image","twitter_misc":{"Dur\u00e9e de lecture estim\u00e9e":"2 minutes"},"schema":{"@context":"https:\/\/schema.org","@graph":[{"@type":"WebPage","@id":"https:\/\/minakem.com\/fr\/nos-sites\/","url":"https:\/\/minakem.com\/fr\/nos-sites\/","name":"Nos sites | Implantations industrielles | Minakem","isPartOf":{"@id":"https:\/\/minakem.com\/fr\/#website"},"datePublished":"2025-02-07T16:46:06+00:00","dateModified":"2025-12-29T11:25:28+00:00","description":"D\u00e9couvrez les sites de production de Minakem en France, Belgique et Canada, sp\u00e9cialis\u00e9s dans les API, HPAPI et st\u00e9ro\u00efdes.","breadcrumb":{"@id":"https:\/\/minakem.com\/fr\/nos-sites\/#breadcrumb"},"inLanguage":"fr-FR","potentialAction":[{"@type":"ReadAction","target":["https:\/\/minakem.com\/fr\/nos-sites\/"]}]},{"@type":"BreadcrumbList","@id":"https:\/\/minakem.com\/fr\/nos-sites\/#breadcrumb","itemListElement":[{"@type":"ListItem","position":1,"name":"Home","item":"https:\/\/minakem.com\/fr\/"},{"@type":"ListItem","position":2,"name":"Nos sites"}]},{"@type":"WebSite","@id":"https:\/\/minakem.com\/fr\/#website","url":"https:\/\/minakem.com\/fr\/","name":"Minakem","description":"","publisher":{"@id":"https:\/\/minakem.com\/fr\/#organization"},"potentialAction":[{"@type":"SearchAction","target":{"@type":"EntryPoint","urlTemplate":"https:\/\/minakem.com\/fr\/?s={search_term_string}"},"query-input":{"@type":"PropertyValueSpecification","valueRequired":true,"valueName":"search_term_string"}}],"inLanguage":"fr-FR"},{"@type":"Organization","@id":"https:\/\/minakem.com\/fr\/#organization","name":"Minakem","url":"https:\/\/minakem.com\/fr\/","logo":{"@type":"ImageObject","inLanguage":"fr-FR","@id":"https:\/\/minakem.com\/fr\/#\/schema\/logo\/image\/","url":"https:\/\/minakem.com\/wp-content\/uploads\/2024\/12\/favicon.svg","contentUrl":"https:\/\/minakem.com\/wp-content\/uploads\/2024\/12\/favicon.svg","width":"1024","height":"1024","caption":"Minakem"},"image":{"@id":"https:\/\/minakem.com\/fr\/#\/schema\/logo\/image\/"},"sameAs":["https:\/\/www.linkedin.com\/company\/minakem\/"]}]}},"_links":{"self":[{"href":"https:\/\/minakem.com\/fr\/wp-json\/wp\/v2\/pages\/29145","targetHints":{"allow":["GET"]}}],"collection":[{"href":"https:\/\/minakem.com\/fr\/wp-json\/wp\/v2\/pages"}],"about":[{"href":"https:\/\/minakem.com\/fr\/wp-json\/wp\/v2\/types\/page"}],"author":[{"embeddable":true,"href":"https:\/\/minakem.com\/fr\/wp-json\/wp\/v2\/users\/1"}],"replies":[{"embeddable":true,"href":"https:\/\/minakem.com\/fr\/wp-json\/wp\/v2\/comments?post=29145"}],"version-history":[{"count":3,"href":"https:\/\/minakem.com\/fr\/wp-json\/wp\/v2\/pages\/29145\/revisions"}],"predecessor-version":[{"id":29383,"href":"https:\/\/minakem.com\/fr\/wp-json\/wp\/v2\/pages\/29145\/revisions\/29383"}],"wp:attachment":[{"href":"https:\/\/minakem.com\/fr\/wp-json\/wp\/v2\/media?parent=29145"}],"curies":[{"name":"wp","href":"https:\/\/api.w.org\/{rel}","templated":true}]}}