{"id":28921,"date":"2025-02-07T17:26:08","date_gmt":"2025-02-07T16:26:08","guid":{"rendered":"https:\/\/minakem.com\/supply-chain\/"},"modified":"2025-05-13T09:38:42","modified_gmt":"2025-05-13T07:38:42","slug":"chaine-approvisionnement","status":"publish","type":"page","link":"https:\/\/minakem.com\/fr\/chaine-approvisionnement\/","title":{"rendered":"Cha\u00eene d&rsquo;approvisionnement"},"content":{"rendered":"<section class=\"l-section wpb_row height_auto with_shape\"><div class=\"l-section-shape type_custom pos_bottom\" style=\"height:5vmin;color:var(--color-wblue)\"><svg xmlns=\"http:\/\/www.w3.org\/2000\/svg\" viewBox=\"0 0 64 8\" preserveAspectRatio=\"none\" width=\"100%\" height=\"100%\">\r\n\t<path fill=\"currentColor\" d=\"M64 8 L0 8 L0 0 L64 0 Z\"\/>\r\n<\/svg><\/div><div class=\"l-section-h i-cf\"><div class=\"g-cols vc_row via_flex valign_top type_default stacking_default\"><div class=\"vc_col-sm-12 wpb_column vc_column_container\"><div class=\"vc_column-inner\"><div class=\"wpb_wrapper\"><div class=\"w-separator size_large\"><\/div><div class=\"g-cols wpb_row via_flex valign_middle type_default stacking_default\"><div class=\"vc_col-sm-6 wpb_column vc_column_container\"><div class=\"vc_column-inner\"><div class=\"wpb_wrapper\"><div class=\"wpb_text_column\"><div class=\"wpb_wrapper\"><h1>Cha\u00eene d&rsquo;approvisionnement<\/h1>\n<\/div><\/div><div class=\"w-separator size_medium\"><\/div><div class=\"wpb_text_column\"><div class=\"wpb_wrapper\"><p><strong>Une Cha\u00eene d&rsquo;Approvisionnement Robuste et Responsable, Gage de Votre Succ\u00e8s.<\/strong><\/p>\n<p>Chez Minakem, nous savons qu&rsquo;une cha\u00eene d&rsquo;approvisionnement solide et r\u00e9siliente est essentielle pour vous fournir des produits de haute qualit\u00e9 et un service constant. Nous privil\u00e9gions une gestion proactive des risques, un approvisionnement responsable et des partenariats strat\u00e9giques pour garantir la fiabilit\u00e9 et la durabilit\u00e9 de notre cha\u00eene d&rsquo;approvisionnement.<\/p>\n<\/div><\/div><\/div><\/div><\/div><div class=\"vc_col-sm-6 wpb_column vc_column_container\"><div class=\"vc_column-inner\"><div class=\"wpb_wrapper\"><div class=\"w-image us_custom_a61e2493 align_none\"><div class=\"w-image-h\"><img decoding=\"async\" width=\"1004\" height=\"1011\" src=\"https:\/\/minakem.com\/wp-content\/uploads\/2025\/03\/supply-chain.png\" class=\"attachment-large size-large\" alt=\"\" loading=\"lazy\" srcset=\"https:\/\/minakem.com\/wp-content\/uploads\/2025\/03\/supply-chain.png 1004w, https:\/\/minakem.com\/wp-content\/uploads\/2025\/03\/supply-chain-298x300.png 298w, https:\/\/minakem.com\/wp-content\/uploads\/2025\/03\/supply-chain-150x150.png 150w, https:\/\/minakem.com\/wp-content\/uploads\/2025\/03\/supply-chain-60x60.png 60w, https:\/\/minakem.com\/wp-content\/uploads\/2025\/03\/supply-chain-200x200.png 200w, https:\/\/minakem.com\/wp-content\/uploads\/2025\/03\/supply-chain-100x100.png 100w\" sizes=\"auto, (max-width: 1004px) 100vw, 1004px\" \/><\/div><\/div><\/div><\/div><\/div><\/div><\/div><\/div><\/div><\/div><\/div><\/section><section class=\"l-section wpb_row height_large with_shape\"><div class=\"l-section-overlay\" style=\"background:var(--color-wblue)\"><\/div><div class=\"l-section-shape type_custom pos_bottom\" style=\"height:35vmin;color:var(--color-white)\"><svg xmlns=\"http:\/\/www.w3.org\/2000\/svg\" viewBox=\"0 0 64 8\" preserveAspectRatio=\"none\" width=\"100%\" height=\"100%\">\r\n\t<path fill=\"currentColor\" d=\"M64 8 L0 8 L0 0 L64 0 Z\"\/>\r\n<\/svg><\/div><div class=\"l-section-h i-cf\"><div class=\"g-cols vc_row via_flex valign_top type_default stacking_default\"><div class=\"vc_col-sm-12 wpb_column vc_column_container\"><div class=\"vc_column-inner\"><div class=\"wpb_wrapper\"><div class=\"g-cols wpb_row via_flex valign_top type_default stacking_default\"><div class=\"vc_col-sm-8 wpb_column vc_column_container\"><div class=\"vc_column-inner\"><div class=\"wpb_wrapper\"><div class=\"wpb_text_column\"><div class=\"wpb_wrapper\"><h2>Anticiper les Risques, S\u00e9curiser Votre Approvisionnement.<\/h2>\n<p>Notre approche globale de la gestion des risques de la cha\u00eene d&rsquo;approvisionnement est ax\u00e9e sur l&rsquo;identification et la mitigation proactives des perturbations potentielles. Notre strat\u00e9gie repose sur :<\/p>\n<\/div><\/div><\/div><\/div><\/div><div class=\"vc_col-sm-4 wpb_column vc_column_container\"><div class=\"vc_column-inner\"><div class=\"wpb_wrapper\"><\/div><\/div><\/div><\/div><div class=\"w-separator size_medium\"><\/div><div class=\"g-cols wpb_row us_custom_fc8f29cf via_flex valign_top type_default stacking_default\" style=\"--additional-gap:1.5rem;\"><div class=\"vc_col-sm-6 wpb_column vc_column_container has_bg_color\"><div class=\"vc_column-inner us_custom_52736383\"><div class=\"wpb_wrapper\"><div class=\"wpb_text_column us_custom_432d3f53\"><div class=\"wpb_wrapper\"><h3><span style=\"color: #f28f1f;\"> La diversification de nos sources<\/span><\/h3>\n<p>de mati\u00e8res premi\u00e8res et d&#8217;emballages, r\u00e9duisant notre d\u00e9pendance \u00e0 un seul fournisseur ou une seule r\u00e9gion.<\/p>\n<\/div><\/div><\/div><\/div><\/div><div class=\"vc_col-sm-6 wpb_column vc_column_container has_bg_color\"><div class=\"vc_column-inner us_custom_73262207\"><div class=\"wpb_wrapper\"><div class=\"wpb_text_column us_custom_432d3f53\"><div class=\"wpb_wrapper\"><h3><span style=\"color: #f28f1f;\"> Des \u00e9valuations r\u00e9guli\u00e8res des risques<\/span><\/h3>\n<p>prenant en compte la performance des fournisseurs, les aspects g\u00e9ographiques, environnementaux et de durabilit\u00e9, conform\u00e9ment \u00e0 notre Politique d&rsquo;Achat Responsable.<\/p>\n<\/div><\/div><div class=\"w-separator size_small\"><\/div><div class=\"w-btn-wrapper align_center\"><a class=\"w-btn us-btn-style_1 e1 icon_atleft\" target=\"_blank\" href=\"https:\/\/minakem.com\/wp-content\/uploads\/2025\/03\/Responsible_purchasing_policy.pdf\"><i class=\"far fa-long-arrow-right\"><\/i><span class=\"w-btn-label\">T\u00e9l\u00e9charger la politique d&rsquo;achat responsable<\/span><\/a><\/div><\/div><\/div><\/div><\/div><div class=\"w-separator size_medium\"><\/div><div class=\"g-cols wpb_row us_custom_fc8f29cf via_flex valign_top type_default stacking_default\" style=\"--additional-gap:1.5rem;\"><div class=\"vc_col-sm-6 wpb_column vc_column_container has_bg_color\"><div class=\"vc_column-inner us_custom_52736383\"><div class=\"wpb_wrapper\"><div class=\"wpb_text_column us_custom_432d3f53\"><div class=\"wpb_wrapper\"><h3><span style=\"color: #f28f1f;\"> Un syst\u00e8me d&rsquo;\u00e9valuation des fournisseurs performant <\/span><\/h3>\n<p>et une strat\u00e9gie de double approvisionnement pour les mat\u00e9riaux critiques, assurant des options d&rsquo;approvisionnement alternatives.<\/p>\n<\/div><\/div><\/div><\/div><\/div><div class=\"vc_col-sm-6 wpb_column vc_column_container has_bg_color\"><div class=\"vc_column-inner us_custom_73262207\"><div class=\"wpb_wrapper\"><div class=\"wpb_text_column us_custom_432d3f53\"><div class=\"wpb_wrapper\"><h3><span style=\"color: #f28f1f;\"> Une politique de stock de s\u00e9curit\u00e9 strat\u00e9gique <\/span><\/h3>\n<p>pour les mat\u00e9riaux cl\u00e9s, maintenue dans nos installations ou chez nos fournisseurs, pour garantir la continuit\u00e9 de la production et r\u00e9pondre \u00e0 votre demande.<\/p>\n<\/div><\/div><\/div><\/div><\/div><\/div><div class=\"w-separator size_medium\"><\/div><div class=\"g-cols wpb_row us_custom_978478de via_flex valign_top type_default stacking_default\" style=\"--additional-gap:0px;\"><div class=\"vc_col-sm-12 wpb_column vc_column_container\"><div class=\"vc_column-inner\"><div class=\"wpb_wrapper\"><div class=\"w-separator size_custom\" style=\"height:40vh\"><\/div><\/div><\/div><\/div><\/div><\/div><\/div><\/div><\/div><\/div><\/section><section class=\"l-section wpb_row height_large\"><div class=\"l-section-h i-cf\"><div class=\"g-cols vc_row via_flex valign_top type_default stacking_default\" style=\"--additional-gap:3rem;\"><div class=\"vc_col-sm-6 wpb_column vc_column_container\"><div class=\"vc_column-inner type_sticky\"><div class=\"wpb_wrapper\"><div class=\"wpb_text_column\"><div class=\"wpb_wrapper\"><h2>Achat Responsable : Un Engagement Partag\u00e9<\/h2>\n<p>Nous nous engageons \u00e0 des pratiques d&rsquo;achat responsables et privil\u00e9gions des relations solides et collaboratives avec nos fournisseurs. Notre Charte d&rsquo;Achat Responsable, co-sign\u00e9e avec nos partenaires, formalise nos attentes communes en mati\u00e8re d&rsquo;environnement, de sant\u00e9 et s\u00e9curit\u00e9, et d&rsquo;\u00e9thique.<\/p>\n<\/div><\/div><div class=\"w-separator size_medium\"><\/div><div class=\"w-btn-wrapper align_none\"><a class=\"w-btn us-btn-style_1 e1 icon_atleft\" target=\"_blank\" href=\"https:\/\/minakem.com\/wp-content\/uploads\/2025\/03\/Responsible_purchasing_policy.pdf\"><i class=\"far fa-long-arrow-right\"><\/i><span class=\"w-btn-label\">T\u00e9l\u00e9charger la politique d&rsquo;achat responsable<\/span><\/a><\/div><\/div><\/div><\/div><div class=\"vc_col-sm-6 wpb_column vc_column_container\"><div class=\"vc_column-inner\"><div class=\"wpb_wrapper\"><div class=\"g-cols wpb_row us_custom_fc8f29cf via_flex valign_top type_default stacking_default\" style=\"--additional-gap:1.5rem;\"><div class=\"vc_col-sm-12 wpb_column vc_column_container has_bg_color\"><div class=\"vc_column-inner us_custom_8be874a2\"><div class=\"wpb_wrapper\"><div class=\"wpb_text_column\"><div class=\"wpb_wrapper\"><h3>Efforts environnementaux<\/h3>\n<p>Nous encourageons nos fournisseurs \u00e0 mettre en \u0153uvre des pratiques durables et \u00e0 minimiser leur impact sur l&rsquo;environnement.<\/p>\n<\/div><\/div><\/div><\/div><\/div><\/div><div class=\"w-separator size_medium\"><\/div><div class=\"g-cols wpb_row us_custom_fc8f29cf via_flex valign_top type_default stacking_default\" style=\"--additional-gap:1.5rem;\"><div class=\"vc_col-sm-12 wpb_column vc_column_container has_bg_color\"><div class=\"vc_column-inner us_custom_8be874a2\"><div class=\"wpb_wrapper\"><div class=\"wpb_text_column\"><div class=\"wpb_wrapper\"><h3>Sant\u00e9 et s\u00e9curit\u00e9<\/h3>\n<p>Nous accordons la priorit\u00e9 \u00e0 la sant\u00e9 et \u00e0 la s\u00e9curit\u00e9 des travailleurs tout au long de notre cha\u00eene d&rsquo;approvisionnement et attendons de nos fournisseurs qu&rsquo;ils maintiennent des conditions de travail s\u00fbres.<\/p>\n<\/div><\/div><\/div><\/div><\/div><\/div><div class=\"w-separator size_medium\"><\/div><div class=\"g-cols wpb_row us_custom_fc8f29cf via_flex valign_top type_default stacking_default\" style=\"--additional-gap:1.5rem;\"><div class=\"vc_col-sm-12 wpb_column vc_column_container has_bg_color\"><div class=\"vc_column-inner us_custom_8be874a2\"><div class=\"wpb_wrapper\"><div class=\"wpb_text_column\"><div class=\"wpb_wrapper\"><h3>L&rsquo;\u00e9thique<\/h3>\n<p>Nous attendons de nos fournisseurs qu&rsquo;ils fassent preuve du plus haut niveau d&rsquo;int\u00e9grit\u00e9 et d&rsquo;\u00e9thique.<\/p>\n<\/div><\/div><\/div><\/div><\/div><\/div><div class=\"w-separator size_medium\"><\/div><div class=\"wpb_text_column us_custom_1bd8a8f5 has_text_color\"><div class=\"wpb_wrapper\"><p>En privil\u00e9giant la gestion des risques, la diversification et l&rsquo;achat responsable, Minakem vous assure une cha\u00eene d&rsquo;approvisionnement fiable, durable et \u00e9thique, soutenant notre engagement \u00e0 vous fournir des produits et services d&rsquo;exception.<\/p>\n<\/div><\/div><\/div><\/div><\/div><\/div><\/div><\/section>\n","protected":false},"excerpt":{"rendered":"Cha\u00eene d&rsquo;approvisionnement Une Cha\u00eene d&rsquo;Approvisionnement Robuste et Responsable, Gage de Votre Succ\u00e8s. Chez Minakem, nous savons qu&rsquo;une cha\u00eene d&rsquo;approvisionnement solide et r\u00e9siliente est essentielle pour vous fournir des produits de haute qualit\u00e9 et un service constant. Nous privil\u00e9gions une gestion proactive des risques, un approvisionnement responsable et des partenariats strat\u00e9giques pour garantir la fiabilit\u00e9 et...","protected":false},"author":1,"featured_media":0,"parent":0,"menu_order":0,"comment_status":"closed","ping_status":"closed","template":"","meta":{"_acf_changed":false,"footnotes":""},"class_list":["post-28921","page","type-page","status-publish","hentry"],"acf":[],"yoast_head":"<!-- This site is optimized with the Yoast SEO Premium plugin v27.4 (Yoast SEO v27.4) - https:\/\/yoast.com\/product\/yoast-seo-premium-wordpress\/ -->\n<title>Supply Chain Management | Minakem<\/title>\n<meta name=\"description\" content=\"Minakem ensures a reliable pharmaceutical supply chain with risk management, sustainable sourcing, and efficient production practices.\" \/>\n<meta name=\"robots\" content=\"index, follow, max-snippet:-1, max-image-preview:large, max-video-preview:-1\" \/>\n<link rel=\"canonical\" href=\"https:\/\/minakem.com\/fr\/chaine-approvisionnement\/\" \/>\n<meta property=\"og:locale\" content=\"fr_FR\" \/>\n<meta property=\"og:type\" content=\"article\" \/>\n<meta property=\"og:title\" content=\"Cha\u00eene d&#039;approvisionnement\" \/>\n<meta property=\"og:description\" content=\"Minakem ensures a reliable pharmaceutical supply chain with risk management, sustainable sourcing, and efficient production practices.\" \/>\n<meta property=\"og:url\" content=\"https:\/\/minakem.com\/fr\/chaine-approvisionnement\/\" \/>\n<meta property=\"og:site_name\" content=\"Minakem\" \/>\n<meta property=\"article:publisher\" content=\"https:\/\/www.linkedin.com\/company\/minakem\/\" \/>\n<meta property=\"article:modified_time\" content=\"2025-05-13T07:38:42+00:00\" \/>\n<meta name=\"twitter:card\" content=\"summary_large_image\" \/>\n<meta name=\"twitter:label1\" content=\"Dur\u00e9e de lecture estim\u00e9e\" \/>\n\t<meta name=\"twitter:data1\" content=\"3 minutes\" \/>\n<script type=\"application\/ld+json\" class=\"yoast-schema-graph\">{\"@context\":\"https:\\\/\\\/schema.org\",\"@graph\":[{\"@type\":\"WebPage\",\"@id\":\"https:\\\/\\\/minakem.com\\\/fr\\\/chaine-approvisionnement\\\/\",\"url\":\"https:\\\/\\\/minakem.com\\\/fr\\\/chaine-approvisionnement\\\/\",\"name\":\"Supply Chain Management | Minakem\",\"isPartOf\":{\"@id\":\"https:\\\/\\\/minakem.com\\\/fr\\\/#website\"},\"datePublished\":\"2025-02-07T16:26:08+00:00\",\"dateModified\":\"2025-05-13T07:38:42+00:00\",\"description\":\"Minakem ensures a reliable pharmaceutical supply chain with risk management, sustainable sourcing, and efficient production practices.\",\"breadcrumb\":{\"@id\":\"https:\\\/\\\/minakem.com\\\/fr\\\/chaine-approvisionnement\\\/#breadcrumb\"},\"inLanguage\":\"fr-FR\",\"potentialAction\":[{\"@type\":\"ReadAction\",\"target\":[\"https:\\\/\\\/minakem.com\\\/fr\\\/chaine-approvisionnement\\\/\"]}]},{\"@type\":\"BreadcrumbList\",\"@id\":\"https:\\\/\\\/minakem.com\\\/fr\\\/chaine-approvisionnement\\\/#breadcrumb\",\"itemListElement\":[{\"@type\":\"ListItem\",\"position\":1,\"name\":\"Home\",\"item\":\"https:\\\/\\\/minakem.com\\\/fr\\\/\"},{\"@type\":\"ListItem\",\"position\":2,\"name\":\"Cha\u00eene d&#8217;approvisionnement\"}]},{\"@type\":\"WebSite\",\"@id\":\"https:\\\/\\\/minakem.com\\\/fr\\\/#website\",\"url\":\"https:\\\/\\\/minakem.com\\\/fr\\\/\",\"name\":\"Minakem\",\"description\":\"\",\"publisher\":{\"@id\":\"https:\\\/\\\/minakem.com\\\/fr\\\/#organization\"},\"potentialAction\":[{\"@type\":\"SearchAction\",\"target\":{\"@type\":\"EntryPoint\",\"urlTemplate\":\"https:\\\/\\\/minakem.com\\\/fr\\\/?s={search_term_string}\"},\"query-input\":{\"@type\":\"PropertyValueSpecification\",\"valueRequired\":true,\"valueName\":\"search_term_string\"}}],\"inLanguage\":\"fr-FR\"},{\"@type\":\"Organization\",\"@id\":\"https:\\\/\\\/minakem.com\\\/fr\\\/#organization\",\"name\":\"Minakem\",\"url\":\"https:\\\/\\\/minakem.com\\\/fr\\\/\",\"logo\":{\"@type\":\"ImageObject\",\"inLanguage\":\"fr-FR\",\"@id\":\"https:\\\/\\\/minakem.com\\\/fr\\\/#\\\/schema\\\/logo\\\/image\\\/\",\"url\":\"https:\\\/\\\/minakem.com\\\/wp-content\\\/uploads\\\/2024\\\/12\\\/favicon.svg\",\"contentUrl\":\"https:\\\/\\\/minakem.com\\\/wp-content\\\/uploads\\\/2024\\\/12\\\/favicon.svg\",\"width\":\"1024\",\"height\":\"1024\",\"caption\":\"Minakem\"},\"image\":{\"@id\":\"https:\\\/\\\/minakem.com\\\/fr\\\/#\\\/schema\\\/logo\\\/image\\\/\"},\"sameAs\":[\"https:\\\/\\\/www.linkedin.com\\\/company\\\/minakem\\\/\"]}]}<\/script>\n<!-- \/ Yoast SEO Premium plugin. -->","yoast_head_json":{"title":"Supply Chain Management | Minakem","description":"Minakem ensures a reliable pharmaceutical supply chain with risk management, sustainable sourcing, and efficient production practices.","robots":{"index":"index","follow":"follow","max-snippet":"max-snippet:-1","max-image-preview":"max-image-preview:large","max-video-preview":"max-video-preview:-1"},"canonical":"https:\/\/minakem.com\/fr\/chaine-approvisionnement\/","og_locale":"fr_FR","og_type":"article","og_title":"Cha\u00eene d'approvisionnement","og_description":"Minakem ensures a reliable pharmaceutical supply chain with risk management, sustainable sourcing, and efficient production practices.","og_url":"https:\/\/minakem.com\/fr\/chaine-approvisionnement\/","og_site_name":"Minakem","article_publisher":"https:\/\/www.linkedin.com\/company\/minakem\/","article_modified_time":"2025-05-13T07:38:42+00:00","twitter_card":"summary_large_image","twitter_misc":{"Dur\u00e9e de lecture estim\u00e9e":"3 minutes"},"schema":{"@context":"https:\/\/schema.org","@graph":[{"@type":"WebPage","@id":"https:\/\/minakem.com\/fr\/chaine-approvisionnement\/","url":"https:\/\/minakem.com\/fr\/chaine-approvisionnement\/","name":"Supply Chain Management | Minakem","isPartOf":{"@id":"https:\/\/minakem.com\/fr\/#website"},"datePublished":"2025-02-07T16:26:08+00:00","dateModified":"2025-05-13T07:38:42+00:00","description":"Minakem ensures a reliable pharmaceutical supply chain with risk management, sustainable sourcing, and efficient production practices.","breadcrumb":{"@id":"https:\/\/minakem.com\/fr\/chaine-approvisionnement\/#breadcrumb"},"inLanguage":"fr-FR","potentialAction":[{"@type":"ReadAction","target":["https:\/\/minakem.com\/fr\/chaine-approvisionnement\/"]}]},{"@type":"BreadcrumbList","@id":"https:\/\/minakem.com\/fr\/chaine-approvisionnement\/#breadcrumb","itemListElement":[{"@type":"ListItem","position":1,"name":"Home","item":"https:\/\/minakem.com\/fr\/"},{"@type":"ListItem","position":2,"name":"Cha\u00eene d&#8217;approvisionnement"}]},{"@type":"WebSite","@id":"https:\/\/minakem.com\/fr\/#website","url":"https:\/\/minakem.com\/fr\/","name":"Minakem","description":"","publisher":{"@id":"https:\/\/minakem.com\/fr\/#organization"},"potentialAction":[{"@type":"SearchAction","target":{"@type":"EntryPoint","urlTemplate":"https:\/\/minakem.com\/fr\/?s={search_term_string}"},"query-input":{"@type":"PropertyValueSpecification","valueRequired":true,"valueName":"search_term_string"}}],"inLanguage":"fr-FR"},{"@type":"Organization","@id":"https:\/\/minakem.com\/fr\/#organization","name":"Minakem","url":"https:\/\/minakem.com\/fr\/","logo":{"@type":"ImageObject","inLanguage":"fr-FR","@id":"https:\/\/minakem.com\/fr\/#\/schema\/logo\/image\/","url":"https:\/\/minakem.com\/wp-content\/uploads\/2024\/12\/favicon.svg","contentUrl":"https:\/\/minakem.com\/wp-content\/uploads\/2024\/12\/favicon.svg","width":"1024","height":"1024","caption":"Minakem"},"image":{"@id":"https:\/\/minakem.com\/fr\/#\/schema\/logo\/image\/"},"sameAs":["https:\/\/www.linkedin.com\/company\/minakem\/"]}]}},"_links":{"self":[{"href":"https:\/\/minakem.com\/fr\/wp-json\/wp\/v2\/pages\/28921","targetHints":{"allow":["GET"]}}],"collection":[{"href":"https:\/\/minakem.com\/fr\/wp-json\/wp\/v2\/pages"}],"about":[{"href":"https:\/\/minakem.com\/fr\/wp-json\/wp\/v2\/types\/page"}],"author":[{"embeddable":true,"href":"https:\/\/minakem.com\/fr\/wp-json\/wp\/v2\/users\/1"}],"replies":[{"embeddable":true,"href":"https:\/\/minakem.com\/fr\/wp-json\/wp\/v2\/comments?post=28921"}],"version-history":[{"count":4,"href":"https:\/\/minakem.com\/fr\/wp-json\/wp\/v2\/pages\/28921\/revisions"}],"predecessor-version":[{"id":28927,"href":"https:\/\/minakem.com\/fr\/wp-json\/wp\/v2\/pages\/28921\/revisions\/28927"}],"wp:attachment":[{"href":"https:\/\/minakem.com\/fr\/wp-json\/wp\/v2\/media?parent=28921"}],"curies":[{"name":"wp","href":"https:\/\/api.w.org\/{rel}","templated":true}]}}