{"id":28915,"date":"2025-02-11T17:11:28","date_gmt":"2025-02-11T16:11:28","guid":{"rendered":"https:\/\/minakem.com\/solid-state\/"},"modified":"2025-05-12T16:53:48","modified_gmt":"2025-05-12T14:53:48","slug":"etat-solide","status":"publish","type":"page","link":"https:\/\/minakem.com\/fr\/etat-solide\/","title":{"rendered":"\u00c9tat solide"},"content":{"rendered":"<section class=\"l-section wpb_row height_auto\"><div class=\"l-section-h i-cf\"><div class=\"g-cols vc_row via_flex valign_top type_default stacking_default\"><div class=\"vc_col-sm-12 wpb_column vc_column_container\"><div class=\"vc_column-inner\"><div class=\"wpb_wrapper\"><div class=\"w-separator size_large\"><\/div><div class=\"g-cols wpb_row via_flex valign_top type_default stacking_default\"><div class=\"vc_col-sm-6 wpb_column vc_column_container\"><div class=\"vc_column-inner\"><div class=\"wpb_wrapper\"><div class=\"wpb_text_column\"><div class=\"wpb_wrapper\"><h1>\u00c9tat solide<\/h1>\n<\/div><\/div><div class=\"w-separator size_medium\"><\/div><div class=\"wpb_text_column\"><div class=\"wpb_wrapper\"><p>Comprendre l&rsquo;espace de conception Solid State \/ des particules est essentiel au d\u00e9veloppement r\u00e9ussi de nombreux Principes Actifs Pharmaceutiques (API). Notre \u00e9quipe d\u00e9di\u00e9e \u00e0 l&rsquo;\u00e9tat solide, int\u00e9gr\u00e9e \u00e0 notre d\u00e9partement R&amp;D, offre un support complet pour le d\u00e9veloppement des projets de nos clients. Cette approche garantit que l&rsquo;expertise en mati\u00e8re d&rsquo;\u00e9tat solide est une partie fondamentale de chaque \u00e9tape du d\u00e9veloppement de proc\u00e9d\u00e9, offrant ainsi des r\u00e9sultats de grande valeur.<\/p>\n<\/div><\/div><\/div><\/div><\/div><div class=\"vc_col-sm-6 wpb_column vc_column_container\"><div class=\"vc_column-inner\"><div class=\"wpb_wrapper\"><div class=\"w-image us_custom_4d85538f align_none\"><div class=\"w-image-h\"><img decoding=\"async\" width=\"669\" height=\"674\" src=\"https:\/\/minakem.com\/wp-content\/uploads\/2025\/03\/solid-state-chemistry.png\" class=\"attachment-large size-large\" alt=\"\" loading=\"lazy\" srcset=\"https:\/\/minakem.com\/wp-content\/uploads\/2025\/03\/solid-state-chemistry.png 669w, https:\/\/minakem.com\/wp-content\/uploads\/2025\/03\/solid-state-chemistry-298x300.png 298w, https:\/\/minakem.com\/wp-content\/uploads\/2025\/03\/solid-state-chemistry-150x150.png 150w, https:\/\/minakem.com\/wp-content\/uploads\/2025\/03\/solid-state-chemistry-60x60.png 60w, https:\/\/minakem.com\/wp-content\/uploads\/2025\/03\/solid-state-chemistry-200x200.png 200w, https:\/\/minakem.com\/wp-content\/uploads\/2025\/03\/solid-state-chemistry-100x100.png 100w\" sizes=\"auto, (max-width: 669px) 100vw, 669px\" \/><\/div><\/div><\/div><\/div><\/div><\/div><\/div><\/div><\/div><\/div><\/div><\/section><section class=\"l-section wpb_row us_custom_60b08627 height_large\"><div class=\"l-section-overlay\" style=\"background:var(--color-wblue)\"><\/div><div class=\"l-section-h i-cf\"><div class=\"g-cols vc_row via_flex valign_top type_default stacking_default\"><div class=\"vc_col-sm-12 wpb_column vc_column_container\"><div class=\"vc_column-inner\"><div class=\"wpb_wrapper\"><div class=\"w-separator size_large\"><\/div><div class=\"wpb_text_column us_custom_9e881a85\"><div class=\"wpb_wrapper\"><h1>Notre \u00e9tat solide<\/h1>\n<\/div><\/div><div class=\"w-separator size_medium\"><\/div><div class=\"wpb_text_column us_custom_6d9b1b16\"><div class=\"wpb_wrapper\"><p>Nos \u00e9tudes sur l&rsquo;\u00e9tat solide vont au-del\u00e0 de l&rsquo;exploration du paysage polymorphique d&rsquo;un API ou HPAPI et de son impact sur la biodisponibilit\u00e9.<\/p>\n<p>Elles constituent un \u00e9l\u00e9ment essentiel du d\u00e9veloppement de proc\u00e9d\u00e9, combinant rigueur scientifique et approche ax\u00e9e sur la fabrication, notamment pour :<\/p>\n<\/div><\/div><div class=\"w-separator size_large\"><\/div><div class=\"g-cols wpb_row us_custom_b91fd0dc via_flex valign_top type_default stacking_default\" style=\"--additional-gap:1.5rem;\"><div class=\"vc_col-sm-6 wpb_column vc_column_container has_bg_color\"><div class=\"vc_column-inner us_custom_52736383\"><div class=\"wpb_wrapper\"><div class=\"wpb_text_column\"><div class=\"wpb_wrapper\"><h3><span style=\"color: #f28f1f;\">S\u00e9lectionner le candidat<br \/>\ncristallin optimal<\/span><\/h3>\n<p>Nous \u00e9valuons soigneusement la forme et la morphologie cristalline pour garantir le candidat le plus appropri\u00e9 pour la production et la performance.<\/p>\n<\/div><\/div><\/div><\/div><\/div><div class=\"vc_col-sm-6 wpb_column vc_column_container has_text_color has_bg_color\"><div class=\"vc_column-inner us_custom_57adb383\"><div class=\"wpb_wrapper\"><div class=\"wpb_text_column\"><div class=\"wpb_wrapper\"><h3><span> D\u00e9velopper des proc\u00e9d\u00e9s de cristallisation<br \/>\n\u00e0 l&rsquo;\u00e9chelle industrielle<\/span><\/h3>\n<p>Nos proc\u00e9d\u00e9s robustes sont con\u00e7us pour une transposition d&rsquo;\u00e9chelle fluide du laboratoire \u00e0 la production, assurant des propri\u00e9t\u00e9s de filtration ad\u00e9quates et r\u00e9pondant aux attributs de qualit\u00e9 requis du produit final.<\/p>\n<\/div><\/div><\/div><\/div><\/div><\/div><div class=\"w-separator size_medium\"><\/div><div class=\"g-cols wpb_row us_custom_b91fd0dc via_flex valign_top type_default stacking_default\" style=\"--additional-gap:1.5rem;\"><div class=\"vc_col-sm-6 wpb_column vc_column_container has_text_color has_bg_color\"><div class=\"vc_column-inner us_custom_f95bf34d\"><div class=\"wpb_wrapper\"><div class=\"wpb_text_column\"><div class=\"wpb_wrapper\"><h3>D\u00e9finir des param\u00e8tres d&rsquo;ensemencement robustes<\/h3>\n<p>Gr\u00e2ce \u00e0 la d\u00e9termination de la largeur de la zone m\u00e9tastable, nous \u00e9tablissons des points d&rsquo;ensemencement pr\u00e9cis pour une cristallisation contr\u00f4l\u00e9e.<\/p>\n<\/div><\/div><\/div><\/div><\/div><div class=\"vc_col-sm-6 wpb_column vc_column_container has_bg_color\"><div class=\"vc_column-inner us_custom_73262207\"><div class=\"wpb_wrapper\"><div class=\"wpb_text_column\"><div class=\"wpb_wrapper\"><h3><span style=\"color: #f28f1f;\"> Mener des \u00e9tudes<\/span><br \/>\n<span style=\"color: #f28f1f;\">de criblage compl\u00e8tes<\/span><\/h3>\n<p>Nous r\u00e9alisons des criblages approfondis des polymorphes, des sels et des co cristaux, incluant la caract\u00e9risation et les \u00e9valuations de stabilit\u00e9 relative.<\/p>\n<\/div><\/div><\/div><\/div><\/div><\/div><div class=\"w-separator size_medium\"><\/div><div class=\"g-cols wpb_row us_custom_b91fd0dc via_flex valign_top type_default stacking_default\" style=\"--additional-gap:1.5rem;\"><div class=\"vc_col-sm-6 wpb_column vc_column_container has_bg_color\"><div class=\"vc_column-inner us_custom_52736383\"><div class=\"wpb_wrapper\"><div class=\"wpb_text_column\"><div class=\"wpb_wrapper\"><h3><span style=\"color: #f28f1f;\">Optimiser la r\u00e9solution chirale<\/span><\/h3>\n<p>Notre \u00e9quipe am\u00e9liore la processabilit\u00e9 gr\u00e2ce \u00e0 des approches avanc\u00e9es pour la formation de sels diast\u00e9r\u00e9oisom\u00e8res et l&rsquo;entra\u00eenement.<\/p>\n<\/div><\/div><\/div><\/div><\/div><div class=\"vc_col-sm-6 wpb_column vc_column_container has_text_color has_bg_color\"><div class=\"vc_column-inner us_custom_57a95be1\"><div class=\"wpb_wrapper\"><div class=\"wpb_text_column\"><div class=\"wpb_wrapper\"><h3>Concevoir des proc\u00e9d\u00e9s \u00e0 l&rsquo;\u00e9chelle industrielle<\/h3>\n<p>Les \u00e9tudes de solubilit\u00e9 et les investigations de diagrammes de phases nous permettent de d\u00e9velopper des proc\u00e9d\u00e9s pr\u00eats pour une mise en \u0153uvre \u00e0 l&rsquo;\u00e9chelle industrielle.<\/p>\n<\/div><\/div><\/div><\/div><\/div><\/div><div class=\"w-separator size_medium\"><\/div><div class=\"g-cols wpb_row us_custom_b91fd0dc via_flex valign_top type_default stacking_default\" style=\"--additional-gap:1.5rem;\"><div class=\"vc_col-sm-6 wpb_column vc_column_container has_text_color has_bg_color\"><div class=\"vc_column-inner us_custom_f95bf34d\"><div class=\"wpb_wrapper\"><div class=\"wpb_text_column\"><div class=\"wpb_wrapper\"><h3>Am\u00e9liorer la filtration et le s\u00e9chage<\/h3>\n<p>En \u00e9valuant la r\u00e9sistance sp\u00e9cifique du g\u00e2teau et la compressibilit\u00e9, nous optimisons les performances de filtration et de s\u00e9chage.<\/p>\n<\/div><\/div><\/div><\/div><\/div><div class=\"vc_col-sm-6 wpb_column vc_column_container has_bg_color\"><div class=\"vc_column-inner us_custom_73262207\"><div class=\"wpb_wrapper\"><div class=\"wpb_text_column\"><div class=\"wpb_wrapper\"><h3><span style=\"color: #f28f1f;\">Affiner la taille des particules<\/span><\/h3>\n<p>Nous exploitons des technologies avanc\u00e9es de broyage sec et humide ainsi que de micronisation pour un contr\u00f4le pr\u00e9cis de la taille des particules.<\/p>\n<\/div><\/div><\/div><\/div><\/div><\/div><div class=\"w-separator size_medium\"><\/div><div class=\"g-cols wpb_row us_custom_b91fd0dc via_flex valign_top type_default stacking_default\" style=\"--additional-gap:1.5rem;\"><div class=\"vc_col-sm-6 wpb_column vc_column_container has_bg_color\"><div class=\"vc_column-inner us_custom_52736383\"><div class=\"wpb_wrapper\"><div class=\"wpb_text_column\"><div class=\"wpb_wrapper\"><h3><span style=\"color: #f28f1f;\">Contr\u00f4ler la distribution granulom\u00e9trique<\/span><\/h3>\n<p>Nous g\u00e9rons m\u00e9ticuleusement la taille des particules pour respecter les sp\u00e9cifications strictes de nos clients.<\/p>\n<\/div><\/div><\/div><\/div><\/div><div class=\"vc_col-sm-6 wpb_column vc_column_container has_text_color has_bg_color\"><div class=\"vc_column-inner us_custom_57a95be1\"><div class=\"wpb_wrapper\"><div class=\"wpb_text_column\"><div class=\"wpb_wrapper\"><h3>Prot\u00e9ger la propri\u00e9t\u00e9 intellectuelle (PI)<\/h3>\n<p>Notre expertise soutient le d\u00e9veloppement de la PI pour prot\u00e9ger les innovations.<\/p>\n<\/div><\/div><\/div><\/div><\/div><\/div><\/div><\/div><\/div><\/div><\/div><\/section><section class=\"l-section wpb_row height_large\"><div class=\"l-section-h i-cf\"><div class=\"g-cols vc_row via_flex valign_top type_default stacking_default\"><div class=\"vc_col-sm-12 wpb_column vc_column_container\"><div class=\"vc_column-inner\"><div class=\"wpb_wrapper\"><div class=\"g-cols wpb_row via_flex valign_top type_default stacking_default\"><div class=\"vc_col-sm-6 wpb_column vc_column_container\"><div class=\"vc_column-inner\"><div class=\"wpb_wrapper\"><div class=\"w-image us_custom_36dc0f71 has_ratio align_none\"><div class=\"w-image-h\"><div style=\"padding-bottom:75%\"><\/div><img decoding=\"async\" width=\"1024\" height=\"683\" src=\"https:\/\/minakem.com\/wp-content\/uploads\/2025\/03\/advanced-equipment-1024x683.jpeg\" class=\"attachment-large size-large\" alt=\"\" loading=\"lazy\" \/><\/div><\/div><\/div><\/div><\/div><div class=\"vc_col-sm-6 wpb_column vc_column_container\"><div class=\"vc_column-inner\"><div class=\"wpb_wrapper\"><div class=\"wpb_text_column\"><div class=\"wpb_wrapper\"><h2>Notre \u00e9quipement de pointe<\/h2>\n<\/div><\/div><div class=\"w-separator size_medium\"><\/div><div class=\"wpb_text_column us_custom_031668c7\"><div class=\"wpb_wrapper\"><p>Pour la caract\u00e9risation de l&rsquo;\u00e9tat solide, permettant une analyse approfondie des propri\u00e9t\u00e9s physiques et thermodynamiques de vos compos\u00e9s.<\/p>\n<p>Gr\u00e2ce \u00e0 des technologies de pointe telles que la DRX (Diffraction des rayons X sur poudres), l&rsquo;ATG-DSC (Analyse Thermogravim\u00e9trique &#8211; Calorim\u00e9trie Diff\u00e9rentielle \u00e0 Balayage), la microscopie et la diffraction laser pour l&rsquo;analyse de la taille des particules, nous assurons une \u00e9valuation approfondie.<\/p>\n<\/div><\/div><\/div><\/div><\/div><\/div><div class=\"w-separator size_medium\"><\/div><div class=\"g-cols wpb_row via_flex valign_middle type_default stacking_default\"><div class=\"vc_col-sm-6 wpb_column vc_column_container\"><div class=\"vc_column-inner\"><div class=\"wpb_wrapper\"><div class=\"wpb_text_column us_custom_bda6917a\"><div class=\"wpb_wrapper\"><h2>Une \u00e9quipe int\u00e9gr\u00e9e \u00e0 la R&amp;D<\/h2>\n<\/div><\/div><\/div><\/div><\/div><div class=\"vc_col-sm-6 wpb_column vc_column_container\"><div class=\"vc_column-inner\"><div class=\"wpb_wrapper\"><div class=\"wpb_text_column us_custom_031668c7\"><div class=\"wpb_wrapper\"><p>En int\u00e9grant notre \u00e9quipe d\u00e9di\u00e9e \u00e0 l&rsquo;\u00e9tat solide d\u00e8s le d\u00e9but de votre projet, Minakem s&rsquo;assure que l&rsquo;expertise en cristallisation est int\u00e9gr\u00e9e \u00e0 votre proc\u00e9d\u00e9 de fabrication.<\/p>\n<p>Cette approche collaborative rationalise l&rsquo;optimisation des proc\u00e9d\u00e9s et le d\u00e9pannage, offrant des solutions fiables et de haute qualit\u00e9 adapt\u00e9es aux exigences de nos clients.<\/p>\n<p>\u00catre partenaire de Minakem signifie b\u00e9n\u00e9ficier d&rsquo;une approche innovante et int\u00e9gr\u00e9e du d\u00e9veloppement d&rsquo;API et d&rsquo;HPAPI, o\u00f9 l&rsquo;excellence en cristallisation g\u00e9n\u00e8re des r\u00e9sultats remarquables.<\/p>\n<\/div><\/div><\/div><\/div><\/div><\/div><\/div><\/div><\/div><\/div><\/div><\/section>\n","protected":false},"excerpt":{"rendered":"\u00c9tat solide Comprendre l&rsquo;espace de conception Solid State \/ des particules est essentiel au d\u00e9veloppement r\u00e9ussi de nombreux Principes Actifs Pharmaceutiques (API). Notre \u00e9quipe d\u00e9di\u00e9e \u00e0 l&rsquo;\u00e9tat solide, int\u00e9gr\u00e9e \u00e0 notre d\u00e9partement R&amp;D, offre un support complet pour le d\u00e9veloppement des projets de nos clients. Cette approche garantit que l&rsquo;expertise en mati\u00e8re d&rsquo;\u00e9tat solide est...","protected":false},"author":1,"featured_media":0,"parent":0,"menu_order":0,"comment_status":"closed","ping_status":"closed","template":"","meta":{"_acf_changed":false,"footnotes":""},"class_list":["post-28915","page","type-page","status-publish","hentry"],"acf":[],"yoast_head":"<!-- This site is optimized with the Yoast SEO Premium plugin v27.3 (Yoast SEO v27.3) - https:\/\/yoast.com\/product\/yoast-seo-premium-wordpress\/ -->\n<title>Solid State Chemistry for Pharmaceutical Manufacturing | Minakem<\/title>\n<meta name=\"description\" content=\"Minakem specializes in solid-state chemistry, offering expertise in crystallization and polymorph studies for pharmaceutical development.\" \/>\n<meta name=\"robots\" content=\"index, follow, max-snippet:-1, max-image-preview:large, max-video-preview:-1\" \/>\n<link rel=\"canonical\" href=\"https:\/\/minakem.com\/fr\/etat-solide\/\" \/>\n<meta property=\"og:locale\" content=\"fr_FR\" \/>\n<meta property=\"og:type\" content=\"article\" \/>\n<meta property=\"og:title\" content=\"\u00c9tat solide\" \/>\n<meta property=\"og:description\" content=\"Minakem specializes in solid-state chemistry, offering expertise in crystallization and polymorph studies for pharmaceutical development.\" \/>\n<meta property=\"og:url\" content=\"https:\/\/minakem.com\/fr\/etat-solide\/\" \/>\n<meta property=\"og:site_name\" content=\"Minakem\" \/>\n<meta property=\"article:publisher\" content=\"https:\/\/www.linkedin.com\/company\/minakem\/\" \/>\n<meta property=\"article:modified_time\" content=\"2025-05-12T14:53:48+00:00\" \/>\n<meta name=\"twitter:card\" content=\"summary_large_image\" \/>\n<meta name=\"twitter:label1\" content=\"Dur\u00e9e de lecture estim\u00e9e\" \/>\n\t<meta name=\"twitter:data1\" content=\"4 minutes\" \/>\n<script type=\"application\/ld+json\" class=\"yoast-schema-graph\">{\"@context\":\"https:\\\/\\\/schema.org\",\"@graph\":[{\"@type\":\"WebPage\",\"@id\":\"https:\\\/\\\/minakem.com\\\/fr\\\/etat-solide\\\/\",\"url\":\"https:\\\/\\\/minakem.com\\\/fr\\\/etat-solide\\\/\",\"name\":\"Solid State Chemistry for Pharmaceutical Manufacturing | Minakem\",\"isPartOf\":{\"@id\":\"https:\\\/\\\/minakem.com\\\/fr\\\/#website\"},\"datePublished\":\"2025-02-11T16:11:28+00:00\",\"dateModified\":\"2025-05-12T14:53:48+00:00\",\"description\":\"Minakem specializes in solid-state chemistry, offering expertise in crystallization and polymorph studies for pharmaceutical development.\",\"breadcrumb\":{\"@id\":\"https:\\\/\\\/minakem.com\\\/fr\\\/etat-solide\\\/#breadcrumb\"},\"inLanguage\":\"fr-FR\",\"potentialAction\":[{\"@type\":\"ReadAction\",\"target\":[\"https:\\\/\\\/minakem.com\\\/fr\\\/etat-solide\\\/\"]}]},{\"@type\":\"BreadcrumbList\",\"@id\":\"https:\\\/\\\/minakem.com\\\/fr\\\/etat-solide\\\/#breadcrumb\",\"itemListElement\":[{\"@type\":\"ListItem\",\"position\":1,\"name\":\"Home\",\"item\":\"https:\\\/\\\/minakem.com\\\/fr\\\/\"},{\"@type\":\"ListItem\",\"position\":2,\"name\":\"\u00c9tat solide\"}]},{\"@type\":\"WebSite\",\"@id\":\"https:\\\/\\\/minakem.com\\\/fr\\\/#website\",\"url\":\"https:\\\/\\\/minakem.com\\\/fr\\\/\",\"name\":\"Minakem\",\"description\":\"\",\"publisher\":{\"@id\":\"https:\\\/\\\/minakem.com\\\/fr\\\/#organization\"},\"potentialAction\":[{\"@type\":\"SearchAction\",\"target\":{\"@type\":\"EntryPoint\",\"urlTemplate\":\"https:\\\/\\\/minakem.com\\\/fr\\\/?s={search_term_string}\"},\"query-input\":{\"@type\":\"PropertyValueSpecification\",\"valueRequired\":true,\"valueName\":\"search_term_string\"}}],\"inLanguage\":\"fr-FR\"},{\"@type\":\"Organization\",\"@id\":\"https:\\\/\\\/minakem.com\\\/fr\\\/#organization\",\"name\":\"Minakem\",\"url\":\"https:\\\/\\\/minakem.com\\\/fr\\\/\",\"logo\":{\"@type\":\"ImageObject\",\"inLanguage\":\"fr-FR\",\"@id\":\"https:\\\/\\\/minakem.com\\\/fr\\\/#\\\/schema\\\/logo\\\/image\\\/\",\"url\":\"https:\\\/\\\/minakem.com\\\/wp-content\\\/uploads\\\/2024\\\/12\\\/favicon.svg\",\"contentUrl\":\"https:\\\/\\\/minakem.com\\\/wp-content\\\/uploads\\\/2024\\\/12\\\/favicon.svg\",\"width\":\"1024\",\"height\":\"1024\",\"caption\":\"Minakem\"},\"image\":{\"@id\":\"https:\\\/\\\/minakem.com\\\/fr\\\/#\\\/schema\\\/logo\\\/image\\\/\"},\"sameAs\":[\"https:\\\/\\\/www.linkedin.com\\\/company\\\/minakem\\\/\"]}]}<\/script>\n<!-- \/ Yoast SEO Premium plugin. -->","yoast_head_json":{"title":"Solid State Chemistry for Pharmaceutical Manufacturing | Minakem","description":"Minakem specializes in solid-state chemistry, offering expertise in crystallization and polymorph studies for pharmaceutical development.","robots":{"index":"index","follow":"follow","max-snippet":"max-snippet:-1","max-image-preview":"max-image-preview:large","max-video-preview":"max-video-preview:-1"},"canonical":"https:\/\/minakem.com\/fr\/etat-solide\/","og_locale":"fr_FR","og_type":"article","og_title":"\u00c9tat solide","og_description":"Minakem specializes in solid-state chemistry, offering expertise in crystallization and polymorph studies for pharmaceutical development.","og_url":"https:\/\/minakem.com\/fr\/etat-solide\/","og_site_name":"Minakem","article_publisher":"https:\/\/www.linkedin.com\/company\/minakem\/","article_modified_time":"2025-05-12T14:53:48+00:00","twitter_card":"summary_large_image","twitter_misc":{"Dur\u00e9e de lecture estim\u00e9e":"4 minutes"},"schema":{"@context":"https:\/\/schema.org","@graph":[{"@type":"WebPage","@id":"https:\/\/minakem.com\/fr\/etat-solide\/","url":"https:\/\/minakem.com\/fr\/etat-solide\/","name":"Solid State Chemistry for Pharmaceutical Manufacturing | Minakem","isPartOf":{"@id":"https:\/\/minakem.com\/fr\/#website"},"datePublished":"2025-02-11T16:11:28+00:00","dateModified":"2025-05-12T14:53:48+00:00","description":"Minakem specializes in solid-state chemistry, offering expertise in crystallization and polymorph studies for pharmaceutical development.","breadcrumb":{"@id":"https:\/\/minakem.com\/fr\/etat-solide\/#breadcrumb"},"inLanguage":"fr-FR","potentialAction":[{"@type":"ReadAction","target":["https:\/\/minakem.com\/fr\/etat-solide\/"]}]},{"@type":"BreadcrumbList","@id":"https:\/\/minakem.com\/fr\/etat-solide\/#breadcrumb","itemListElement":[{"@type":"ListItem","position":1,"name":"Home","item":"https:\/\/minakem.com\/fr\/"},{"@type":"ListItem","position":2,"name":"\u00c9tat solide"}]},{"@type":"WebSite","@id":"https:\/\/minakem.com\/fr\/#website","url":"https:\/\/minakem.com\/fr\/","name":"Minakem","description":"","publisher":{"@id":"https:\/\/minakem.com\/fr\/#organization"},"potentialAction":[{"@type":"SearchAction","target":{"@type":"EntryPoint","urlTemplate":"https:\/\/minakem.com\/fr\/?s={search_term_string}"},"query-input":{"@type":"PropertyValueSpecification","valueRequired":true,"valueName":"search_term_string"}}],"inLanguage":"fr-FR"},{"@type":"Organization","@id":"https:\/\/minakem.com\/fr\/#organization","name":"Minakem","url":"https:\/\/minakem.com\/fr\/","logo":{"@type":"ImageObject","inLanguage":"fr-FR","@id":"https:\/\/minakem.com\/fr\/#\/schema\/logo\/image\/","url":"https:\/\/minakem.com\/wp-content\/uploads\/2024\/12\/favicon.svg","contentUrl":"https:\/\/minakem.com\/wp-content\/uploads\/2024\/12\/favicon.svg","width":"1024","height":"1024","caption":"Minakem"},"image":{"@id":"https:\/\/minakem.com\/fr\/#\/schema\/logo\/image\/"},"sameAs":["https:\/\/www.linkedin.com\/company\/minakem\/"]}]}},"_links":{"self":[{"href":"https:\/\/minakem.com\/fr\/wp-json\/wp\/v2\/pages\/28915","targetHints":{"allow":["GET"]}}],"collection":[{"href":"https:\/\/minakem.com\/fr\/wp-json\/wp\/v2\/pages"}],"about":[{"href":"https:\/\/minakem.com\/fr\/wp-json\/wp\/v2\/types\/page"}],"author":[{"embeddable":true,"href":"https:\/\/minakem.com\/fr\/wp-json\/wp\/v2\/users\/1"}],"replies":[{"embeddable":true,"href":"https:\/\/minakem.com\/fr\/wp-json\/wp\/v2\/comments?post=28915"}],"version-history":[{"count":3,"href":"https:\/\/minakem.com\/fr\/wp-json\/wp\/v2\/pages\/28915\/revisions"}],"predecessor-version":[{"id":28918,"href":"https:\/\/minakem.com\/fr\/wp-json\/wp\/v2\/pages\/28915\/revisions\/28918"}],"wp:attachment":[{"href":"https:\/\/minakem.com\/fr\/wp-json\/wp\/v2\/media?parent=28915"}],"curies":[{"name":"wp","href":"https:\/\/api.w.org\/{rel}","templated":true}]}}