{"id":28902,"date":"2025-02-07T13:51:30","date_gmt":"2025-02-07T12:51:30","guid":{"rendered":"https:\/\/minakem.com\/our-missions-values\/"},"modified":"2025-05-12T16:16:58","modified_gmt":"2025-05-12T14:16:58","slug":"nos-missions-et-valeurs","status":"publish","type":"page","link":"https:\/\/minakem.com\/fr\/nos-missions-et-valeurs\/","title":{"rendered":"Nos missions et valeurs"},"content":{"rendered":"<section class=\"l-section wpb_row height_small\"><div class=\"l-section-h i-cf\"><div class=\"g-cols vc_row via_flex valign_top type_default stacking_default\"><div class=\"vc_col-sm-12 wpb_column vc_column_container\"><div class=\"vc_column-inner\"><div class=\"wpb_wrapper\"><div class=\"w-separator size_large\"><\/div><div class=\"wpb_text_column\"><div class=\"wpb_wrapper\"><h1>Nos Missions<\/h1>\n<\/div><\/div><div class=\"g-cols wpb_row via_flex valign_top type_default stacking_default\"><div class=\"vc_col-sm-6 wpb_column vc_column_container\"><div class=\"vc_column-inner\"><div class=\"wpb_wrapper\"><div class=\"w-separator size_small\"><\/div><div class=\"wpb_text_column us_custom_58779a32\"><div class=\"wpb_wrapper\"><p>Minakem est un fabricant cGMP de principes actifs pharmaceutiques et d\u2019interm\u00e9diaires (API et HPAPI).<\/p>\n<\/div><\/div><div class=\"w-image us_custom_a61e2493 align_none\"><div class=\"w-image-h\"><img decoding=\"async\" width=\"669\" height=\"674\" src=\"https:\/\/minakem.com\/wp-content\/uploads\/2025\/02\/missions-values.png\" class=\"attachment-large size-large\" alt=\"\" loading=\"lazy\" srcset=\"https:\/\/minakem.com\/wp-content\/uploads\/2025\/02\/missions-values.png 669w, https:\/\/minakem.com\/wp-content\/uploads\/2025\/02\/missions-values-298x300.png 298w, https:\/\/minakem.com\/wp-content\/uploads\/2025\/02\/missions-values-150x150.png 150w, https:\/\/minakem.com\/wp-content\/uploads\/2025\/02\/missions-values-60x60.png 60w, https:\/\/minakem.com\/wp-content\/uploads\/2025\/02\/missions-values-200x200.png 200w, https:\/\/minakem.com\/wp-content\/uploads\/2025\/02\/missions-values-100x100.png 100w\" sizes=\"auto, (max-width: 669px) 100vw, 669px\" \/><\/div><\/div><\/div><\/div><\/div><div class=\"vc_col-sm-6 wpb_column vc_column_container\"><div class=\"vc_column-inner us_custom_432d3f53\"><div class=\"wpb_wrapper\"><div class=\"w-text us_custom_d06f77a6 has_text_color\"><span class=\"w-text-h\"><span class=\"w-text-value\">Notre Mission<\/span><\/span><\/div><div class=\"w-separator size_small\"><\/div><div class=\"wpb_text_column us_custom_432d3f53\"><div class=\"wpb_wrapper\"><p>Notre mission est de mener l&rsquo;avancement des technologies de fabrication pharmaceutique innovantes, plus \u00e9cologiques et rentables pour les API et les interm\u00e9diaires, en favorisant l&rsquo;excellence en mati\u00e8re de fabrication et de qualit\u00e9 pour soutenir la recherche clinique et la commercialisation tout au long de leur cycle de vie, et en fin de compte, en permettant des solutions qui am\u00e9liorent la qualit\u00e9 de vie des patients dans le monde entier<\/p>\n<\/div><\/div><div class=\"w-separator size_medium\"><\/div><div class=\"w-text us_custom_d06f77a6 has_text_color\"><span class=\"w-text-h\"><span class=\"w-text-value\">Votre Science est Notre ADN<\/span><\/span><\/div><div class=\"w-separator size_small\"><\/div><div class=\"wpb_text_column us_custom_432d3f53\"><div class=\"wpb_wrapper\"><p>Dans le paysage mondial actuel de la pharmacie et de la biopharmacie, Minakem est un partenaire de confiance sur lequel les entreprises du monde entier comptent.<\/p>\n<p>Notre gamme de technologies in\u00e9gal\u00e9e permet la fabrication de compos\u00e9s propri\u00e9taires de haut niveau et le d\u00e9veloppement de processus r\u00e9volutionnaires<\/p>\n<\/div><\/div><\/div><\/div><\/div><\/div><\/div><\/div><\/div><\/div><\/div><\/section><section class=\"l-section wpb_row height_large with_img parallax_ver\"><div class=\"l-section-img\" role=\"img\" aria-label=\"Image\" data-img-width=\"1500\" data-img-height=\"841\" style=\"background-image: url(https:\/\/minakem.com\/wp-content\/uploads\/2025\/02\/Ecosystem.jpg);background-repeat: no-repeat;\"><\/div><div class=\"l-section-h i-cf\"><div class=\"g-cols vc_row via_flex valign_top type_default stacking_default\"><div class=\"vc_col-sm-12 wpb_column vc_column_container\"><div class=\"vc_column-inner\"><div class=\"wpb_wrapper\"><div class=\"w-separator size_large\"><\/div><\/div><\/div><\/div><\/div><\/div><\/section><section class=\"l-section wpb_row height_large\"><div class=\"l-section-overlay\" style=\"background:var(--color-wblue)\"><\/div><div class=\"l-section-h i-cf\"><div class=\"g-cols vc_row via_flex valign_top type_default stacking_default\" style=\"--additional-gap:1rem;\"><div class=\"vc_col-sm-12 wpb_column vc_column_container\"><div class=\"vc_column-inner\"><div class=\"wpb_wrapper\"><div class=\"wpb_text_column\"><div class=\"wpb_wrapper\"><h2>Nos Valeurs<\/h2>\n<\/div><\/div><div class=\"w-text us_custom_d06f77a6 has_text_color\"><span class=\"w-text-h\"><span class=\"w-text-value\">Valeurs au C\u0153ur de Notre Engagement<\/span><\/span><\/div><div class=\"w-separator size_small\"><\/div><div class=\"wpb_text_column\"><div class=\"wpb_wrapper\"><p>Chez Minakem, nous sommes guid\u00e9s par un ensemble de valeurs fondamentales qui d\u00e9finissent nos actions quotidiennes. Chacune de ces valeurs, illustr\u00e9e ci-dessous, se construit sur les autres et contribue \u00e0 cr\u00e9er un code de conduite clair et coh\u00e9rent pour l&rsquo;ensemble de l&rsquo;organisation.<\/p>\n<\/div><\/div><div class=\"w-separator size_large\"><\/div><div class=\"g-cols wpb_row us_custom_fc8f29cf via_flex valign_top type_default stacking_default\" style=\"--additional-gap:20px;\"><div class=\"vc_col-sm-4 wpb_column vc_column_container has_bg_color\"><div class=\"vc_column-inner us_custom_3e175d73\"><div class=\"wpb_wrapper\"><div class=\"w-vwrapper align_none valign_top\"><div class=\"w-image align_none\"><div class=\"w-image-h\"><img decoding=\"async\" width=\"112\" height=\"112\" src=\"https:\/\/minakem.com\/wp-content\/uploads\/2025\/03\/respect.png\" class=\"attachment-large size-large\" alt=\"\" loading=\"lazy\" srcset=\"https:\/\/minakem.com\/wp-content\/uploads\/2025\/03\/respect.png 112w, https:\/\/minakem.com\/wp-content\/uploads\/2025\/03\/respect-60x60.png 60w, https:\/\/minakem.com\/wp-content\/uploads\/2025\/03\/respect-100x100.png 100w\" sizes=\"auto, (max-width: 112px) 100vw, 112px\" \/><\/div><\/div><div class=\"w-text us_custom_67b6827d\"><span class=\"w-text-h\"><span class=\"w-text-value\">Respect<\/span><\/span><\/div><div class=\"wpb_text_column\"><div class=\"wpb_wrapper\"><p><em>\u00ab Construire un avenir respectueux o\u00f9 chacun se sent en s\u00e9curit\u00e9 et soutenu. \u00bb<\/em><\/p>\n<p>Le respect est au c\u0153ur de chaque interaction au sein du groupe Minafin, que ce soit avec des coll\u00e8gues, des clients, des partenaires ou d&rsquo;autres parties prenantes<\/p>\n<\/div><\/div><\/div><\/div><\/div><\/div><div class=\"vc_col-sm-4 wpb_column vc_column_container has_bg_color\"><div class=\"vc_column-inner us_custom_3e175d73\"><div class=\"wpb_wrapper\"><div class=\"w-vwrapper align_none valign_top\"><div class=\"w-image align_none\"><div class=\"w-image-h\"><img decoding=\"async\" width=\"112\" height=\"112\" src=\"https:\/\/minakem.com\/wp-content\/uploads\/2025\/03\/together.png\" class=\"attachment-large size-large\" alt=\"\" loading=\"lazy\" srcset=\"https:\/\/minakem.com\/wp-content\/uploads\/2025\/03\/together.png 112w, https:\/\/minakem.com\/wp-content\/uploads\/2025\/03\/together-60x60.png 60w, https:\/\/minakem.com\/wp-content\/uploads\/2025\/03\/together-100x100.png 100w\" sizes=\"auto, (max-width: 112px) 100vw, 112px\" \/><\/div><\/div><div class=\"w-text us_custom_67b6827d\"><span class=\"w-text-h\"><span class=\"w-text-value\">Ensemble<\/span><\/span><\/div><div class=\"wpb_text_column\"><div class=\"wpb_wrapper\"><p><em>\u00ab Unis en tant qu&rsquo;\u00e9quipe, nous poursuivons un objectif commun : le succ\u00e8s de tous ceux que nous servons. Nous avan\u00e7ons et r\u00e9ussissons ensemble. \u00bb<\/em><\/p>\n<p>Nous croyons fermement au pouvoir de la collaboration. Au sein du groupe Minafin, quel que soit notre r\u00f4le, nous travaillons ensemble pour atteindre notre ambition commune<\/p>\n<\/div><\/div><\/div><\/div><\/div><\/div><div class=\"vc_col-sm-4 wpb_column vc_column_container has_bg_color\"><div class=\"vc_column-inner us_custom_3e175d73\"><div class=\"wpb_wrapper\"><div class=\"w-vwrapper align_none valign_top\"><div class=\"w-image align_none\"><div class=\"w-image-h\"><img decoding=\"async\" width=\"112\" height=\"112\" src=\"https:\/\/minakem.com\/wp-content\/uploads\/2025\/03\/perseverance.png\" class=\"attachment-large size-large\" alt=\"\" loading=\"lazy\" srcset=\"https:\/\/minakem.com\/wp-content\/uploads\/2025\/03\/perseverance.png 112w, https:\/\/minakem.com\/wp-content\/uploads\/2025\/03\/perseverance-60x60.png 60w, https:\/\/minakem.com\/wp-content\/uploads\/2025\/03\/perseverance-100x100.png 100w\" sizes=\"auto, (max-width: 112px) 100vw, 112px\" \/><\/div><\/div><div class=\"w-text us_custom_67b6827d\"><span class=\"w-text-h\"><span class=\"w-text-value\">Pers\u00e9v\u00e9rance<\/span><\/span><\/div><div class=\"wpb_text_column\"><div class=\"wpb_wrapper\"><p><em>\u00ab Les d\u00e9fis sont des tremplins vers le succ\u00e8s, pas des obstacles. \u00bb<\/em><\/p>\n<p>La pers\u00e9v\u00e9rance est notre force motrice. Nous croyons qu&rsquo;avec r\u00e9silience et engagement, les d\u00e9fis peuvent \u00eatre transform\u00e9s en opportunit\u00e9s<\/p>\n<\/div><\/div><\/div><\/div><\/div><\/div><\/div><div class=\"w-separator size_medium\"><\/div><div class=\"g-cols wpb_row us_custom_fc8f29cf via_flex valign_top type_default stacking_default\" style=\"--additional-gap:20px;\"><div class=\"vc_col-sm-4 wpb_column vc_column_container has_bg_color\"><div class=\"vc_column-inner us_custom_3e175d73\"><div class=\"wpb_wrapper\"><div class=\"w-vwrapper align_none valign_top\"><div class=\"w-image align_none\"><div class=\"w-image-h\"><img decoding=\"async\" width=\"112\" height=\"112\" src=\"https:\/\/minakem.com\/wp-content\/uploads\/2025\/03\/integrity.png\" class=\"attachment-large size-large\" alt=\"\" loading=\"lazy\" srcset=\"https:\/\/minakem.com\/wp-content\/uploads\/2025\/03\/integrity.png 112w, https:\/\/minakem.com\/wp-content\/uploads\/2025\/03\/integrity-60x60.png 60w, https:\/\/minakem.com\/wp-content\/uploads\/2025\/03\/integrity-100x100.png 100w\" sizes=\"auto, (max-width: 112px) 100vw, 112px\" \/><\/div><\/div><div class=\"w-text us_custom_67b6827d\"><span class=\"w-text-h\"><span class=\"w-text-value\">Int\u00e9grit\u00e9<\/span><\/span><\/div><div class=\"wpb_text_column\"><div class=\"wpb_wrapper\"><p><em>\u00ab L&rsquo;\u00e9thique n&rsquo;est pas seulement un code ; elle repr\u00e9sente le principe qui guide chacune de nos actions. \u00bb<\/em><\/p>\n<p>Nous pla\u00e7ons l&rsquo;honn\u00eatet\u00e9, la transparence et le respect des engagements au c\u0153ur de nos pratiques<\/p>\n<\/div><\/div><\/div><\/div><\/div><\/div><div class=\"vc_col-sm-4 wpb_column vc_column_container has_bg_color\"><div class=\"vc_column-inner us_custom_3e175d73\"><div class=\"wpb_wrapper\"><div class=\"w-vwrapper align_none valign_top\"><div class=\"w-image align_none\"><div class=\"w-image-h\"><img decoding=\"async\" width=\"112\" height=\"112\" src=\"https:\/\/minakem.com\/wp-content\/uploads\/2025\/03\/responsability.png\" class=\"attachment-large size-large\" alt=\"\" loading=\"lazy\" srcset=\"https:\/\/minakem.com\/wp-content\/uploads\/2025\/03\/responsability.png 112w, https:\/\/minakem.com\/wp-content\/uploads\/2025\/03\/responsability-60x60.png 60w, https:\/\/minakem.com\/wp-content\/uploads\/2025\/03\/responsability-100x100.png 100w\" sizes=\"auto, (max-width: 112px) 100vw, 112px\" \/><\/div><\/div><div class=\"w-text us_custom_67b6827d\"><span class=\"w-text-h\"><span class=\"w-text-value\">Responsabilit\u00e9<\/span><\/span><\/div><div class=\"wpb_text_column\"><div class=\"wpb_wrapper\"><p><em>\u00ab Promesses faites, promesses tenues. \u00bb<\/em><\/p>\n<p>Nous croyons en la valeur de la responsabilit\u00e9, tant individuelle que collective, et nous veillons \u00e0 honorer chacun de nos engagements<\/p>\n<\/div><\/div><\/div><\/div><\/div><\/div><div class=\"vc_col-sm-4 wpb_column vc_column_container\"><div class=\"vc_column-inner\"><div class=\"wpb_wrapper\"><\/div><\/div><\/div><\/div><div class=\"w-separator size_medium\"><\/div><div class=\"w-image us_custom_9cad0e16 align_none\"><div class=\"w-image-h\"><img decoding=\"async\" width=\"1011\" height=\"693\" src=\"https:\/\/minakem.com\/wp-content\/uploads\/2025\/02\/minakem-background-up-1.png\" class=\"attachment-large size-large\" alt=\"\" loading=\"lazy\" srcset=\"https:\/\/minakem.com\/wp-content\/uploads\/2025\/02\/minakem-background-up-1.png 1011w, https:\/\/minakem.com\/wp-content\/uploads\/2025\/02\/minakem-background-up-1-300x206.png 300w, https:\/\/minakem.com\/wp-content\/uploads\/2025\/02\/minakem-background-up-1-200x137.png 200w, https:\/\/minakem.com\/wp-content\/uploads\/2025\/02\/minakem-background-up-1-100x69.png 100w, https:\/\/minakem.com\/wp-content\/uploads\/2025\/02\/minakem-background-up-1-150x103.png 150w\" sizes=\"auto, (max-width: 1011px) 100vw, 1011px\" \/><\/div><\/div><\/div><\/div><\/div><\/div><\/div><\/section>\n","protected":false},"excerpt":{"rendered":"Nos Missions Minakem est un fabricant cGMP de principes actifs pharmaceutiques et d\u2019interm\u00e9diaires (API et HPAPI). Notre MissionNotre mission est de mener l&rsquo;avancement des technologies de fabrication pharmaceutique innovantes, plus \u00e9cologiques et rentables pour les API et les interm\u00e9diaires, en favorisant l&rsquo;excellence en mati\u00e8re de fabrication et de qualit\u00e9 pour soutenir la recherche clinique et...","protected":false},"author":1,"featured_media":0,"parent":0,"menu_order":0,"comment_status":"closed","ping_status":"closed","template":"","meta":{"_acf_changed":false,"footnotes":""},"class_list":["post-28902","page","type-page","status-publish","hentry"],"acf":[],"yoast_head":"<!-- This site is optimized with the Yoast SEO Premium plugin v27.3 (Yoast SEO v27.3) - https:\/\/yoast.com\/product\/yoast-seo-premium-wordpress\/ -->\n<title>Nos missions et valeurs | Minakem<\/title>\n<meta name=\"description\" content=\"Les valeurs fondamentales et la mission de Minakem, ax\u00e9es sur l&#039;innovation, l&#039;int\u00e9grit\u00e9, la durabilit\u00e9 et la fourniture de solutions pharmaceutiques de haute qualit\u00e9.\" \/>\n<meta name=\"robots\" content=\"index, follow, max-snippet:-1, max-image-preview:large, max-video-preview:-1\" \/>\n<link rel=\"canonical\" href=\"https:\/\/minakem.com\/fr\/nos-missions-et-valeurs\/\" \/>\n<meta property=\"og:locale\" content=\"fr_FR\" \/>\n<meta property=\"og:type\" content=\"article\" \/>\n<meta property=\"og:title\" content=\"Nos missions et valeurs\" \/>\n<meta property=\"og:description\" content=\"Les valeurs fondamentales et la mission de Minakem, ax\u00e9es sur l&#039;innovation, l&#039;int\u00e9grit\u00e9, la durabilit\u00e9 et la fourniture de solutions pharmaceutiques de haute qualit\u00e9.\" \/>\n<meta property=\"og:url\" content=\"https:\/\/minakem.com\/fr\/nos-missions-et-valeurs\/\" \/>\n<meta property=\"og:site_name\" content=\"Minakem\" \/>\n<meta property=\"article:publisher\" content=\"https:\/\/www.linkedin.com\/company\/minakem\/\" \/>\n<meta property=\"article:modified_time\" content=\"2025-05-12T14:16:58+00:00\" \/>\n<meta name=\"twitter:card\" content=\"summary_large_image\" \/>\n<meta name=\"twitter:label1\" content=\"Dur\u00e9e de lecture estim\u00e9e\" \/>\n\t<meta name=\"twitter:data1\" content=\"5 minutes\" \/>\n<script type=\"application\/ld+json\" class=\"yoast-schema-graph\">{\"@context\":\"https:\\\/\\\/schema.org\",\"@graph\":[{\"@type\":\"WebPage\",\"@id\":\"https:\\\/\\\/minakem.com\\\/fr\\\/nos-missions-et-valeurs\\\/\",\"url\":\"https:\\\/\\\/minakem.com\\\/fr\\\/nos-missions-et-valeurs\\\/\",\"name\":\"Nos missions et valeurs | Minakem\",\"isPartOf\":{\"@id\":\"https:\\\/\\\/minakem.com\\\/fr\\\/#website\"},\"datePublished\":\"2025-02-07T12:51:30+00:00\",\"dateModified\":\"2025-05-12T14:16:58+00:00\",\"description\":\"Les valeurs fondamentales et la mission de Minakem, ax\u00e9es sur l'innovation, l'int\u00e9grit\u00e9, la durabilit\u00e9 et la fourniture de solutions pharmaceutiques de haute qualit\u00e9.\",\"breadcrumb\":{\"@id\":\"https:\\\/\\\/minakem.com\\\/fr\\\/nos-missions-et-valeurs\\\/#breadcrumb\"},\"inLanguage\":\"fr-FR\",\"potentialAction\":[{\"@type\":\"ReadAction\",\"target\":[\"https:\\\/\\\/minakem.com\\\/fr\\\/nos-missions-et-valeurs\\\/\"]}]},{\"@type\":\"BreadcrumbList\",\"@id\":\"https:\\\/\\\/minakem.com\\\/fr\\\/nos-missions-et-valeurs\\\/#breadcrumb\",\"itemListElement\":[{\"@type\":\"ListItem\",\"position\":1,\"name\":\"Home\",\"item\":\"https:\\\/\\\/minakem.com\\\/fr\\\/\"},{\"@type\":\"ListItem\",\"position\":2,\"name\":\"Nos missions et valeurs\"}]},{\"@type\":\"WebSite\",\"@id\":\"https:\\\/\\\/minakem.com\\\/fr\\\/#website\",\"url\":\"https:\\\/\\\/minakem.com\\\/fr\\\/\",\"name\":\"Minakem\",\"description\":\"\",\"publisher\":{\"@id\":\"https:\\\/\\\/minakem.com\\\/fr\\\/#organization\"},\"potentialAction\":[{\"@type\":\"SearchAction\",\"target\":{\"@type\":\"EntryPoint\",\"urlTemplate\":\"https:\\\/\\\/minakem.com\\\/fr\\\/?s={search_term_string}\"},\"query-input\":{\"@type\":\"PropertyValueSpecification\",\"valueRequired\":true,\"valueName\":\"search_term_string\"}}],\"inLanguage\":\"fr-FR\"},{\"@type\":\"Organization\",\"@id\":\"https:\\\/\\\/minakem.com\\\/fr\\\/#organization\",\"name\":\"Minakem\",\"url\":\"https:\\\/\\\/minakem.com\\\/fr\\\/\",\"logo\":{\"@type\":\"ImageObject\",\"inLanguage\":\"fr-FR\",\"@id\":\"https:\\\/\\\/minakem.com\\\/fr\\\/#\\\/schema\\\/logo\\\/image\\\/\",\"url\":\"https:\\\/\\\/minakem.com\\\/wp-content\\\/uploads\\\/2024\\\/12\\\/favicon.svg\",\"contentUrl\":\"https:\\\/\\\/minakem.com\\\/wp-content\\\/uploads\\\/2024\\\/12\\\/favicon.svg\",\"width\":\"1024\",\"height\":\"1024\",\"caption\":\"Minakem\"},\"image\":{\"@id\":\"https:\\\/\\\/minakem.com\\\/fr\\\/#\\\/schema\\\/logo\\\/image\\\/\"},\"sameAs\":[\"https:\\\/\\\/www.linkedin.com\\\/company\\\/minakem\\\/\"]}]}<\/script>\n<!-- \/ Yoast SEO Premium plugin. -->","yoast_head_json":{"title":"Nos missions et valeurs | Minakem","description":"Les valeurs fondamentales et la mission de Minakem, ax\u00e9es sur l'innovation, l'int\u00e9grit\u00e9, la durabilit\u00e9 et la fourniture de solutions pharmaceutiques de haute qualit\u00e9.","robots":{"index":"index","follow":"follow","max-snippet":"max-snippet:-1","max-image-preview":"max-image-preview:large","max-video-preview":"max-video-preview:-1"},"canonical":"https:\/\/minakem.com\/fr\/nos-missions-et-valeurs\/","og_locale":"fr_FR","og_type":"article","og_title":"Nos missions et valeurs","og_description":"Les valeurs fondamentales et la mission de Minakem, ax\u00e9es sur l'innovation, l'int\u00e9grit\u00e9, la durabilit\u00e9 et la fourniture de solutions pharmaceutiques de haute qualit\u00e9.","og_url":"https:\/\/minakem.com\/fr\/nos-missions-et-valeurs\/","og_site_name":"Minakem","article_publisher":"https:\/\/www.linkedin.com\/company\/minakem\/","article_modified_time":"2025-05-12T14:16:58+00:00","twitter_card":"summary_large_image","twitter_misc":{"Dur\u00e9e de lecture estim\u00e9e":"5 minutes"},"schema":{"@context":"https:\/\/schema.org","@graph":[{"@type":"WebPage","@id":"https:\/\/minakem.com\/fr\/nos-missions-et-valeurs\/","url":"https:\/\/minakem.com\/fr\/nos-missions-et-valeurs\/","name":"Nos missions et valeurs | Minakem","isPartOf":{"@id":"https:\/\/minakem.com\/fr\/#website"},"datePublished":"2025-02-07T12:51:30+00:00","dateModified":"2025-05-12T14:16:58+00:00","description":"Les valeurs fondamentales et la mission de Minakem, ax\u00e9es sur l'innovation, l'int\u00e9grit\u00e9, la durabilit\u00e9 et la fourniture de solutions pharmaceutiques de haute qualit\u00e9.","breadcrumb":{"@id":"https:\/\/minakem.com\/fr\/nos-missions-et-valeurs\/#breadcrumb"},"inLanguage":"fr-FR","potentialAction":[{"@type":"ReadAction","target":["https:\/\/minakem.com\/fr\/nos-missions-et-valeurs\/"]}]},{"@type":"BreadcrumbList","@id":"https:\/\/minakem.com\/fr\/nos-missions-et-valeurs\/#breadcrumb","itemListElement":[{"@type":"ListItem","position":1,"name":"Home","item":"https:\/\/minakem.com\/fr\/"},{"@type":"ListItem","position":2,"name":"Nos missions et valeurs"}]},{"@type":"WebSite","@id":"https:\/\/minakem.com\/fr\/#website","url":"https:\/\/minakem.com\/fr\/","name":"Minakem","description":"","publisher":{"@id":"https:\/\/minakem.com\/fr\/#organization"},"potentialAction":[{"@type":"SearchAction","target":{"@type":"EntryPoint","urlTemplate":"https:\/\/minakem.com\/fr\/?s={search_term_string}"},"query-input":{"@type":"PropertyValueSpecification","valueRequired":true,"valueName":"search_term_string"}}],"inLanguage":"fr-FR"},{"@type":"Organization","@id":"https:\/\/minakem.com\/fr\/#organization","name":"Minakem","url":"https:\/\/minakem.com\/fr\/","logo":{"@type":"ImageObject","inLanguage":"fr-FR","@id":"https:\/\/minakem.com\/fr\/#\/schema\/logo\/image\/","url":"https:\/\/minakem.com\/wp-content\/uploads\/2024\/12\/favicon.svg","contentUrl":"https:\/\/minakem.com\/wp-content\/uploads\/2024\/12\/favicon.svg","width":"1024","height":"1024","caption":"Minakem"},"image":{"@id":"https:\/\/minakem.com\/fr\/#\/schema\/logo\/image\/"},"sameAs":["https:\/\/www.linkedin.com\/company\/minakem\/"]}]}},"_links":{"self":[{"href":"https:\/\/minakem.com\/fr\/wp-json\/wp\/v2\/pages\/28902","targetHints":{"allow":["GET"]}}],"collection":[{"href":"https:\/\/minakem.com\/fr\/wp-json\/wp\/v2\/pages"}],"about":[{"href":"https:\/\/minakem.com\/fr\/wp-json\/wp\/v2\/types\/page"}],"author":[{"embeddable":true,"href":"https:\/\/minakem.com\/fr\/wp-json\/wp\/v2\/users\/1"}],"replies":[{"embeddable":true,"href":"https:\/\/minakem.com\/fr\/wp-json\/wp\/v2\/comments?post=28902"}],"version-history":[{"count":2,"href":"https:\/\/minakem.com\/fr\/wp-json\/wp\/v2\/pages\/28902\/revisions"}],"predecessor-version":[{"id":28905,"href":"https:\/\/minakem.com\/fr\/wp-json\/wp\/v2\/pages\/28902\/revisions\/28905"}],"wp:attachment":[{"href":"https:\/\/minakem.com\/fr\/wp-json\/wp\/v2\/media?parent=28902"}],"curies":[{"name":"wp","href":"https:\/\/api.w.org\/{rel}","templated":true}]}}