{"id":28876,"date":"2025-02-07T16:25:37","date_gmt":"2025-02-07T15:25:37","guid":{"rendered":"https:\/\/minakem.com\/cybersecurity\/"},"modified":"2025-12-29T10:25:20","modified_gmt":"2025-12-29T09:25:20","slug":"cybersecurite","status":"publish","type":"page","link":"https:\/\/minakem.com\/fr\/cybersecurite\/","title":{"rendered":"Cybers\u00e9curit\u00e9"},"content":{"rendered":"<section class=\"l-section wpb_row height_large\"><div class=\"l-section-h i-cf\"><div class=\"g-cols vc_row via_flex valign_top type_default stacking_default\"><div class=\"vc_col-sm-12 wpb_column vc_column_container\"><div class=\"vc_column-inner\"><div class=\"wpb_wrapper\"><div class=\"wpb_text_column\"><div class=\"wpb_wrapper\"><h1>Minafin : Votre confiance num\u00e9rique, notre p<span style=\"color: #f28f1f;\">riorit\u00e9 absolue.<\/span><\/h1>\n<\/div><\/div><div class=\"w-separator size_medium\"><\/div><div class=\"g-cols wpb_row via_flex valign_middle type_default stacking_default\" style=\"--additional-gap:20px;\"><div class=\"vc_col-sm-6 wpb_column vc_column_container\"><div class=\"vc_column-inner\"><div class=\"wpb_wrapper\"><div class=\"wpb_text_column\"><div class=\"wpb_wrapper\"><p>La cybers\u00e9curit\u00e9 est au c\u0153ur de l&rsquo;engagement Minafin : nous prot\u00e9geons la confidentialit\u00e9, l&rsquo;int\u00e9grit\u00e9 et la disponibilit\u00e9 de vos informations et de nos syst\u00e8mes.<\/p>\n<p><strong>Certification ISO 27001 : Preuve de notre engagement pour la cybers\u00e9curit\u00e9.<\/strong><\/p>\n<p>Minafin a mis en place et maintient un syst\u00e8me de management de la s\u00e9curit\u00e9 de l&rsquo;information certifi\u00e9 ISO 27001 depuis 2022 sur l&rsquo;ensemble de ses sites europ\u00e9ens. Cette norme internationale reconnue d\u00e9finit les meilleures pratiques pour une cybers\u00e9curit\u00e9 robuste, prot\u00e9geant vos donn\u00e9es sensibles et assurant la continuit\u00e9 de nos syst\u00e8mes critiques, m\u00eame en cas d&rsquo;incidents majeurs.<\/p>\n<p>Obtenir et maintenir la certification ISO 27001 t\u00e9moigne de notre engagement ind\u00e9fectible envers la cybers\u00e9curit\u00e9 et rassure nos clients quant \u00e0 l&rsquo;efficacit\u00e9 des mesures de protection mises en \u0153uvre au sein de nos sites europ\u00e9ens certifi\u00e9s.<\/p>\n<\/div><\/div><\/div><\/div><\/div><div class=\"vc_col-sm-6 wpb_column vc_column_container\"><div class=\"vc_column-inner us_custom_135c9658\"><div class=\"vc_column-overlay\" style=\"background:var(--color-wblue)\"><\/div><div class=\"wpb_wrapper\"><div class=\"w-image us_custom_8d032b96 align_center\"><div class=\"w-image-h\"><img decoding=\"async\" width=\"213\" height=\"300\" src=\"https:\/\/minakem.com\/wp-content\/uploads\/2025\/03\/Logo_ISO-27001_CertiTrust-213x300.png\" class=\"attachment-medium size-medium\" alt=\"\" loading=\"lazy\" srcset=\"https:\/\/minakem.com\/wp-content\/uploads\/2025\/03\/Logo_ISO-27001_CertiTrust-213x300.png 213w, https:\/\/minakem.com\/wp-content\/uploads\/2025\/03\/Logo_ISO-27001_CertiTrust-727x1024.png 727w, https:\/\/minakem.com\/wp-content\/uploads\/2025\/03\/Logo_ISO-27001_CertiTrust-142x200.png 142w, https:\/\/minakem.com\/wp-content\/uploads\/2025\/03\/Logo_ISO-27001_CertiTrust-71x100.png 71w, https:\/\/minakem.com\/wp-content\/uploads\/2025\/03\/Logo_ISO-27001_CertiTrust-106x150.png 106w, https:\/\/minakem.com\/wp-content\/uploads\/2025\/03\/Logo_ISO-27001_CertiTrust-28x40.png 28w\" sizes=\"auto, (max-width: 213px) 100vw, 213px\" \/><\/div><\/div><\/div><\/div><\/div><\/div><\/div><\/div><\/div><\/div><\/div><\/section><section class=\"l-section wpb_row height_large with_img parallax_ver\"><div class=\"l-section-img\" role=\"img\" aria-label=\"Image\" data-img-width=\"1785\" data-img-height=\"1000\" style=\"background-image: url(https:\/\/minakem.com\/wp-content\/uploads\/2025\/02\/Planisphere.png);background-repeat: no-repeat;\"><\/div><div class=\"l-section-h i-cf\"><div class=\"g-cols vc_row via_flex valign_top type_default stacking_default\"><div class=\"vc_col-sm-12 wpb_column vc_column_container\"><div class=\"vc_column-inner\"><div class=\"wpb_wrapper\"><div class=\"w-separator size_large\"><\/div><\/div><\/div><\/div><\/div><\/div><\/section><section class=\"l-section wpb_row height_small\"><div class=\"l-section-h i-cf\"><div class=\"g-cols vc_row via_flex valign_top type_default stacking_default\"><div class=\"vc_col-sm-12 wpb_column vc_column_container\"><div class=\"vc_column-inner\"><div class=\"wpb_wrapper\"><div class=\"g-cols wpb_row via_flex valign_middle type_default stacking_default\"><div class=\"vc_col-sm-6 wpb_column vc_column_container\"><div class=\"vc_column-inner\"><div class=\"wpb_wrapper\"><div class=\"wpb_text_column\"><div class=\"wpb_wrapper\"><h2>Cybers\u00e9curit\u00e9 Strat\u00e9gique :<\/h2>\n<\/div><\/div><div class=\"w-separator size_small\"><\/div><div class=\"wpb_text_column\"><div class=\"wpb_wrapper\"><p><strong>Prot\u00e9ger notre organisation \u00e0 tous les niveaux.<\/strong><\/p>\n<p>Les objectifs strat\u00e9giques de Minafin en mati\u00e8re de cybers\u00e9curit\u00e9 sont intrins\u00e8quement li\u00e9s \u00e0 nos activit\u00e9s commerciales et align\u00e9s sur nos intentions, visant \u00e0 prot\u00e9ger :<\/p>\n<\/div><\/div><\/div><\/div><\/div><div class=\"vc_col-sm-6 wpb_column vc_column_container\"><div class=\"vc_column-inner\"><div class=\"wpb_wrapper\"><div class=\"w-hwrapper valign_bottom stack_on_mobiles align_none\" style=\"--hwrapper-gap:1.5rem\"><div class=\"w-iconbox us_custom_104b6c87 has_text_color iconpos_top style_default color_primary align_left no_text icontype_img\"><div class=\"w-iconbox-icon\" style=\"font-size:4rem;\"><svg xmlns=\"http:\/\/www.w3.org\/2000\/svg\" width=\"74.913\" height=\"74.913\" viewBox=\"0 0 74.913 74.913\">\n  <path id=\"public-cible\" d=\"M21.85,15.607a9.321,9.321,0,0,1,6.686,2.828,15.918,15.918,0,0,0-2.366,2.048,6.237,6.237,0,1,0-4.32,10.731,15.51,15.51,0,0,0,.312,3.09c-.106,0-.206.031-.312.031a9.364,9.364,0,1,1,0-18.728Zm31.214,3.121a6.243,6.243,0,1,1,0,12.486,15.51,15.51,0,0,1-.312,3.09c.106,0,.206.031.312.031a9.364,9.364,0,1,0-6.686-15.9,15.918,15.918,0,0,1,2.366,2.048,6.216,6.216,0,0,1,4.32-1.754ZM28.093,31.214a9.364,9.364,0,1,1,9.364,9.364A9.376,9.376,0,0,1,28.093,31.214Zm3.121,0a6.243,6.243,0,1,0,6.243-6.243A6.249,6.249,0,0,0,31.214,31.214ZM3.121,7.8A4.688,4.688,0,0,1,7.8,3.121H21.85V0H7.8A7.812,7.812,0,0,0,0,7.8V21.85H3.121Zm0,59.306V53.064H0V67.11a7.812,7.812,0,0,0,7.8,7.8H21.85V71.792H7.8A4.688,4.688,0,0,1,3.121,67.11Zm68.671,0a4.688,4.688,0,0,1-4.682,4.682H53.064v3.121H67.11a7.812,7.812,0,0,0,7.8-7.8V53.064H71.792ZM67.11,0H53.064V3.121H67.11A4.688,4.688,0,0,1,71.792,7.8V21.85h3.121V7.8A7.812,7.812,0,0,0,67.11,0ZM42.139,46.821H32.775a7.812,7.812,0,0,0-7.8,7.8v4.682h3.121V54.624a4.688,4.688,0,0,1,4.682-4.682h9.364a4.688,4.688,0,0,1,4.682,4.682v4.682h3.121V54.624A7.812,7.812,0,0,0,42.139,46.821Zm20.289,1.561v4.682h3.121V48.382a7.812,7.812,0,0,0-7.8-7.8H48.382a7.738,7.738,0,0,0-2.7.509A13.938,13.938,0,0,1,50.86,43.7h6.886a4.688,4.688,0,0,1,4.682,4.682Zm-35.9-7.8H17.168a7.812,7.812,0,0,0-7.8,7.8v4.682h3.121V48.382A4.688,4.688,0,0,1,17.168,43.7h6.886a13.914,13.914,0,0,1,5.175-2.613A7.738,7.738,0,0,0,26.532,40.578Z\" fill=\"#f28f20\"\/>\n<\/svg>\n<\/div><div class=\"w-iconbox-meta\"><span class=\"w-iconbox-title\" style=\"font-size:1.2rem;\">Nos clients et leurs informations<\/span><\/div><\/div><div class=\"w-iconbox us_custom_104b6c87 has_text_color iconpos_top style_default color_primary align_left no_text icontype_img\"><div class=\"w-iconbox-icon\" style=\"font-size:4rem;\"><svg xmlns=\"http:\/\/www.w3.org\/2000\/svg\" width=\"73.991\" height=\"73.991\" viewBox=\"0 0 73.991 73.991\">\n  <path id=\"proteger-la-confiance\" d=\"M74.034,37.039l-10.7,10.7v15.6h-15.6l-10.7,10.7-10.7-10.7h-15.6v-15.6l-10.7-10.7,10.7-10.7v-15.6h15.6l10.7-10.7,10.7,10.7H61.664l-3.119,3.094H46.454L37.039,4.418l-9.415,9.415H13.833v13.79L4.418,37.039l9.415,9.415v13.79h13.79l9.415,9.415,9.415-9.415h13.79V46.454l9.415-9.415-6.244-6.244,2.2-2.178,8.422,8.422ZM37.193,43.227a1.27,1.27,0,0,1-.907-.384L24.2,30.94l-2.169,2.206L34.106,45.04a4.337,4.337,0,0,0,3.088,1.281h0a4.3,4.3,0,0,0,3.076-1.278L70.616,14.932l-2.181-2.2L38.081,42.856a1.252,1.252,0,0,1-.891.371Z\" transform=\"translate(-0.043 -0.043)\" fill=\"#f28f20\"\/>\n<\/svg>\n<\/div><div class=\"w-iconbox-meta\"><span class=\"w-iconbox-title\" style=\"font-size:1.2rem;\">Notre r\u00e9putation, notre marque et la confiance que vous nous accordez<\/span><\/div><\/div><\/div><div class=\"w-separator size_small\"><\/div><div class=\"w-hwrapper valign_bottom stack_on_mobiles align_none\" style=\"--hwrapper-gap:1.5rem\"><div class=\"w-iconbox us_custom_104b6c87 has_text_color iconpos_top style_default color_primary align_left no_text icontype_img\"><div class=\"w-iconbox-icon\" style=\"font-size:4rem;\"><svg id=\"Groupe_661\" data-name=\"Groupe 661\" xmlns=\"http:\/\/www.w3.org\/2000\/svg\" width=\"82.149\" height=\"82.149\" viewBox=\"0 0 82.149 82.149\">\n  <path id=\"cerveau-a-puce\" d=\"M80.438,30.806a1.711,1.711,0,1,0,0-3.423H75.3V22.249a14.86,14.86,0,0,0-.175-1.711h5.309a1.711,1.711,0,1,0,0-3.423H74.359A15.388,15.388,0,0,0,65.035,7.79V1.711a1.711,1.711,0,1,0-3.423,0V7.02A14.861,14.861,0,0,0,59.9,6.846H54.766V1.711a1.711,1.711,0,0,0-3.423,0V6.846H42.786V1.711a1.711,1.711,0,1,0-3.423,0V6.846H30.806V1.711a1.711,1.711,0,1,0-3.423,0V6.846H22.249a14.861,14.861,0,0,0-1.711.175V1.711a1.711,1.711,0,1,0-3.423,0V7.79A15.388,15.388,0,0,0,7.79,17.114H1.711a1.711,1.711,0,1,0,0,3.423H7.02a14.861,14.861,0,0,0-.175,1.711v5.134H1.711a1.711,1.711,0,0,0,0,3.423H6.846v8.557H1.711a1.711,1.711,0,1,0,0,3.423H6.846v8.557H1.711a1.711,1.711,0,1,0,0,3.423H6.846V59.9a14.861,14.861,0,0,0,.175,1.711H1.711a1.711,1.711,0,1,0,0,3.423H7.79a15.388,15.388,0,0,0,9.324,9.324v6.079a1.711,1.711,0,1,0,3.423,0V75.129a14.861,14.861,0,0,0,1.711.175h5.134v5.134a1.711,1.711,0,1,0,3.423,0V75.3h8.557v5.134a1.711,1.711,0,1,0,3.423,0V75.3h8.557v5.134a1.711,1.711,0,1,0,3.423,0V75.3H59.9a14.86,14.86,0,0,0,1.711-.175v5.309a1.711,1.711,0,1,0,3.423,0V74.359a15.388,15.388,0,0,0,9.324-9.324h6.079a1.711,1.711,0,1,0,0-3.423H75.129A14.862,14.862,0,0,0,75.3,59.9V54.766h5.134a1.711,1.711,0,1,0,0-3.423H75.3V42.786h5.134a1.711,1.711,0,1,0,0-3.423H75.3V30.806ZM59.9,71.88H22.249A11.993,11.993,0,0,1,10.269,59.9V22.249a11.993,11.993,0,0,1,11.98-11.98H59.9a11.993,11.993,0,0,1,11.98,11.98V59.9A11.993,11.993,0,0,1,59.9,71.88ZM56.478,31.716V29.95a9.421,9.421,0,0,0-9.413-9.413,9.3,9.3,0,0,0-5.928,2.146c-.024,0-.041-.014-.065-.014a.4.4,0,0,0-.062.014,9.291,9.291,0,0,0-5.928-2.146,9.421,9.421,0,0,0-9.413,9.413v1.766A11.055,11.055,0,0,0,23.957,49.05v1.438A11.137,11.137,0,0,0,35.081,61.612a10.866,10.866,0,0,0,5.891-1.735c.034,0,.065.021.1.021s.065-.017.1-.021a10.846,10.846,0,0,0,5.887,1.735A11.137,11.137,0,0,0,58.186,50.487V49.05a11.055,11.055,0,0,0-1.711-17.333ZM27.383,50.487v-2.2a1.712,1.712,0,0,0-.62-1.318,7.642,7.642,0,0,1,1.4-12.74,1.715,1.715,0,0,0,.931-1.523V29.947a6,6,0,0,1,5.99-5.99,5.909,5.909,0,0,1,4.279,1.893V56.8a7.474,7.474,0,0,1-4.279,1.379,7.711,7.711,0,0,1-7.7-7.7Zm28-3.519a1.718,1.718,0,0,0-.62,1.318v2.2a7.711,7.711,0,0,1-7.7,7.7,7.5,7.5,0,0,1-4.279-1.376V25.856a5.888,5.888,0,0,1,4.279-1.9,6,6,0,0,1,5.99,5.99v2.755a1.712,1.712,0,0,0,.931,1.523,7.642,7.642,0,0,1,1.4,12.74Z\" transform=\"translate(0 0)\" fill=\"#f28f20\"\/>\n<\/svg>\n<\/div><div class=\"w-iconbox-meta\"><span class=\"w-iconbox-title\" style=\"font-size:1.2rem;\">Notre propri\u00e9t\u00e9 intellectuelle<\/span><\/div><\/div><div class=\"w-iconbox us_custom_6dbadae9 has_text_color iconpos_top style_default color_primary align_left no_text icontype_img\"><div class=\"w-iconbox-icon\" style=\"font-size:4rem;\"><svg xmlns=\"http:\/\/www.w3.org\/2000\/svg\" width=\"65.748\" height=\"65.748\" viewBox=\"0 0 65.748 65.748\">\n  <path id=\"pieces-de-monnaie\" d=\"M46.571,0C35.819,0,27.395,4.813,27.395,10.958V22.951a32.205,32.205,0,0,0-8.218-1.036C8.424,21.916,0,26.729,0,32.874V54.79c0,6.145,8.424,10.958,19.176,10.958S38.353,60.935,38.353,54.79V53.735a32.222,32.222,0,0,0,8.218,1.055c10.753,0,19.176-4.813,19.176-10.958V10.958C65.748,4.813,57.324,0,46.571,0Zm0,2.739c8.909,0,16.437,3.764,16.437,8.218s-7.528,8.218-16.437,8.218-16.437-3.764-16.437-8.218S37.663,2.739,46.571,2.739ZM19.176,24.655c8.909,0,16.437,3.764,16.437,8.218s-7.528,8.218-16.437,8.218S2.739,37.328,2.739,32.874,10.268,24.655,19.176,24.655ZM2.739,38.572c3.323,3.172,9.366,5.26,16.437,5.26s13.114-2.087,16.437-5.26v5.26c0,4.454-7.528,8.218-16.437,8.218S2.739,48.286,2.739,43.832ZM19.176,63.008c-8.909,0-16.437-3.764-16.437-8.218V49.53c3.323,3.172,9.366,5.26,16.437,5.26S32.29,52.7,35.613,49.53v5.26C35.613,59.244,28.085,63.008,19.176,63.008ZM46.571,52.05a29,29,0,0,1-8.218-1.156V42.78a32.175,32.175,0,0,0,8.218,1.049c7.071,0,13.114-2.087,16.437-5.26v5.26c0,4.454-7.528,8.218-16.437,8.218Zm0-10.958a28.947,28.947,0,0,1-8.218-1.162V32.874A6.394,6.394,0,0,0,38.26,31.8a31.894,31.894,0,0,0,8.312,1.077c7.071,0,13.114-2.087,16.437-5.26v5.26C63.008,37.328,55.48,41.092,46.571,41.092Zm0-10.958a27.512,27.512,0,0,1-9.824-1.709,15.125,15.125,0,0,0-6.613-4.591V16.659c3.323,3.172,9.366,5.26,16.437,5.26s13.114-2.087,16.437-5.26v5.26c0,4.454-7.528,8.218-16.437,8.218Z\" fill=\"#f28f20\"\/>\n<\/svg>\n<\/div><div class=\"w-iconbox-meta\"><span class=\"w-iconbox-title\" style=\"font-size:1.2rem;\">Nos revenus<\/span><\/div><\/div><\/div><\/div><\/div><\/div><\/div><\/div><\/div><\/div><\/div><\/div><\/section>\n","protected":false},"excerpt":{"rendered":"Minafin : Votre confiance num\u00e9rique, notre priorit\u00e9 absolue. La cybers\u00e9curit\u00e9 est au c\u0153ur de l&rsquo;engagement Minafin : nous prot\u00e9geons la confidentialit\u00e9, l&rsquo;int\u00e9grit\u00e9 et la disponibilit\u00e9 de vos informations et de nos syst\u00e8mes. Certification ISO 27001 : Preuve de notre engagement pour la cybers\u00e9curit\u00e9. Minafin a mis en place et maintient un syst\u00e8me de management de...","protected":false},"author":1,"featured_media":0,"parent":0,"menu_order":0,"comment_status":"closed","ping_status":"closed","template":"","meta":{"_acf_changed":false,"footnotes":""},"class_list":["post-28876","page","type-page","status-publish","hentry"],"acf":[],"yoast_head":"<!-- This site is optimized with the Yoast SEO Premium plugin v27.3 (Yoast SEO v27.3) - https:\/\/yoast.com\/product\/yoast-seo-premium-wordpress\/ -->\n<title>Cybers\u00e9curit\u00e9 et certification ISO 27001 | %.<\/title>\n<meta name=\"description\" content=\"Minakem garantit une cybers\u00e9curit\u00e9 solide gr\u00e2ce \u00e0 la certification ISO 27001, qui prot\u00e8ge les donn\u00e9es sensibles et garantit l&#039;int\u00e9grit\u00e9 du syst\u00e8me.\" \/>\n<meta name=\"robots\" content=\"index, follow, max-snippet:-1, max-image-preview:large, max-video-preview:-1\" \/>\n<link rel=\"canonical\" href=\"https:\/\/minakem.com\/fr\/cybersecurite\/\" \/>\n<meta property=\"og:locale\" content=\"fr_FR\" \/>\n<meta property=\"og:type\" content=\"article\" \/>\n<meta property=\"og:title\" content=\"Cybers\u00e9curit\u00e9\" \/>\n<meta property=\"og:description\" content=\"Minakem garantit une cybers\u00e9curit\u00e9 solide gr\u00e2ce \u00e0 la certification ISO 27001, qui prot\u00e8ge les donn\u00e9es sensibles et garantit l&#039;int\u00e9grit\u00e9 du syst\u00e8me.\" \/>\n<meta property=\"og:url\" content=\"https:\/\/minakem.com\/fr\/cybersecurite\/\" \/>\n<meta property=\"og:site_name\" content=\"Minakem\" \/>\n<meta property=\"article:publisher\" content=\"https:\/\/www.linkedin.com\/company\/minakem\/\" \/>\n<meta property=\"article:modified_time\" content=\"2025-12-29T09:25:20+00:00\" \/>\n<meta name=\"twitter:card\" content=\"summary_large_image\" \/>\n<meta name=\"twitter:label1\" content=\"Dur\u00e9e de lecture estim\u00e9e\" \/>\n\t<meta name=\"twitter:data1\" content=\"2 minutes\" \/>\n<script type=\"application\/ld+json\" class=\"yoast-schema-graph\">{\"@context\":\"https:\\\/\\\/schema.org\",\"@graph\":[{\"@type\":\"WebPage\",\"@id\":\"https:\\\/\\\/minakem.com\\\/fr\\\/cybersecurite\\\/\",\"url\":\"https:\\\/\\\/minakem.com\\\/fr\\\/cybersecurite\\\/\",\"name\":\"Cybers\u00e9curit\u00e9 et certification ISO 27001 | %.\",\"isPartOf\":{\"@id\":\"https:\\\/\\\/minakem.com\\\/fr\\\/#website\"},\"datePublished\":\"2025-02-07T15:25:37+00:00\",\"dateModified\":\"2025-12-29T09:25:20+00:00\",\"description\":\"Minakem garantit une cybers\u00e9curit\u00e9 solide gr\u00e2ce \u00e0 la certification ISO 27001, qui prot\u00e8ge les donn\u00e9es sensibles et garantit l'int\u00e9grit\u00e9 du syst\u00e8me.\",\"breadcrumb\":{\"@id\":\"https:\\\/\\\/minakem.com\\\/fr\\\/cybersecurite\\\/#breadcrumb\"},\"inLanguage\":\"fr-FR\",\"potentialAction\":[{\"@type\":\"ReadAction\",\"target\":[\"https:\\\/\\\/minakem.com\\\/fr\\\/cybersecurite\\\/\"]}]},{\"@type\":\"BreadcrumbList\",\"@id\":\"https:\\\/\\\/minakem.com\\\/fr\\\/cybersecurite\\\/#breadcrumb\",\"itemListElement\":[{\"@type\":\"ListItem\",\"position\":1,\"name\":\"Home\",\"item\":\"https:\\\/\\\/minakem.com\\\/fr\\\/\"},{\"@type\":\"ListItem\",\"position\":2,\"name\":\"Cybers\u00e9curit\u00e9\"}]},{\"@type\":\"WebSite\",\"@id\":\"https:\\\/\\\/minakem.com\\\/fr\\\/#website\",\"url\":\"https:\\\/\\\/minakem.com\\\/fr\\\/\",\"name\":\"Minakem\",\"description\":\"\",\"publisher\":{\"@id\":\"https:\\\/\\\/minakem.com\\\/fr\\\/#organization\"},\"potentialAction\":[{\"@type\":\"SearchAction\",\"target\":{\"@type\":\"EntryPoint\",\"urlTemplate\":\"https:\\\/\\\/minakem.com\\\/fr\\\/?s={search_term_string}\"},\"query-input\":{\"@type\":\"PropertyValueSpecification\",\"valueRequired\":true,\"valueName\":\"search_term_string\"}}],\"inLanguage\":\"fr-FR\"},{\"@type\":\"Organization\",\"@id\":\"https:\\\/\\\/minakem.com\\\/fr\\\/#organization\",\"name\":\"Minakem\",\"url\":\"https:\\\/\\\/minakem.com\\\/fr\\\/\",\"logo\":{\"@type\":\"ImageObject\",\"inLanguage\":\"fr-FR\",\"@id\":\"https:\\\/\\\/minakem.com\\\/fr\\\/#\\\/schema\\\/logo\\\/image\\\/\",\"url\":\"https:\\\/\\\/minakem.com\\\/wp-content\\\/uploads\\\/2024\\\/12\\\/favicon.svg\",\"contentUrl\":\"https:\\\/\\\/minakem.com\\\/wp-content\\\/uploads\\\/2024\\\/12\\\/favicon.svg\",\"width\":\"1024\",\"height\":\"1024\",\"caption\":\"Minakem\"},\"image\":{\"@id\":\"https:\\\/\\\/minakem.com\\\/fr\\\/#\\\/schema\\\/logo\\\/image\\\/\"},\"sameAs\":[\"https:\\\/\\\/www.linkedin.com\\\/company\\\/minakem\\\/\"]}]}<\/script>\n<!-- \/ Yoast SEO Premium plugin. -->","yoast_head_json":{"title":"Cybers\u00e9curit\u00e9 et certification ISO 27001 | %.","description":"Minakem garantit une cybers\u00e9curit\u00e9 solide gr\u00e2ce \u00e0 la certification ISO 27001, qui prot\u00e8ge les donn\u00e9es sensibles et garantit l'int\u00e9grit\u00e9 du syst\u00e8me.","robots":{"index":"index","follow":"follow","max-snippet":"max-snippet:-1","max-image-preview":"max-image-preview:large","max-video-preview":"max-video-preview:-1"},"canonical":"https:\/\/minakem.com\/fr\/cybersecurite\/","og_locale":"fr_FR","og_type":"article","og_title":"Cybers\u00e9curit\u00e9","og_description":"Minakem garantit une cybers\u00e9curit\u00e9 solide gr\u00e2ce \u00e0 la certification ISO 27001, qui prot\u00e8ge les donn\u00e9es sensibles et garantit l'int\u00e9grit\u00e9 du syst\u00e8me.","og_url":"https:\/\/minakem.com\/fr\/cybersecurite\/","og_site_name":"Minakem","article_publisher":"https:\/\/www.linkedin.com\/company\/minakem\/","article_modified_time":"2025-12-29T09:25:20+00:00","twitter_card":"summary_large_image","twitter_misc":{"Dur\u00e9e de lecture estim\u00e9e":"2 minutes"},"schema":{"@context":"https:\/\/schema.org","@graph":[{"@type":"WebPage","@id":"https:\/\/minakem.com\/fr\/cybersecurite\/","url":"https:\/\/minakem.com\/fr\/cybersecurite\/","name":"Cybers\u00e9curit\u00e9 et certification ISO 27001 | %.","isPartOf":{"@id":"https:\/\/minakem.com\/fr\/#website"},"datePublished":"2025-02-07T15:25:37+00:00","dateModified":"2025-12-29T09:25:20+00:00","description":"Minakem garantit une cybers\u00e9curit\u00e9 solide gr\u00e2ce \u00e0 la certification ISO 27001, qui prot\u00e8ge les donn\u00e9es sensibles et garantit l'int\u00e9grit\u00e9 du syst\u00e8me.","breadcrumb":{"@id":"https:\/\/minakem.com\/fr\/cybersecurite\/#breadcrumb"},"inLanguage":"fr-FR","potentialAction":[{"@type":"ReadAction","target":["https:\/\/minakem.com\/fr\/cybersecurite\/"]}]},{"@type":"BreadcrumbList","@id":"https:\/\/minakem.com\/fr\/cybersecurite\/#breadcrumb","itemListElement":[{"@type":"ListItem","position":1,"name":"Home","item":"https:\/\/minakem.com\/fr\/"},{"@type":"ListItem","position":2,"name":"Cybers\u00e9curit\u00e9"}]},{"@type":"WebSite","@id":"https:\/\/minakem.com\/fr\/#website","url":"https:\/\/minakem.com\/fr\/","name":"Minakem","description":"","publisher":{"@id":"https:\/\/minakem.com\/fr\/#organization"},"potentialAction":[{"@type":"SearchAction","target":{"@type":"EntryPoint","urlTemplate":"https:\/\/minakem.com\/fr\/?s={search_term_string}"},"query-input":{"@type":"PropertyValueSpecification","valueRequired":true,"valueName":"search_term_string"}}],"inLanguage":"fr-FR"},{"@type":"Organization","@id":"https:\/\/minakem.com\/fr\/#organization","name":"Minakem","url":"https:\/\/minakem.com\/fr\/","logo":{"@type":"ImageObject","inLanguage":"fr-FR","@id":"https:\/\/minakem.com\/fr\/#\/schema\/logo\/image\/","url":"https:\/\/minakem.com\/wp-content\/uploads\/2024\/12\/favicon.svg","contentUrl":"https:\/\/minakem.com\/wp-content\/uploads\/2024\/12\/favicon.svg","width":"1024","height":"1024","caption":"Minakem"},"image":{"@id":"https:\/\/minakem.com\/fr\/#\/schema\/logo\/image\/"},"sameAs":["https:\/\/www.linkedin.com\/company\/minakem\/"]}]}},"_links":{"self":[{"href":"https:\/\/minakem.com\/fr\/wp-json\/wp\/v2\/pages\/28876","targetHints":{"allow":["GET"]}}],"collection":[{"href":"https:\/\/minakem.com\/fr\/wp-json\/wp\/v2\/pages"}],"about":[{"href":"https:\/\/minakem.com\/fr\/wp-json\/wp\/v2\/types\/page"}],"author":[{"embeddable":true,"href":"https:\/\/minakem.com\/fr\/wp-json\/wp\/v2\/users\/1"}],"replies":[{"embeddable":true,"href":"https:\/\/minakem.com\/fr\/wp-json\/wp\/v2\/comments?post=28876"}],"version-history":[{"count":10,"href":"https:\/\/minakem.com\/fr\/wp-json\/wp\/v2\/pages\/28876\/revisions"}],"predecessor-version":[{"id":29366,"href":"https:\/\/minakem.com\/fr\/wp-json\/wp\/v2\/pages\/28876\/revisions\/29366"}],"wp:attachment":[{"href":"https:\/\/minakem.com\/fr\/wp-json\/wp\/v2\/media?parent=28876"}],"curies":[{"name":"wp","href":"https:\/\/api.w.org\/{rel}","templated":true}]}}