{"id":28844,"date":"2025-02-26T11:45:18","date_gmt":"2025-02-26T10:45:18","guid":{"rendered":"https:\/\/minakem.com\/?page_id=28844"},"modified":"2025-12-29T10:46:55","modified_gmt":"2025-12-29T09:46:55","slug":"sciences-analytiques","status":"publish","type":"page","link":"https:\/\/minakem.com\/fr\/sciences-analytiques\/","title":{"rendered":"Sciences analytiques"},"content":{"rendered":"<section class=\"l-section wpb_row height_large\"><div class=\"l-section-h i-cf\"><div class=\"g-cols vc_row via_flex valign_top type_default reversed stacking_default\"><div class=\"vc_col-sm-6 wpb_column vc_column_container\"><div class=\"vc_column-inner\"><div class=\"wpb_wrapper\"><div class=\"wpb_text_column\"><div class=\"wpb_wrapper\"><h1>D\u00e9veloppement analytique : notre expertise<\/h1>\n<\/div><\/div><div class=\"w-separator size_medium\"><\/div><div class=\"wpb_text_column\"><div class=\"wpb_wrapper\"><p>Chez Minakem, notre \u00e9quipe de D\u00e9veloppement Analytique est un partenaire strat\u00e9gique essentiel pour votre Process Development.<\/p>\n<p>En collaborant \u00e9troitement avec vos scientifiques, nous concevons des m\u00e9thodes analytiques robustes et adapt\u00e9es, garantissant la fiabilit\u00e9 et la reproductibilit\u00e9 de vos r\u00e9sultats.<\/p>\n<p>Notre savoir-faire s&rsquo;\u00e9tend du profilage des impuret\u00e9s \u00e0 la quantification pr\u00e9cise des API (et HPAPI) et \u00e0 l&rsquo;\u00e9valuation rigoureuse de la stabilit\u00e9, pour une s\u00e9curit\u00e9 et une efficacit\u00e9 optimales.<\/p>\n<\/div><\/div><\/div><\/div><\/div><div class=\"vc_col-sm-6 wpb_column vc_column_container stretched\"><div class=\"vc_column-inner\"><div class=\"wpb_wrapper\"><div class=\"w-image us_custom_a61e2493 align_none\"><div class=\"w-image-h\"><img decoding=\"async\" width=\"2493\" height=\"1609\" src=\"https:\/\/minakem.com\/wp-content\/uploads\/2025\/03\/analytical-development.jpg\" class=\"attachment-full size-full\" alt=\"\" loading=\"lazy\" srcset=\"https:\/\/minakem.com\/wp-content\/uploads\/2025\/03\/analytical-development.jpg 2493w, https:\/\/minakem.com\/wp-content\/uploads\/2025\/03\/analytical-development-300x194.jpg 300w, https:\/\/minakem.com\/wp-content\/uploads\/2025\/03\/analytical-development-1024x661.jpg 1024w, https:\/\/minakem.com\/wp-content\/uploads\/2025\/03\/analytical-development-200x129.jpg 200w, https:\/\/minakem.com\/wp-content\/uploads\/2025\/03\/analytical-development-100x65.jpg 100w, https:\/\/minakem.com\/wp-content\/uploads\/2025\/03\/analytical-development-150x97.jpg 150w\" sizes=\"auto, (max-width: 2493px) 100vw, 2493px\" \/><\/div><\/div><\/div><\/div><\/div><\/div><\/div><\/section><section class=\"l-section wpb_row height_large\"><div class=\"l-section-overlay\" style=\"background:var(--color-custom)\"><\/div><div class=\"l-section-h i-cf\"><div class=\"g-cols vc_row via_flex valign_top type_default stacking_default\"><div class=\"vc_col-sm-6 wpb_column vc_column_container\"><div class=\"vc_column-inner\"><div class=\"wpb_wrapper\"><div class=\"w-image us_custom_a61e2493 align_none\"><div class=\"w-image-h\"><img decoding=\"async\" width=\"669\" height=\"674\" src=\"https:\/\/minakem.com\/wp-content\/uploads\/2025\/03\/analytical-approach.png\" class=\"attachment-large size-large\" alt=\"\" loading=\"lazy\" srcset=\"https:\/\/minakem.com\/wp-content\/uploads\/2025\/03\/analytical-approach.png 669w, https:\/\/minakem.com\/wp-content\/uploads\/2025\/03\/analytical-approach-298x300.png 298w, https:\/\/minakem.com\/wp-content\/uploads\/2025\/03\/analytical-approach-150x150.png 150w, https:\/\/minakem.com\/wp-content\/uploads\/2025\/03\/analytical-approach-60x60.png 60w, https:\/\/minakem.com\/wp-content\/uploads\/2025\/03\/analytical-approach-200x200.png 200w, https:\/\/minakem.com\/wp-content\/uploads\/2025\/03\/analytical-approach-100x100.png 100w\" sizes=\"auto, (max-width: 669px) 100vw, 669px\" \/><\/div><\/div><\/div><\/div><\/div><div class=\"vc_col-sm-6 wpb_column vc_column_container\"><div class=\"vc_column-inner\"><div class=\"wpb_wrapper\"><div class=\"wpb_text_column\"><div class=\"wpb_wrapper\"><h2>Une strat\u00e9gie analytique intelligente<\/h2>\n<\/div><\/div><div class=\"w-separator size_medium\"><\/div><div class=\"wpb_text_column\"><div class=\"wpb_wrapper\"><p>Notre approche analytique s&rsquo;articule autour d&rsquo;une Strat\u00e9gie de Contr\u00f4le Analytique \u00ab\u00a0Fit-for-Purpose\u00a0\u00bb, \u00e9labor\u00e9e en synergie avec nos experts en Affaires R\u00e9glementaires.<\/p>\n<p>Gr\u00e2ce \u00e0 une analyse de risque approfondie, nous adressons proactivement les pr\u00e9occupations r\u00e9glementaires cl\u00e9s : impuret\u00e9s g\u00e9notoxiques, nitrosamines et impuret\u00e9s \u00e9l\u00e9mentaires.<\/p>\n<p>Cette anticipation strat\u00e9gique facilite votre conformit\u00e9 et acc\u00e9l\u00e8re le processus d&rsquo;approbation.<\/p>\n<\/div><\/div><\/div><\/div><\/div><\/div><\/div><\/section><section class=\"l-section wpb_row us_custom_d8bcaa93 height_large\"><div class=\"l-section-overlay\" style=\"background:linear-gradient(90deg,#193464,rgba(84,84,84,0.00))\"><\/div><div class=\"l-section-h i-cf\"><div class=\"g-cols vc_row via_flex valign_top type_default stacking_default\"><div class=\"vc_col-sm-12 wpb_column vc_column_container\"><div class=\"vc_column-inner\"><div class=\"wpb_wrapper\"><div class=\"w-separator size_large\"><\/div><div class=\"g-cols wpb_row via_flex valign_top type_default stacking_default\"><div class=\"vc_col-sm-6 wpb_column vc_column_container\"><div class=\"vc_column-inner\"><div class=\"wpb_wrapper\"><div class=\"wpb_text_column us_custom_cb349538 has_text_color\"><div class=\"wpb_wrapper\"><h2>\u00c9tudes de stabilit\u00e9 : notre engagement pour la qualit\u00e9 durable de vos produits.<\/h2>\n<\/div><\/div><div class=\"w-separator size_medium\"><\/div><div class=\"wpb_text_column us_custom_d3a79356 has_text_color\"><div class=\"wpb_wrapper\"><p>Nous r\u00e9alisons des \u00e9tudes de stabilit\u00e9 compl\u00e8tes pour d\u00e9terminer la dur\u00e9e de vie de vos API (petites mol\u00e9cules) et identifier les potentielles d\u00e9gradations via des \u00e9tudes de d\u00e9gradation forc\u00e9e.<\/p>\n<p>Notre objectif : garantir la p\u00e9rennit\u00e9 de l&rsquo;int\u00e9grit\u00e9 et de la qualit\u00e9 de vos produits pharmaceutiques.<\/p>\n<\/div><\/div><\/div><\/div><\/div><div class=\"vc_col-sm-6 wpb_column vc_column_container\"><div class=\"vc_column-inner\"><div class=\"wpb_wrapper\"><\/div><\/div><\/div><\/div><div class=\"w-separator size_large\"><\/div><\/div><\/div><\/div><\/div><\/div><\/section><section class=\"l-section wpb_row height_large\"><div class=\"l-section-h i-cf\"><div class=\"g-cols vc_row via_flex valign_top type_default stacking_default\"><div class=\"vc_col-sm-6 wpb_column vc_column_container\"><div class=\"vc_column-inner\"><div class=\"wpb_wrapper\"><div class=\"wpb_text_column\"><div class=\"wpb_wrapper\"><h2>Validation de process :<br \/>\nun travail d&rsquo;\u00e9quipe analytique<\/h2>\n<\/div><\/div><div class=\"w-separator size_medium\"><\/div><div class=\"wpb_text_column\"><div class=\"wpb_wrapper\"><p>Lors de la phase critique de validation de process, nos \u00e9quipes de D\u00e9veloppement Analytique et de Contr\u00f4le Qualit\u00e9 unissent leurs forces pour assurer une transition industrielle sans heurt.<\/p>\n<p>La validation conjointe des m\u00e9thodes analytiques et des processus de fabrication est la cl\u00e9 d&rsquo;une production constante et conforme aux sp\u00e9cifications.<\/p>\n<\/div><\/div><\/div><\/div><\/div><div class=\"vc_col-sm-6 wpb_column vc_column_container stretched\"><div class=\"vc_column-inner\"><div class=\"wpb_wrapper\"><div class=\"w-image us_custom_a61e2493 align_none\"><div class=\"w-image-h\"><img decoding=\"async\" width=\"669\" height=\"674\" src=\"https:\/\/minakem.com\/wp-content\/uploads\/2025\/02\/minakem-history-future.png\" class=\"attachment-large size-large\" alt=\"\" loading=\"lazy\" srcset=\"https:\/\/minakem.com\/wp-content\/uploads\/2025\/02\/minakem-history-future.png 669w, https:\/\/minakem.com\/wp-content\/uploads\/2025\/02\/minakem-history-future-298x300.png 298w, https:\/\/minakem.com\/wp-content\/uploads\/2025\/02\/minakem-history-future-150x150.png 150w, https:\/\/minakem.com\/wp-content\/uploads\/2025\/02\/minakem-history-future-60x60.png 60w, https:\/\/minakem.com\/wp-content\/uploads\/2025\/02\/minakem-history-future-200x200.png 200w, https:\/\/minakem.com\/wp-content\/uploads\/2025\/02\/minakem-history-future-100x100.png 100w\" sizes=\"auto, (max-width: 669px) 100vw, 669px\" \/><\/div><\/div><\/div><\/div><\/div><\/div><\/div><\/section><section class=\"l-section wpb_row height_large\"><div class=\"l-section-overlay\" style=\"background:var(--color-wblue)\"><\/div><div class=\"l-section-h i-cf\"><div class=\"g-cols vc_row via_flex valign_top type_default stacking_default\"><div class=\"vc_col-sm-12 wpb_column vc_column_container\"><div class=\"vc_column-inner\"><div class=\"wpb_wrapper\"><div class=\"wpb_text_column us_custom_07900aad\"><div class=\"wpb_wrapper\"><p><strong>Support r\u00e9glementaire pointu : des donn\u00e9es analytiques solides pour vos succ\u00e8s.<br \/>\n<\/strong><\/p>\n<p>Nous vous fournissons des donn\u00e9es analytiques exhaustives et fiables pour vos soumissions r\u00e9glementaires : \u00e9tudes de solubilit\u00e9, hygroscopicit\u00e9, caract\u00e9risation de la forme solide et profilage physicochimique.<\/p>\n<p>Notre parfaite connaissance des directives internationales (EDQM, FDA, ICH) est un atout majeur pour l&rsquo;approbation et la commercialisation de vos m\u00e9dicaments.<\/p>\n<\/div><\/div><\/div><\/div><\/div><\/div><\/div><\/section><section class=\"l-section wpb_row height_large with_img parallax_ver\"><div class=\"l-section-img\" role=\"img\" aria-label=\"Image\" data-img-width=\"1500\" data-img-height=\"857\" style=\"background-image: url(https:\/\/minakem.com\/wp-content\/uploads\/2025\/02\/molecules.jpg);background-repeat: no-repeat;\"><\/div><div class=\"l-section-h i-cf\"><div class=\"g-cols vc_row via_flex valign_top type_default stacking_default\"><div class=\"vc_col-sm-12 wpb_column vc_column_container\"><div class=\"vc_column-inner\"><div class=\"wpb_wrapper\"><div class=\"w-separator size_large\"><\/div><\/div><\/div><\/div><\/div><\/div><\/section><section class=\"l-section wpb_row height_large\"><div class=\"l-section-h i-cf\"><div class=\"g-cols vc_row via_flex valign_top type_default stacking_default\"><div class=\"vc_col-sm-12 wpb_column vc_column_container\"><div class=\"vc_column-inner type_sticky\"><div class=\"wpb_wrapper\"><div class=\"g-cols wpb_row via_flex valign_top type_default stacking_default\"><div class=\"vc_col-sm-8 wpb_column vc_column_container\"><div class=\"vc_column-inner\"><div class=\"wpb_wrapper\"><div class=\"wpb_text_column\"><div class=\"wpb_wrapper\"><h2>Un centre d&rsquo;cxcellence analytique<br \/>\npour acc\u00e9l\u00e9rer votre R&amp;D.<\/h2>\n<\/div><\/div><div class=\"w-separator size_medium\"><\/div><div class=\"wpb_text_column\"><div class=\"wpb_wrapper\"><p>Notre laboratoire de D\u00e9veloppement Analytique de pointe est \u00e9quip\u00e9 pour accompagner votre R&amp;D des proc\u00e9d\u00e9s, de l&rsquo;\u00e9chelle laboratoire \u00e0 la production commerciale, pour les API et HPAPI.<\/p>\n<\/div><\/div><\/div><\/div><\/div><div class=\"vc_col-sm-4 wpb_column vc_column_container\"><div class=\"vc_column-inner\"><div class=\"wpb_wrapper\"><\/div><\/div><\/div><\/div><div class=\"w-separator size_medium\"><\/div><div class=\"wpb_text_column\"><div class=\"wpb_wrapper\"><h3>Nos capacit\u00e9s comprennent un large \u00e9ventail de techniques analytiques :<\/h3>\n<\/div><\/div><div class=\"w-separator size_medium\"><\/div><\/div><\/div><\/div><div class=\"vc_col-sm-4 wpb_column vc_column_container\"><div class=\"vc_column-inner\"><div class=\"wpb_wrapper\"><div class=\"g-cols wpb_row us_custom_e8ba4e8d has_text_color via_flex valign_middle type_default stacking_default\"><div class=\"vc_col-sm-12 wpb_column vc_column_container\"><div class=\"vc_column-inner\"><div class=\"wpb_wrapper\"><div class=\"wpb_text_column us_custom_2460c0cc\"><div class=\"wpb_wrapper\"><p><strong>Solvatation et l&rsquo;Analyse Thermique<\/strong><br \/>\nTGA, Vacuum Oven, Halogen Dryer, KF et oven KF<\/p>\n<\/div><\/div><\/div><\/div><\/div><\/div><\/div><\/div><\/div><div class=\"vc_col-sm-4 wpb_column vc_column_container\"><div class=\"vc_column-inner\"><div class=\"wpb_wrapper\"><div class=\"g-cols wpb_row us_custom_053f1536 has_text_color via_flex valign_middle type_default stacking_default\"><div class=\"vc_col-sm-12 wpb_column vc_column_container\"><div class=\"vc_column-inner\"><div class=\"wpb_wrapper\"><div class=\"wpb_text_column us_custom_2460c0cc\"><div class=\"wpb_wrapper\"><p><strong>Chromatographie avanc\u00e9e<\/strong><br \/>\nHPLC\/UPLC, IC, GC, GC-HS<\/p>\n<\/div><\/div><\/div><\/div><\/div><\/div><\/div><\/div><\/div><div class=\"vc_col-sm-4 wpb_column vc_column_container\"><div class=\"vc_column-inner\"><div class=\"wpb_wrapper\"><div class=\"g-cols wpb_row us_custom_affbba21 has_text_color via_flex valign_middle type_default stacking_default\"><div class=\"vc_col-sm-12 wpb_column vc_column_container\"><div class=\"vc_column-inner\"><div class=\"wpb_wrapper\"><div class=\"wpb_text_column us_custom_2460c0cc\"><div class=\"wpb_wrapper\"><p><strong> Spectrom\u00e9trie multi-techniques\u00a0<\/strong><br \/>\nFTIR, NMR, UV-visible, refractometer,<br \/>\npolarimeter, ICP-OES<\/p>\n<\/div><\/div><\/div><\/div><\/div><\/div><\/div><\/div><\/div><div class=\"vc_col-sm-12 wpb_column vc_column_container\"><div class=\"vc_column-inner\"><div class=\"wpb_wrapper\"><div class=\"w-separator size_medium\"><\/div><div class=\"g-cols wpb_row us_custom_fc8f29cf via_flex valign_middle type_default stacking_default\"><div class=\"vc_col-sm-6 wpb_column vc_column_container has_bg_color\"><div class=\"vc_column-inner us_custom_8ad05def\"><div class=\"wpb_wrapper\"><div class=\"wpb_text_column\"><div class=\"wpb_wrapper\"><p>Pour am\u00e9liorer la compr\u00e9hension du processus pendant la phase de R&amp;D, nous utilisons des technologies analytiques de pointe, notamment :<\/p>\n<ul>\n<li>Spectrom\u00e9trie de Masse<\/li>\n<li>C-MS, GC-MS, HRMS<\/li>\n<li>ICP-MS<\/li>\n<li>XRPD<\/li>\n<\/ul>\n<\/div><\/div><\/div><\/div><\/div><div class=\"vc_col-sm-6 wpb_column vc_column_container has_bg_color\"><div class=\"vc_column-inner us_custom_3e840597\"><div class=\"wpb_wrapper\"><div class=\"wpb_text_column\"><div class=\"wpb_wrapper\"><h2>Minakem : votre alli\u00e9 analytique<\/h2>\n<\/div><\/div><div class=\"wpb_text_column\"><div class=\"wpb_wrapper\"><p>Notre approche de d\u00e9veloppement analytique int\u00e9gr\u00e9e est con\u00e7ue pour fluidifier le parcours de vos projets pharmaceutiques, de la R&amp;D \u00e0 la commercialisation, avec un engagement constant envers la qualit\u00e9, la conformit\u00e9 et l&rsquo;innovation.<\/p>\n<\/div><\/div><\/div><\/div><\/div><\/div><\/div><\/div><\/div><\/div><\/div><\/section>\n","protected":false},"excerpt":{"rendered":"D\u00e9veloppement analytique : notre expertise Chez Minakem, notre \u00e9quipe de D\u00e9veloppement Analytique est un partenaire strat\u00e9gique essentiel pour votre Process Development. En collaborant \u00e9troitement avec vos scientifiques, nous concevons des m\u00e9thodes analytiques robustes et adapt\u00e9es, garantissant la fiabilit\u00e9 et la reproductibilit\u00e9 de vos r\u00e9sultats. Notre savoir-faire s&rsquo;\u00e9tend du profilage des impuret\u00e9s \u00e0 la quantification pr\u00e9cise...","protected":false},"author":1,"featured_media":0,"parent":0,"menu_order":0,"comment_status":"closed","ping_status":"closed","template":"","meta":{"_acf_changed":false,"footnotes":""},"class_list":["post-28844","page","type-page","status-publish","hentry"],"acf":[],"yoast_head":"<!-- This site is optimized with the Yoast SEO Premium plugin v27.3 (Yoast SEO v27.3) - https:\/\/yoast.com\/product\/yoast-seo-premium-wordpress\/ -->\n<title>Sciences analytiques | Minakem<\/title>\n<meta name=\"robots\" content=\"index, follow, max-snippet:-1, max-image-preview:large, max-video-preview:-1\" \/>\n<link rel=\"canonical\" href=\"https:\/\/minakem.com\/fr\/sciences-analytiques\/\" \/>\n<meta property=\"og:locale\" content=\"fr_FR\" \/>\n<meta property=\"og:type\" content=\"article\" \/>\n<meta property=\"og:title\" content=\"Sciences analytiques\" \/>\n<meta property=\"og:url\" content=\"https:\/\/minakem.com\/fr\/sciences-analytiques\/\" \/>\n<meta property=\"og:site_name\" content=\"Minakem\" \/>\n<meta property=\"article:publisher\" content=\"https:\/\/www.linkedin.com\/company\/minakem\/\" \/>\n<meta property=\"article:modified_time\" content=\"2025-12-29T09:46:55+00:00\" \/>\n<meta name=\"twitter:card\" content=\"summary_large_image\" \/>\n<meta name=\"twitter:label1\" content=\"Dur\u00e9e de lecture estim\u00e9e\" \/>\n\t<meta name=\"twitter:data1\" content=\"3 minutes\" \/>\n<script type=\"application\/ld+json\" class=\"yoast-schema-graph\">{\"@context\":\"https:\\\/\\\/schema.org\",\"@graph\":[{\"@type\":\"WebPage\",\"@id\":\"https:\\\/\\\/minakem.com\\\/fr\\\/sciences-analytiques\\\/\",\"url\":\"https:\\\/\\\/minakem.com\\\/fr\\\/sciences-analytiques\\\/\",\"name\":\"Sciences analytiques | Minakem\",\"isPartOf\":{\"@id\":\"https:\\\/\\\/minakem.com\\\/fr\\\/#website\"},\"datePublished\":\"2025-02-26T10:45:18+00:00\",\"dateModified\":\"2025-12-29T09:46:55+00:00\",\"breadcrumb\":{\"@id\":\"https:\\\/\\\/minakem.com\\\/fr\\\/sciences-analytiques\\\/#breadcrumb\"},\"inLanguage\":\"fr-FR\",\"potentialAction\":[{\"@type\":\"ReadAction\",\"target\":[\"https:\\\/\\\/minakem.com\\\/fr\\\/sciences-analytiques\\\/\"]}]},{\"@type\":\"BreadcrumbList\",\"@id\":\"https:\\\/\\\/minakem.com\\\/fr\\\/sciences-analytiques\\\/#breadcrumb\",\"itemListElement\":[{\"@type\":\"ListItem\",\"position\":1,\"name\":\"Home\",\"item\":\"https:\\\/\\\/minakem.com\\\/fr\\\/\"},{\"@type\":\"ListItem\",\"position\":2,\"name\":\"Sciences analytiques\"}]},{\"@type\":\"WebSite\",\"@id\":\"https:\\\/\\\/minakem.com\\\/fr\\\/#website\",\"url\":\"https:\\\/\\\/minakem.com\\\/fr\\\/\",\"name\":\"Minakem\",\"description\":\"\",\"publisher\":{\"@id\":\"https:\\\/\\\/minakem.com\\\/fr\\\/#organization\"},\"potentialAction\":[{\"@type\":\"SearchAction\",\"target\":{\"@type\":\"EntryPoint\",\"urlTemplate\":\"https:\\\/\\\/minakem.com\\\/fr\\\/?s={search_term_string}\"},\"query-input\":{\"@type\":\"PropertyValueSpecification\",\"valueRequired\":true,\"valueName\":\"search_term_string\"}}],\"inLanguage\":\"fr-FR\"},{\"@type\":\"Organization\",\"@id\":\"https:\\\/\\\/minakem.com\\\/fr\\\/#organization\",\"name\":\"Minakem\",\"url\":\"https:\\\/\\\/minakem.com\\\/fr\\\/\",\"logo\":{\"@type\":\"ImageObject\",\"inLanguage\":\"fr-FR\",\"@id\":\"https:\\\/\\\/minakem.com\\\/fr\\\/#\\\/schema\\\/logo\\\/image\\\/\",\"url\":\"https:\\\/\\\/minakem.com\\\/wp-content\\\/uploads\\\/2024\\\/12\\\/favicon.svg\",\"contentUrl\":\"https:\\\/\\\/minakem.com\\\/wp-content\\\/uploads\\\/2024\\\/12\\\/favicon.svg\",\"width\":\"1024\",\"height\":\"1024\",\"caption\":\"Minakem\"},\"image\":{\"@id\":\"https:\\\/\\\/minakem.com\\\/fr\\\/#\\\/schema\\\/logo\\\/image\\\/\"},\"sameAs\":[\"https:\\\/\\\/www.linkedin.com\\\/company\\\/minakem\\\/\"]}]}<\/script>\n<!-- \/ Yoast SEO Premium plugin. -->","yoast_head_json":{"title":"Sciences analytiques | Minakem","robots":{"index":"index","follow":"follow","max-snippet":"max-snippet:-1","max-image-preview":"max-image-preview:large","max-video-preview":"max-video-preview:-1"},"canonical":"https:\/\/minakem.com\/fr\/sciences-analytiques\/","og_locale":"fr_FR","og_type":"article","og_title":"Sciences analytiques","og_url":"https:\/\/minakem.com\/fr\/sciences-analytiques\/","og_site_name":"Minakem","article_publisher":"https:\/\/www.linkedin.com\/company\/minakem\/","article_modified_time":"2025-12-29T09:46:55+00:00","twitter_card":"summary_large_image","twitter_misc":{"Dur\u00e9e de lecture estim\u00e9e":"3 minutes"},"schema":{"@context":"https:\/\/schema.org","@graph":[{"@type":"WebPage","@id":"https:\/\/minakem.com\/fr\/sciences-analytiques\/","url":"https:\/\/minakem.com\/fr\/sciences-analytiques\/","name":"Sciences analytiques | Minakem","isPartOf":{"@id":"https:\/\/minakem.com\/fr\/#website"},"datePublished":"2025-02-26T10:45:18+00:00","dateModified":"2025-12-29T09:46:55+00:00","breadcrumb":{"@id":"https:\/\/minakem.com\/fr\/sciences-analytiques\/#breadcrumb"},"inLanguage":"fr-FR","potentialAction":[{"@type":"ReadAction","target":["https:\/\/minakem.com\/fr\/sciences-analytiques\/"]}]},{"@type":"BreadcrumbList","@id":"https:\/\/minakem.com\/fr\/sciences-analytiques\/#breadcrumb","itemListElement":[{"@type":"ListItem","position":1,"name":"Home","item":"https:\/\/minakem.com\/fr\/"},{"@type":"ListItem","position":2,"name":"Sciences analytiques"}]},{"@type":"WebSite","@id":"https:\/\/minakem.com\/fr\/#website","url":"https:\/\/minakem.com\/fr\/","name":"Minakem","description":"","publisher":{"@id":"https:\/\/minakem.com\/fr\/#organization"},"potentialAction":[{"@type":"SearchAction","target":{"@type":"EntryPoint","urlTemplate":"https:\/\/minakem.com\/fr\/?s={search_term_string}"},"query-input":{"@type":"PropertyValueSpecification","valueRequired":true,"valueName":"search_term_string"}}],"inLanguage":"fr-FR"},{"@type":"Organization","@id":"https:\/\/minakem.com\/fr\/#organization","name":"Minakem","url":"https:\/\/minakem.com\/fr\/","logo":{"@type":"ImageObject","inLanguage":"fr-FR","@id":"https:\/\/minakem.com\/fr\/#\/schema\/logo\/image\/","url":"https:\/\/minakem.com\/wp-content\/uploads\/2024\/12\/favicon.svg","contentUrl":"https:\/\/minakem.com\/wp-content\/uploads\/2024\/12\/favicon.svg","width":"1024","height":"1024","caption":"Minakem"},"image":{"@id":"https:\/\/minakem.com\/fr\/#\/schema\/logo\/image\/"},"sameAs":["https:\/\/www.linkedin.com\/company\/minakem\/"]}]}},"_links":{"self":[{"href":"https:\/\/minakem.com\/fr\/wp-json\/wp\/v2\/pages\/28844","targetHints":{"allow":["GET"]}}],"collection":[{"href":"https:\/\/minakem.com\/fr\/wp-json\/wp\/v2\/pages"}],"about":[{"href":"https:\/\/minakem.com\/fr\/wp-json\/wp\/v2\/types\/page"}],"author":[{"embeddable":true,"href":"https:\/\/minakem.com\/fr\/wp-json\/wp\/v2\/users\/1"}],"replies":[{"embeddable":true,"href":"https:\/\/minakem.com\/fr\/wp-json\/wp\/v2\/comments?post=28844"}],"version-history":[{"count":8,"href":"https:\/\/minakem.com\/fr\/wp-json\/wp\/v2\/pages\/28844\/revisions"}],"predecessor-version":[{"id":29376,"href":"https:\/\/minakem.com\/fr\/wp-json\/wp\/v2\/pages\/28844\/revisions\/29376"}],"wp:attachment":[{"href":"https:\/\/minakem.com\/fr\/wp-json\/wp\/v2\/media?parent=28844"}],"curies":[{"name":"wp","href":"https:\/\/api.w.org\/{rel}","templated":true}]}}